{"id":947,"date":"2026-02-20T21:08:19","date_gmt":"2026-02-20T21:08:19","guid":{"rendered":"https:\/\/pierrick-dufray.eurosof.de\/?page_id=947"},"modified":"2026-02-28T15:44:41","modified_gmt":"2026-02-28T15:44:41","slug":"die-tochter-des-wesirs","status":"publish","type":"page","link":"https:\/\/pierrick-dufray.eurosof.de\/fr\/die-tochter-des-wesirs\/","title":{"rendered":"La Fille du Vizir"},"content":{"rendered":"\n<p class=\"has-text-align-center\">Traduit de <em>A Vizier\u2019s Daughter<\/em><br>Original \u00e9crit par LILLIAS HAMILTON<br>Illustr\u00e9 PAR ETHEL B. HOPE<br>Traduit de l\u2019anglais \u00e0 partir de l\u2019\u00e9dition originale de 1900, \u00e9dit\u00e9e par<br>John Murray, London, Albemarle Street<\/p>\n\n\n\n<div data-wp-interactive=\"core\/file\" class=\"wp-block-file\"><object data-wp-bind--hidden=\"!state.hasPdfPreview\" hidden class=\"wp-block-file__embed\" data=\"https:\/\/pierrick-dufray.eurosof.de\/wp-content\/uploads\/2026\/02\/preface_WP.pdf\" type=\"application\/pdf\" style=\"width:100%;height:600px\" aria-label=\"Contenu embarqu\u00e9 preface_WP.\"><\/object><a id=\"wp-block-file--media-2d639748-a336-4b9c-b442-06559835acb7\" href=\"https:\/\/pierrick-dufray.eurosof.de\/wp-content\/uploads\/2026\/02\/preface_WP.pdf\">preface_WP<\/a><a href=\"https:\/\/pierrick-dufray.eurosof.de\/wp-content\/uploads\/2026\/02\/preface_WP.pdf\" class=\"wp-block-file__button wp-element-button\" download aria-describedby=\"wp-block-file--media-2d639748-a336-4b9c-b442-06559835acb7\">Herunterladen<\/a><\/div>\n\n\n\n<figure class=\"wp-block-embed is-type-rich is-provider-amazon wp-block-embed-amazon\"><div class=\"wp-block-embed__wrapper\">\n<iframe loading=\"lazy\" title=\"La Fille du Vizir: UN CONTE DE LA GUERRE DU HAZARA\" type=\"text\/html\" width=\"525\" height=\"550\" frameborder=\"0\" allowfullscreen style=\"max-width:100%\" src=\"https:\/\/lire.amazon.fr\/kp\/card?preview=inline&#038;linkCode=kpd&#038;ref_=k4w_oembed_wkZHCbgZl7d5Ce&#038;asin=B0GJ7NQCP6&#038;tag=kpembed-20\"><\/iframe>\n<\/div><\/figure>\n","protected":false},"excerpt":{"rendered":"<p>Traduit de A Vizier\u2019s DaughterOriginal \u00e9crit par LILLIAS HAMILTONIllustr\u00e9 PAR ETHEL B. HOPETraduit de l\u2019anglais \u00e0 partir de l\u2019\u00e9dition originale de 1900, \u00e9dit\u00e9e parJohn Murray, London, Albemarle Street<\/p>\n","protected":false},"author":1,"featured_media":0,"parent":0,"menu_order":0,"comment_status":"open","ping_status":"closed","template":"","meta":{"_monsterinsights_skip_tracking":false,"_monsterinsights_sitenote_active":false,"_monsterinsights_sitenote_note":"","_monsterinsights_sitenote_category":0,"footnotes":""},"class_list":["post-947","page","type-page","status-publish","hentry"],"translation":{"provider":"WPGlobus","version":"3.0.2","language":"fr","enabled_languages":["de","fr","en"],"languages":{"de":{"title":true,"content":true,"excerpt":false},"fr":{"title":true,"content":true,"excerpt":false},"en":{"title":true,"content":true,"excerpt":false}}},"aioseo_notices":[],"_links":{"self":[{"href":"https:\/\/pierrick-dufray.eurosof.de\/fr\/wp-json\/wp\/v2\/pages\/947","targetHints":{"allow":["GET"]}}],"collection":[{"href":"https:\/\/pierrick-dufray.eurosof.de\/fr\/wp-json\/wp\/v2\/pages"}],"about":[{"href":"https:\/\/pierrick-dufray.eurosof.de\/fr\/wp-json\/wp\/v2\/types\/page"}],"author":[{"embeddable":true,"href":"https:\/\/pierrick-dufray.eurosof.de\/fr\/wp-json\/wp\/v2\/users\/1"}],"replies":[{"embeddable":true,"href":"https:\/\/pierrick-dufray.eurosof.de\/fr\/wp-json\/wp\/v2\/comments?post=947"}],"version-history":[{"count":7,"href":"https:\/\/pierrick-dufray.eurosof.de\/fr\/wp-json\/wp\/v2\/pages\/947\/revisions"}],"predecessor-version":[{"id":1272,"href":"https:\/\/pierrick-dufray.eurosof.de\/fr\/wp-json\/wp\/v2\/pages\/947\/revisions\/1272"}],"wp:attachment":[{"href":"https:\/\/pierrick-dufray.eurosof.de\/fr\/wp-json\/wp\/v2\/media?parent=947"}],"curies":[{"name":"wp","href":"https:\/\/api.w.org\/{rel}","templated":true}]}}