{"id":929,"date":"2026-02-20T18:40:37","date_gmt":"2026-02-20T18:40:37","guid":{"rendered":"https:\/\/pierrick-dufray.eurosof.de\/?page_id=929"},"modified":"2026-02-28T15:43:35","modified_gmt":"2026-02-28T15:43:35","slug":"carl-ritter-2","status":"publish","type":"page","link":"https:\/\/pierrick-dufray.eurosof.de\/fr\/carl-ritter-2\/","title":{"rendered":"Carl Ritter"},"content":{"rendered":"\n<p class=\"has-text-align-center\"><strong><em>Les Stupas<br>ou<br>Les monuments architecturaux sur la route royale indo-bactrienne<br>et<br>Les Colosses de Bamiyan<\/em><\/strong><br><br>Traduit de l\u2018Allemand, r\u00e9vis\u00e9 et annot\u00e9 par Pierrick Dufray<\/p>\n\n\n\n<p class=\"has-text-align-center\">Lorsque, au d\u00e9but du XIXe si\u00e8cle, des voyageurs et des scientifiques d\u00e9couvrent les bouddhas de Bamiyan et de tr\u00e8s nombreux stupas le long de la route indo-bactrienne et publient leurs premiers rapports, Carl Ritter comprend imm\u00e9diatement qu&rsquo;ils t\u00e9moignent d&rsquo;un ph\u00e9nom\u00e8ne historique mondial qui \u00e9tait jusqu&rsquo;alors pass\u00e9 presque inaper\u00e7u, une p\u00e9riode culturelle disparue qui s\u2019est \u00e9tendue pendant plusieurs si\u00e8cles avant et apr\u00e8s notre \u00e8re.<br>Carl Ritter d\u00e9crit, avec une tr\u00e8s grande rigueur scientifique, comment il analyse, \u00e9value et classe tous ces rapports, histoires et dessins et met clairement en \u00e9vidence les liens entre ces monuments et le bouddhisme ainsi qu\u2019avec la culture hell\u00e9nique, qui s\u2019est particuli\u00e8rement d\u00e9velopp\u00e9e et r\u00e9pandue dans ces r\u00e9gions \u00e0 l&rsquo;\u00e9poque mac\u00e9donienne.<br>Un remarquable travail scientifique r\u00e9alis\u00e9 en 1838 par l\u2019exceptionnel scientifique allemand Carl Ritter.<\/p>\n\n\n\n<figure class=\"wp-block-embed is-type-rich is-provider-amazon wp-block-embed-amazon\"><div class=\"wp-block-embed__wrapper\">\n<iframe loading=\"lazy\" title=\"Stupas indobactriens et les Colosses de Bamiyan\" type=\"text\/html\" width=\"525\" height=\"550\" frameborder=\"0\" allowfullscreen style=\"max-width:100%\" src=\"https:\/\/lire.amazon.fr\/kp\/card?preview=inline&#038;linkCode=kpd&#038;ref_=k4w_oembed_xSQylr34MUbHGs&#038;asin=B0FMR7419Q&#038;tag=kpembed-20\"><\/iframe>\n<\/div><\/figure>\n","protected":false},"excerpt":{"rendered":"<p>Les StupasouLes monuments architecturaux sur la route royale indo-bactrienneetLes Colosses de Bamiyan Traduit de l\u2018Allemand, r\u00e9vis\u00e9 et annot\u00e9 par Pierrick Dufray Lorsque, au d\u00e9but du XIXe si\u00e8cle, des voyageurs et des scientifiques d\u00e9couvrent les bouddhas de Bamiyan et de tr\u00e8s nombreux stupas le long de la route indo-bactrienne et publient leurs premiers rapports, Carl Ritter &hellip; <\/p>\n<p class=\"link-more\"><a href=\"https:\/\/pierrick-dufray.eurosof.de\/fr\/carl-ritter-2\/\" class=\"more-link\">Continuer la lecture<span class=\"screen-reader-text\"> de &laquo;&nbsp;Carl Ritter&nbsp;&raquo;<\/span><\/a><\/p>\n","protected":false},"author":1,"featured_media":0,"parent":0,"menu_order":0,"comment_status":"open","ping_status":"closed","template":"","meta":{"_monsterinsights_skip_tracking":false,"_monsterinsights_sitenote_active":false,"_monsterinsights_sitenote_note":"","_monsterinsights_sitenote_category":0,"footnotes":""},"class_list":["post-929","page","type-page","status-publish","hentry"],"translation":{"provider":"WPGlobus","version":"3.0.2","language":"fr","enabled_languages":["de","fr","en"],"languages":{"de":{"title":true,"content":true,"excerpt":false},"fr":{"title":true,"content":true,"excerpt":false},"en":{"title":true,"content":true,"excerpt":false}}},"aioseo_notices":[],"_links":{"self":[{"href":"https:\/\/pierrick-dufray.eurosof.de\/fr\/wp-json\/wp\/v2\/pages\/929","targetHints":{"allow":["GET"]}}],"collection":[{"href":"https:\/\/pierrick-dufray.eurosof.de\/fr\/wp-json\/wp\/v2\/pages"}],"about":[{"href":"https:\/\/pierrick-dufray.eurosof.de\/fr\/wp-json\/wp\/v2\/types\/page"}],"author":[{"embeddable":true,"href":"https:\/\/pierrick-dufray.eurosof.de\/fr\/wp-json\/wp\/v2\/users\/1"}],"replies":[{"embeddable":true,"href":"https:\/\/pierrick-dufray.eurosof.de\/fr\/wp-json\/wp\/v2\/comments?post=929"}],"version-history":[{"count":10,"href":"https:\/\/pierrick-dufray.eurosof.de\/fr\/wp-json\/wp\/v2\/pages\/929\/revisions"}],"predecessor-version":[{"id":1271,"href":"https:\/\/pierrick-dufray.eurosof.de\/fr\/wp-json\/wp\/v2\/pages\/929\/revisions\/1271"}],"wp:attachment":[{"href":"https:\/\/pierrick-dufray.eurosof.de\/fr\/wp-json\/wp\/v2\/media?parent=929"}],"curies":[{"name":"wp","href":"https:\/\/api.w.org\/{rel}","templated":true}]}}