{"id":837,"date":"2026-02-19T22:58:36","date_gmt":"2026-02-19T22:58:36","guid":{"rendered":"https:\/\/pierrick-dufray.eurosof.de\/?page_id=837"},"modified":"2026-02-20T16:36:28","modified_gmt":"2026-02-20T16:36:28","slug":"artikeln","status":"publish","type":"page","link":"https:\/\/pierrick-dufray.eurosof.de\/fr\/artikeln\/","title":{"rendered":"Articles"},"content":{"rendered":"\n<p><a href=\"https:\/\/pierrick-dufray.eurosof.de\/fr\/artaud-meets-beats\/\" title=\"Artaud meets Beats publi\u00e9 le 11.01.2025 dans Echo Antonin Artaud No. 11\"><strong><em>Artaud meets Beats<\/em><\/strong> publi\u00e9 le 11.01.2025 dans <strong>Echo Antonin Artaud No. 11<\/strong><\/a><\/p>\n\n\n\n<p><a href=\"https:\/\/pierrick-dufray.eurosof.de\/fr\/anais-nin-et-artaud\/\" title=\"\"><strong><em>Antonin Artaud et Ana\u00efs Nin<\/em><\/strong> publi\u00e9 le 11.04.2025 dans <strong>Echo Antonin Artaud No. 12<\/strong><\/a><\/p>\n\n\n\n<p><strong><em>Lettre \u00e0 Bruce Chatwin<\/em><\/strong> publi\u00e9  en 2026 dans <strong>Bamiyan, la vall\u00e9e d\u00e9figur\u00e9e<\/strong><\/p>\n\n\n\n<p><\/p>\n","protected":false},"excerpt":{"rendered":"<p>Artaud meets Beats publi\u00e9 le 11.01.2025 dans Echo Antonin Artaud No. 11 Antonin Artaud et Ana\u00efs Nin publi\u00e9 le 11.04.2025 dans Echo Antonin Artaud No. 12 Lettre \u00e0 Bruce Chatwin publi\u00e9 en 2026 dans Bamiyan, la vall\u00e9e d\u00e9figur\u00e9e<\/p>\n","protected":false},"author":1,"featured_media":0,"parent":0,"menu_order":0,"comment_status":"closed","ping_status":"closed","template":"","meta":{"_monsterinsights_skip_tracking":false,"_monsterinsights_sitenote_active":false,"_monsterinsights_sitenote_note":"","_monsterinsights_sitenote_category":0,"footnotes":""},"class_list":["post-837","page","type-page","status-publish","hentry"],"translation":{"provider":"WPGlobus","version":"3.0.2","language":"fr","enabled_languages":["de","fr","en"],"languages":{"de":{"title":true,"content":true,"excerpt":false},"fr":{"title":true,"content":true,"excerpt":false},"en":{"title":true,"content":true,"excerpt":false}}},"aioseo_notices":[],"_links":{"self":[{"href":"https:\/\/pierrick-dufray.eurosof.de\/fr\/wp-json\/wp\/v2\/pages\/837","targetHints":{"allow":["GET"]}}],"collection":[{"href":"https:\/\/pierrick-dufray.eurosof.de\/fr\/wp-json\/wp\/v2\/pages"}],"about":[{"href":"https:\/\/pierrick-dufray.eurosof.de\/fr\/wp-json\/wp\/v2\/types\/page"}],"author":[{"embeddable":true,"href":"https:\/\/pierrick-dufray.eurosof.de\/fr\/wp-json\/wp\/v2\/users\/1"}],"replies":[{"embeddable":true,"href":"https:\/\/pierrick-dufray.eurosof.de\/fr\/wp-json\/wp\/v2\/comments?post=837"}],"version-history":[{"count":12,"href":"https:\/\/pierrick-dufray.eurosof.de\/fr\/wp-json\/wp\/v2\/pages\/837\/revisions"}],"predecessor-version":[{"id":895,"href":"https:\/\/pierrick-dufray.eurosof.de\/fr\/wp-json\/wp\/v2\/pages\/837\/revisions\/895"}],"wp:attachment":[{"href":"https:\/\/pierrick-dufray.eurosof.de\/fr\/wp-json\/wp\/v2\/media?parent=837"}],"curies":[{"name":"wp","href":"https:\/\/api.w.org\/{rel}","templated":true}]}}