{"id":833,"date":"2026-02-19T22:56:27","date_gmt":"2026-02-19T22:56:27","guid":{"rendered":"https:\/\/pierrick-dufray.eurosof.de\/?page_id=833"},"modified":"2026-02-20T00:14:56","modified_gmt":"2026-02-20T00:14:56","slug":"buecher","status":"publish","type":"page","link":"https:\/\/pierrick-dufray.eurosof.de\/fr\/buecher\/","title":{"rendered":"Livres"},"content":{"rendered":"\n<p>Sur la t\u00eate de Bouddha<\/p>\n\n\n\n<p><a href=\"https:\/\/pierrick-dufray.eurosof.de\/fr\/hommage-a-antonin-artaud-et-a-la-beat-generation\/\" target=\"_blank\" rel=\"noopener\" title=\"Hommage \u00e0 Antonin Artaud et \u00e0 la Beat Generation\">Hommage \u00e0 Antonin Artaud et \u00e0 la Beat Generation<\/a><\/p>\n\n\n\n<p>Bamiyan, la vall\u00e9e d\u00e9figur\u00e9e<\/p>\n\n\n\n<p><\/p>\n","protected":false},"excerpt":{"rendered":"<p>Sur la t\u00eate de Bouddha Hommage \u00e0 Antonin Artaud et \u00e0 la Beat Generation Bamiyan, la vall\u00e9e d\u00e9figur\u00e9e<\/p>\n","protected":false},"author":1,"featured_media":0,"parent":0,"menu_order":0,"comment_status":"closed","ping_status":"closed","template":"","meta":{"_monsterinsights_skip_tracking":false,"_monsterinsights_sitenote_active":false,"_monsterinsights_sitenote_note":"","_monsterinsights_sitenote_category":0,"footnotes":""},"class_list":["post-833","page","type-page","status-publish","hentry"],"translation":{"provider":"WPGlobus","version":"3.0.2","language":"fr","enabled_languages":["de","fr","en"],"languages":{"de":{"title":true,"content":true,"excerpt":false},"fr":{"title":true,"content":true,"excerpt":false},"en":{"title":true,"content":true,"excerpt":false}}},"aioseo_notices":[],"_links":{"self":[{"href":"https:\/\/pierrick-dufray.eurosof.de\/fr\/wp-json\/wp\/v2\/pages\/833","targetHints":{"allow":["GET"]}}],"collection":[{"href":"https:\/\/pierrick-dufray.eurosof.de\/fr\/wp-json\/wp\/v2\/pages"}],"about":[{"href":"https:\/\/pierrick-dufray.eurosof.de\/fr\/wp-json\/wp\/v2\/types\/page"}],"author":[{"embeddable":true,"href":"https:\/\/pierrick-dufray.eurosof.de\/fr\/wp-json\/wp\/v2\/users\/1"}],"replies":[{"embeddable":true,"href":"https:\/\/pierrick-dufray.eurosof.de\/fr\/wp-json\/wp\/v2\/comments?post=833"}],"version-history":[{"count":10,"href":"https:\/\/pierrick-dufray.eurosof.de\/fr\/wp-json\/wp\/v2\/pages\/833\/revisions"}],"predecessor-version":[{"id":898,"href":"https:\/\/pierrick-dufray.eurosof.de\/fr\/wp-json\/wp\/v2\/pages\/833\/revisions\/898"}],"wp:attachment":[{"href":"https:\/\/pierrick-dufray.eurosof.de\/fr\/wp-json\/wp\/v2\/media?parent=833"}],"curies":[{"name":"wp","href":"https:\/\/api.w.org\/{rel}","templated":true}]}}