{"id":83,"date":"2020-03-26T12:56:37","date_gmt":"2020-03-26T12:56:37","guid":{"rendered":"https:\/\/pierrick-dufray.eurosof.de\/?page_id=83"},"modified":"2026-02-28T15:50:41","modified_gmt":"2026-02-28T15:50:41","slug":"bamiyan","status":"publish","type":"page","link":"https:\/\/pierrick-dufray.eurosof.de\/fr\/bamiyan\/","title":{"rendered":"Bamiyan"},"content":{"rendered":"\n<p class=\"has-text-align-center\"><a href=\"https:\/\/pierrick-dufray.eurosof.de\/fr\/kaboul\/\" title=\"\">Kaboul<\/a><\/p>\n\n\n\n<p class=\"has-text-align-center\">B\u00e2miy\u00e2n <br>Une oasis spirituelle et sauvage, contrastant radicalement avec le chaos de Kaboul. Le voyage pour y parvenir, \u00e0 travers les montagnes de l\u2019Hindou Kouch, est une \u00e9preuve en soi : routes d\u00e9truites par les orages, bus surcharg\u00e9s, travers\u00e9es p\u00e9rilleuses de torrents, et paysages vertigineux o\u00f9 la vie humaine semble pr\u00e9caire. <\/p>\n\n\n<div class=\"wp-block-image\">\n<figure class=\"aligncenter size-large is-resized\"><img loading=\"lazy\" decoding=\"async\" width=\"767\" height=\"749\" src=\"https:\/\/pierrick-dufray.eurosof.de\/wp-content\/uploads\/2020\/03\/autocarpourbamyan_dessinpetit.jpg\" alt=\"\" class=\"wp-image-84\" style=\"aspect-ratio:1.0240307665029995;width:442px;height:auto\" srcset=\"https:\/\/pierrick-dufray.eurosof.de\/wp-content\/uploads\/2020\/03\/autocarpourbamyan_dessinpetit.jpg 767w, https:\/\/pierrick-dufray.eurosof.de\/wp-content\/uploads\/2020\/03\/autocarpourbamyan_dessinpetit-300x293.jpg 300w\" sizes=\"auto, (max-width: 767px) 89vw, (max-width: 1000px) 54vw, (max-width: 1071px) 543px, 580px\" \/><figcaption class=\"wp-element-caption\">Bus pour Bamiyan<\/figcaption><\/figure>\n<\/div>\n\n\n<p class=\"has-text-align-center\">\u00c0 l\u2019arriv\u00e9e, la vall\u00e9e r\u00e9v\u00e8le ses tr\u00e9sors : les deux Bouddhas g\u00e9ants, sculpt\u00e9s dans la falaise il y a plus de mille ans, bien que mutil\u00e9s (visages et mains d\u00e9truits par des envahisseurs musulmans), d\u00e9gagent une pr\u00e9sence mystique et apaisante. <\/p>\n\n\n<div class=\"wp-block-image\">\n<figure class=\"aligncenter size-large is-resized\"><img loading=\"lazy\" decoding=\"async\" width=\"608\" height=\"1024\" src=\"https:\/\/pierrick-dufray.eurosof.de\/wp-content\/uploads\/2021\/10\/Buddha_album_original_kleiner-608x1024.jpg\" alt=\"\" class=\"wp-image-369\" style=\"aspect-ratio:0.593743216223683;width:427px;height:auto\" srcset=\"https:\/\/pierrick-dufray.eurosof.de\/wp-content\/uploads\/2021\/10\/Buddha_album_original_kleiner-608x1024.jpg 608w, https:\/\/pierrick-dufray.eurosof.de\/wp-content\/uploads\/2021\/10\/Buddha_album_original_kleiner-178x300.jpg 178w, https:\/\/pierrick-dufray.eurosof.de\/wp-content\/uploads\/2021\/10\/Buddha_album_original_kleiner-768x1294.jpg 768w, https:\/\/pierrick-dufray.eurosof.de\/wp-content\/uploads\/2021\/10\/Buddha_album_original_kleiner-912x1536.jpg 912w, https:\/\/pierrick-dufray.eurosof.de\/wp-content\/uploads\/2021\/10\/Buddha_album_original_kleiner.jpg 1024w\" sizes=\"auto, (max-width: 608px) 100vw, 608px\" \/><figcaption class=\"wp-element-caption\">Bouddha Majestueux<\/figcaption><\/figure>\n<\/div>\n\n\n<p class=\"has-text-align-center\">Les grottes environnantes, orn\u00e9es de fresques bouddhistes et habit\u00e9es jadis par des moines, deviennent un lieu de m\u00e9ditation et d\u2019\u00e9merveillement, o\u00f9 le narrateur se sent en harmonie avec la nature et l\u2019histoire.<\/p>\n\n\n<div class=\"wp-block-image\">\n<figure class=\"aligncenter size-large\"><img loading=\"lazy\" decoding=\"async\" width=\"1024\" height=\"508\" src=\"https:\/\/pierrick-dufray.eurosof.de\/wp-content\/uploads\/2020\/03\/vallee_buddha_dessin-1024x508.jpg\" alt=\"\" class=\"wp-image-85\" srcset=\"https:\/\/pierrick-dufray.eurosof.de\/wp-content\/uploads\/2020\/03\/vallee_buddha_dessin-1024x508.jpg 1024w, https:\/\/pierrick-dufray.eurosof.de\/wp-content\/uploads\/2020\/03\/vallee_buddha_dessin-300x149.jpg 300w, https:\/\/pierrick-dufray.eurosof.de\/wp-content\/uploads\/2020\/03\/vallee_buddha_dessin-768x381.jpg 768w, https:\/\/pierrick-dufray.eurosof.de\/wp-content\/uploads\/2020\/03\/vallee_buddha_dessin.jpg 1026w\" sizes=\"auto, (max-width: 767px) 89vw, (max-width: 1000px) 54vw, (max-width: 1071px) 543px, 580px\" \/><figcaption class=\"wp-element-caption\">Vall\u00e9e de Bamiyan<\/figcaption><\/figure>\n<\/div>\n\n\n<p class=\"has-text-align-center\">Les journ\u00e9es sont rythm\u00e9es par des balades parmi les champs, les rencontres avec les paysans, et l\u2019exploration des grottes, culminant avec l\u2019ascension jusqu\u2019\u00e0 la <em>T\u00eate de Bouddha<\/em>, un moment d\u2019extase absolue (\u00ab\u00a0le Grand Flash\u00a0\u00bb) o\u00f9 le paysage, la musique des fl\u00fbtes en terre, et un chilum fum\u00e9 en haut de la falaise fusionnent en une exp\u00e9rience quasi mystique.<br>B\u00e2miy\u00e2n incarne une parenth\u00e8se hors du temps, o\u00f9 la simplicit\u00e9 de la vie paysanne, la beaut\u00e9 des paysages, et la spiritualit\u00e9 bouddhiste offrent une r\u00e9g\u00e9n\u00e9ration apr\u00e8s les exc\u00e8s de Kaboul.  Un lieu de renaissance, o\u00f9 l\u2019on \u00ab\u00a0oublie ce que nous \u00e9tions\u00a0\u00bb pour embrasser une existence plus \u00e9l\u00e9mentaire, entre ciel, pierre et eau. <br>Les soir\u00e9es dans la <em>chaikana<\/em> locale, entre th\u00e9, musique et discussions avec d\u2019autres voyageurs, renforcent ce sentiment d\u2019unit\u00e9 et de pl\u00e9nitude.<\/p>\n\n\n\n<p class=\"has-text-align-center\"> Le d\u00e9part vers les lacs de Band-e Amir marque la poursuite de l\u2019aventure, tandis qu\u2019un compagnon, \u00e9puis\u00e9 par la dysenterie, doit rebrousser chemin.<\/p>\n\n\n\n<p class=\"has-text-align-center\"><a href=\"https:\/\/pierrick-dufray.eurosof.de\/fr\/band-e-amir\/\" title=\"\">Band-e Amir<\/a><\/p>\n\n\n\n<p><\/p>\n","protected":false},"excerpt":{"rendered":"<p>Kaboul B\u00e2miy\u00e2n Une oasis spirituelle et sauvage, contrastant radicalement avec le chaos de Kaboul. Le voyage pour y parvenir, \u00e0 travers les montagnes de l\u2019Hindou Kouch, est une \u00e9preuve en soi : routes d\u00e9truites par les orages, bus surcharg\u00e9s, travers\u00e9es p\u00e9rilleuses de torrents, et paysages vertigineux o\u00f9 la vie humaine semble pr\u00e9caire. \u00c0 l\u2019arriv\u00e9e, la &hellip; <\/p>\n<p class=\"link-more\"><a href=\"https:\/\/pierrick-dufray.eurosof.de\/fr\/bamiyan\/\" class=\"more-link\">Continuer la lecture<span class=\"screen-reader-text\"> de &laquo;&nbsp;Bamiyan&nbsp;&raquo;<\/span><\/a><\/p>\n","protected":false},"author":1,"featured_media":0,"parent":0,"menu_order":0,"comment_status":"open","ping_status":"closed","template":"","meta":{"_monsterinsights_skip_tracking":false,"_monsterinsights_sitenote_active":false,"_monsterinsights_sitenote_note":"","_monsterinsights_sitenote_category":0,"footnotes":""},"class_list":["post-83","page","type-page","status-publish","hentry"],"translation":{"provider":"WPGlobus","version":"3.0.2","language":"fr","enabled_languages":["de","fr","en"],"languages":{"de":{"title":true,"content":true,"excerpt":false},"fr":{"title":true,"content":true,"excerpt":false},"en":{"title":true,"content":true,"excerpt":false}}},"aioseo_notices":[],"_links":{"self":[{"href":"https:\/\/pierrick-dufray.eurosof.de\/fr\/wp-json\/wp\/v2\/pages\/83","targetHints":{"allow":["GET"]}}],"collection":[{"href":"https:\/\/pierrick-dufray.eurosof.de\/fr\/wp-json\/wp\/v2\/pages"}],"about":[{"href":"https:\/\/pierrick-dufray.eurosof.de\/fr\/wp-json\/wp\/v2\/types\/page"}],"author":[{"embeddable":true,"href":"https:\/\/pierrick-dufray.eurosof.de\/fr\/wp-json\/wp\/v2\/users\/1"}],"replies":[{"embeddable":true,"href":"https:\/\/pierrick-dufray.eurosof.de\/fr\/wp-json\/wp\/v2\/comments?post=83"}],"version-history":[{"count":30,"href":"https:\/\/pierrick-dufray.eurosof.de\/fr\/wp-json\/wp\/v2\/pages\/83\/revisions"}],"predecessor-version":[{"id":1210,"href":"https:\/\/pierrick-dufray.eurosof.de\/fr\/wp-json\/wp\/v2\/pages\/83\/revisions\/1210"}],"wp:attachment":[{"href":"https:\/\/pierrick-dufray.eurosof.de\/fr\/wp-json\/wp\/v2\/media?parent=83"}],"curies":[{"name":"wp","href":"https:\/\/api.w.org\/{rel}","templated":true}]}}