{"id":799,"date":"2026-02-19T18:21:30","date_gmt":"2026-02-19T18:21:30","guid":{"rendered":"https:\/\/pierrick-dufray.eurosof.de\/?page_id=799"},"modified":"2026-02-28T15:47:10","modified_gmt":"2026-02-28T15:47:10","slug":"lady-daly-acht-jahre-in-afghanistan","status":"publish","type":"page","link":"https:\/\/pierrick-dufray.eurosof.de\/fr\/lady-daly-acht-jahre-in-afghanistan\/","title":{"rendered":"Lady Daly"},"content":{"rendered":"\n<p><strong>Huit ans en Afghanistan<\/strong><\/p>\n\n\n\n<p>Pendant huit ans, Mme Daly a v\u00e9cu sans interruption dans l&rsquo;\u00e9trange \u00ab ferm\u00e9&nbsp;\u00bb qu&rsquo;est l&rsquo;Afghanistan, o\u00f9 elle a occup\u00e9 les fonctions de m\u00e9decin du gouvernement et de m\u00e9decin de la reine. Durant cette p\u00e9riode, elle a eu d&rsquo;innombrables occasions de se familiariser avec la vie int\u00e9rieure des Afghans et leur pays, une terre difficile d&rsquo;acc\u00e8s et encore plus difficile \u00e0 quitter. Partout o\u00f9 elle allait, Mme Daly \u00e9tait accompagn\u00e9e d&rsquo;une escorte arm\u00e9e, et elle a beaucoup \u00e0 dire sur les dangers et les humeurs de sa vie \u00e0 Kaboul. Elle s&rsquo;est rendue pour la premi\u00e8re fois en Afghanistan en tant qu&rsquo;assistante de Mlle Lillias Hamilton, m\u00e9decin, lorsqu&rsquo;elle est revenue \u00e0 Kaboul avec le prince Nasrullah apr\u00e8s sa visite en Angleterre en 1895. Cependant, comme elle n&rsquo;\u00e9tait jamais en bonne sant\u00e9 pendant plusieurs jours d&rsquo;affil\u00e9e en Afghanistan, elle a d\u00fb rentrer chez elle un an plus tard. Durant trois derni\u00e8res ann\u00e9es de son s\u00e9jour, Lady Daly a \u00e9t\u00e9 la seule femme blanche en Afghanistan.<\/p>\n\n\n\n<div data-wp-interactive=\"core\/file\" class=\"wp-block-file\"><object data-wp-bind--hidden=\"!state.hasPdfPreview\" hidden class=\"wp-block-file__embed\" data=\"https:\/\/pierrick-dufray.eurosof.de\/wp-content\/uploads\/2026\/02\/huit_ans_en_afghanistan.pdf\" type=\"application\/pdf\" style=\"width:100%;height:600px\" aria-label=\"Contenu embarqu\u00e9 huit_ans_en_afghanistan.\"><\/object><a id=\"wp-block-file--media-a0619e90-706e-4f6c-87b1-40a10f83cdbf\" href=\"https:\/\/pierrick-dufray.eurosof.de\/wp-content\/uploads\/2026\/02\/huit_ans_en_afghanistan.pdf\">huit_ans_en_afghanistan<\/a><a href=\"https:\/\/pierrick-dufray.eurosof.de\/wp-content\/uploads\/2026\/02\/huit_ans_en_afghanistan.pdf\" class=\"wp-block-file__button wp-element-button\" download aria-describedby=\"wp-block-file--media-a0619e90-706e-4f6c-87b1-40a10f83cdbf\">Herunterladen<\/a><\/div>\n","protected":false},"excerpt":{"rendered":"<p>Huit ans en Afghanistan Pendant huit ans, Mme Daly a v\u00e9cu sans interruption dans l&rsquo;\u00e9trange \u00ab ferm\u00e9&nbsp;\u00bb qu&rsquo;est l&rsquo;Afghanistan, o\u00f9 elle a occup\u00e9 les fonctions de m\u00e9decin du gouvernement et de m\u00e9decin de la reine. Durant cette p\u00e9riode, elle a eu d&rsquo;innombrables occasions de se familiariser avec la vie int\u00e9rieure des Afghans et leur pays, &hellip; <\/p>\n<p class=\"link-more\"><a href=\"https:\/\/pierrick-dufray.eurosof.de\/fr\/lady-daly-acht-jahre-in-afghanistan\/\" class=\"more-link\">Continuer la lecture<span class=\"screen-reader-text\"> de &laquo;&nbsp;Lady Daly&nbsp;&raquo;<\/span><\/a><\/p>\n","protected":false},"author":1,"featured_media":0,"parent":0,"menu_order":0,"comment_status":"open","ping_status":"closed","template":"","meta":{"_monsterinsights_skip_tracking":false,"_monsterinsights_sitenote_active":false,"_monsterinsights_sitenote_note":"","_monsterinsights_sitenote_category":0,"footnotes":""},"class_list":["post-799","page","type-page","status-publish","hentry"],"translation":{"provider":"WPGlobus","version":"3.0.2","language":"fr","enabled_languages":["de","fr","en"],"languages":{"de":{"title":true,"content":true,"excerpt":false},"fr":{"title":true,"content":true,"excerpt":false},"en":{"title":true,"content":true,"excerpt":false}}},"aioseo_notices":[],"_links":{"self":[{"href":"https:\/\/pierrick-dufray.eurosof.de\/fr\/wp-json\/wp\/v2\/pages\/799","targetHints":{"allow":["GET"]}}],"collection":[{"href":"https:\/\/pierrick-dufray.eurosof.de\/fr\/wp-json\/wp\/v2\/pages"}],"about":[{"href":"https:\/\/pierrick-dufray.eurosof.de\/fr\/wp-json\/wp\/v2\/types\/page"}],"author":[{"embeddable":true,"href":"https:\/\/pierrick-dufray.eurosof.de\/fr\/wp-json\/wp\/v2\/users\/1"}],"replies":[{"embeddable":true,"href":"https:\/\/pierrick-dufray.eurosof.de\/fr\/wp-json\/wp\/v2\/comments?post=799"}],"version-history":[{"count":8,"href":"https:\/\/pierrick-dufray.eurosof.de\/fr\/wp-json\/wp\/v2\/pages\/799\/revisions"}],"predecessor-version":[{"id":814,"href":"https:\/\/pierrick-dufray.eurosof.de\/fr\/wp-json\/wp\/v2\/pages\/799\/revisions\/814"}],"wp:attachment":[{"href":"https:\/\/pierrick-dufray.eurosof.de\/fr\/wp-json\/wp\/v2\/media?parent=799"}],"curies":[{"name":"wp","href":"https:\/\/api.w.org\/{rel}","templated":true}]}}