{"id":749,"date":"2026-02-18T22:47:46","date_gmt":"2026-02-18T22:47:46","guid":{"rendered":"https:\/\/pierrick-dufray.eurosof.de\/?page_id=749"},"modified":"2026-02-20T16:18:53","modified_gmt":"2026-02-20T16:18:53","slug":"aktuelles","status":"publish","type":"page","link":"https:\/\/pierrick-dufray.eurosof.de\/fr\/aktuelles\/","title":{"rendered":"Actuel"},"content":{"rendered":"\n<p>19.02.2026<\/p>\n\n\n\n<p>Comme je l&rsquo;ai \u00e9crit dans \u00ab\u00a0Sur la t\u00eate de Bouddha\u00a0\u00bb, quand je raconte aujourd\u2019hui \u00e0 de jeunes iraniennes et iraniens que j\u2019ai pass\u00e9 plusieurs jours en Iran en 1972, leurs yeux brillent et ils me disent sans sourciller&nbsp;: \u00ab&nbsp;Ah, cette \u00e9poque, c\u2019\u00e9tait l\u2019Age d\u2019Or de l\u2019Iran&nbsp;\u00bb. Je dois avouer que j\u2019\u00e9tais \u00e0 l\u2019\u00e9poque un fervent adversaire du Chah d\u2019Iran et je me sens, un peu responsable de ce qui leur est ensuite arriv\u00e9.<br>J\u2019esp\u00e8re qu\u2019ils me le pardonneront et que le fils du chah arrivera \u00e0 rassembler autour de lui tous ceux qui se battent pour un Iran libre et d\u00e9mocratique.<\/p>\n\n\n\n<p>18.02.2026<\/p>\n\n\n\n<figure class=\"wp-block-image size-large is-resized\"><img loading=\"lazy\" decoding=\"async\" width=\"819\" height=\"1024\" src=\"https:\/\/pierrick-dufray.eurosof.de\/wp-content\/uploads\/2026\/02\/grafik-819x1024.png\" alt=\"\" class=\"wp-image-780\" style=\"aspect-ratio:0.7998101225070522;width:377px;height:auto\" srcset=\"https:\/\/pierrick-dufray.eurosof.de\/wp-content\/uploads\/2026\/02\/grafik-819x1024.png 819w, https:\/\/pierrick-dufray.eurosof.de\/wp-content\/uploads\/2026\/02\/grafik-240x300.png 240w, https:\/\/pierrick-dufray.eurosof.de\/wp-content\/uploads\/2026\/02\/grafik-768x960.png 768w, https:\/\/pierrick-dufray.eurosof.de\/wp-content\/uploads\/2026\/02\/grafik.png 1080w\" sizes=\"auto, (max-width: 767px) 89vw, (max-width: 1000px) 54vw, (max-width: 1071px) 543px, 580px\" \/><\/figure>\n\n\n\n<p>17.02.2026<\/p>\n\n\n\n<p>UN PETIT GESTE, pour UNE GRANDE CAUSE 5 euros X xxxx : les petits ruisseaux font les grandes rivi\u00e8res ! En Afghanistan, l\u2019\u00e9cole est devenue clandestine pour des milliers de filles. Pourtant, derri\u00e8re des portes discr\u00e8tes, des enseignantes continuent d\u2019ouvrir des cahiers, de corriger des devoirs, de transmettre \u2014 parce que l\u2019\u00e9ducation reste la seule issue face \u00e0 l\u2019enfermement.<br>Aujourd\u2019hui, FemAid et Nayestane font vivre un r\u00e9seau de 141 classes secr\u00e8tes, anim\u00e9es par 175 enseignantes, au b\u00e9n\u00e9fice de 2 980 \u00e9l\u00e8ves dans 21 provinces. Parrainer une classe, c\u2019est financer une ann\u00e9e compl\u00e8te d\u2019enseignement pour 25 filles (cours 6 jours\/semaine, 4h\/jour, 8 mati\u00e8res, manuels et fournitures).<br>C\u2019est aussi prot\u00e9ger un espace d\u2019apprentissage, payer les enseignantes, assurer le suivi, et maintenir ce fil de dignit\u00e9 qui emp\u00eache l\u2019avenir d\u2019\u00eatre confisqu\u00e9. Le co\u00fbt est de 5 000 \u20ac par classe et par an (budget d\u00e9taill\u00e9 : 5 071 \u20ac).<br>Si vous le pouvez, devenez marraine ou parrain d\u2019une classe : votre soutien est direct, concret, et imm\u00e9diatement vital. M\u00eame un don modeste compte \u2014 et, mis bout \u00e0 bout, il garde une \u00e9cole enti\u00e8re en vie.<\/p>\n\n\n\n<p><a href=\"http:\/\/buff.ly\/1djWg7Z\" target=\"_blank\" rel=\"noopener\" title=\"\">Dons (HelloAsso) <\/a><\/p>\n\n\n\n<p><a href=\"https:\/\/buff.ly\/BYbtWkw\" target=\"_blank\" rel=\"noopener\" title=\"\">Programme \u00e0 t\u00e9l\u00e9charger (PDF)<\/a> : <\/p>\n\n\n\n<figure class=\"wp-block-embed is-type-rich is-provider-twitter wp-block-embed-twitter\"><div class=\"wp-block-embed__wrapper\">\n<blockquote class=\"twitter-tweet\" data-width=\"525\" data-dnt=\"true\"><p lang=\"zxx\" dir=\"ltr\"><a href=\"https:\/\/t.co\/DmTv7rqCPQ\">https:\/\/t.co\/DmTv7rqCPQ<\/a><\/p>&mdash; La Lettre d&#39;Afghanistan \ud83c\udde6\ud83c\uddeb (@AfghanLetter) <a href=\"https:\/\/twitter.com\/AfghanLetter\/status\/2023654750508499061?ref_src=twsrc%5Etfw\">February 17, 2026<\/a><\/blockquote><script async src=\"https:\/\/platform.twitter.com\/widgets.js\" charset=\"utf-8\"><\/script>\n<\/div><\/figure>\n","protected":false},"excerpt":{"rendered":"<p>19.02.2026 Comme je l&rsquo;ai \u00e9crit dans \u00ab\u00a0Sur la t\u00eate de Bouddha\u00a0\u00bb, quand je raconte aujourd\u2019hui \u00e0 de jeunes iraniennes et iraniens que j\u2019ai pass\u00e9 plusieurs jours en Iran en 1972, leurs yeux brillent et ils me disent sans sourciller&nbsp;: \u00ab&nbsp;Ah, cette \u00e9poque, c\u2019\u00e9tait l\u2019Age d\u2019Or de l\u2019Iran&nbsp;\u00bb. Je dois avouer que j\u2019\u00e9tais \u00e0 l\u2019\u00e9poque un &hellip; <\/p>\n<p class=\"link-more\"><a href=\"https:\/\/pierrick-dufray.eurosof.de\/fr\/aktuelles\/\" class=\"more-link\">Continuer la lecture<span class=\"screen-reader-text\"> de &laquo;&nbsp;Actuel&nbsp;&raquo;<\/span><\/a><\/p>\n","protected":false},"author":1,"featured_media":0,"parent":0,"menu_order":0,"comment_status":"open","ping_status":"closed","template":"","meta":{"_monsterinsights_skip_tracking":false,"_monsterinsights_sitenote_active":false,"_monsterinsights_sitenote_note":"","_monsterinsights_sitenote_category":0,"footnotes":""},"class_list":["post-749","page","type-page","status-publish","hentry"],"translation":{"provider":"WPGlobus","version":"3.0.2","language":"fr","enabled_languages":["de","fr","en"],"languages":{"de":{"title":true,"content":true,"excerpt":false},"fr":{"title":true,"content":true,"excerpt":false},"en":{"title":true,"content":true,"excerpt":false}}},"aioseo_notices":[],"_links":{"self":[{"href":"https:\/\/pierrick-dufray.eurosof.de\/fr\/wp-json\/wp\/v2\/pages\/749","targetHints":{"allow":["GET"]}}],"collection":[{"href":"https:\/\/pierrick-dufray.eurosof.de\/fr\/wp-json\/wp\/v2\/pages"}],"about":[{"href":"https:\/\/pierrick-dufray.eurosof.de\/fr\/wp-json\/wp\/v2\/types\/page"}],"author":[{"embeddable":true,"href":"https:\/\/pierrick-dufray.eurosof.de\/fr\/wp-json\/wp\/v2\/users\/1"}],"replies":[{"embeddable":true,"href":"https:\/\/pierrick-dufray.eurosof.de\/fr\/wp-json\/wp\/v2\/comments?post=749"}],"version-history":[{"count":16,"href":"https:\/\/pierrick-dufray.eurosof.de\/fr\/wp-json\/wp\/v2\/pages\/749\/revisions"}],"predecessor-version":[{"id":783,"href":"https:\/\/pierrick-dufray.eurosof.de\/fr\/wp-json\/wp\/v2\/pages\/749\/revisions\/783"}],"wp:attachment":[{"href":"https:\/\/pierrick-dufray.eurosof.de\/fr\/wp-json\/wp\/v2\/media?parent=749"}],"curies":[{"name":"wp","href":"https:\/\/api.w.org\/{rel}","templated":true}]}}