{"id":72,"date":"2020-03-26T13:01:01","date_gmt":"2020-03-26T13:01:01","guid":{"rendered":"https:\/\/pierrick-dufray.eurosof.de\/?page_id=72"},"modified":"2026-02-28T15:43:56","modified_gmt":"2026-02-28T15:43:56","slug":"kaboul","status":"publish","type":"page","link":"https:\/\/pierrick-dufray.eurosof.de\/fr\/kaboul\/","title":{"rendered":"Crazy Kaboul"},"content":{"rendered":"\n<p class=\"has-text-align-center\"><a href=\"https:\/\/pierrick-dufray.eurosof.de\/fr\/le-grand-voyage\/herat-la-sereine\/\" title=\"\">Herat<\/a><\/p>\n\n\n\n<p class=\"has-text-align-center\">Kaboul <br>Une \u00e9tape mythique et d\u00e9vastatrice sur la route de Katmandou, o\u00f9 la d\u00e9fonce collective et la mis\u00e8re se c\u00f4toient dans un d\u00e9cor moyen\u00e2geux. Nous logeons dans un h\u00f4tel rudimentaire de la <em>Chicken Street<\/em>, o\u00f9 les freaks occidentaux se regroupent pour fumer sans rel\u00e2che l\u2019<em>Afghan Noir<\/em>, un haschisch puissant qui alt\u00e8re la perception du temps et de la r\u00e9alit\u00e9. La ville, partag\u00e9e entre un centre moderne et des ruelles artisanales, r\u00e9v\u00e8le une pauvret\u00e9 extr\u00eame : mendiants estropi\u00e9s, enfants harcelant les touristes, et nomades campant dans le lit ass\u00e9ch\u00e9 de la rivi\u00e8re Kaboul. <\/p>\n\n\n<div class=\"wp-block-image\">\n<figure class=\"aligncenter is-resized\" id=\"block-25bbfc43-419a-4bb1-a44e-a2e083f78266\"><img decoding=\"async\" src=\"https:\/\/pierrick-dufray.eurosof.de\/wp-content\/uploads\/2020\/03\/Kabul_album_original_800x600.jpg\" alt=\"L\u2019attribut alt de cette image est vide, son nom de fichier est Kabul_album_original_800x600.jpg.\" style=\"aspect-ratio:1.436283575460121;width:494px;height:auto\"\/><\/figure>\n<\/div>\n\n\n<p class=\"has-text-align-center\">Les fumeries clandestines, comme celle d\u00e9couverte pr\u00e8s de la poste, offrent des exp\u00e9riences hallucinog\u00e8nes intenses, mais la pr\u00e9sence omnipr\u00e9sente des junkies \u2013 dont Claude, ancien compagnon de route d\u00e9sormais accro \u00e0 l\u2019h\u00e9ro\u00efne, et Estelle, une fugueuse de 16 ans en voie d&rsquo;autodestruction me plonge dans un d\u00e9sespoir r\u00e9volt\u00e9.<\/p>\n\n\n<div class=\"wp-block-image\">\n<figure class=\"aligncenter is-resized\" id=\"block-b6660bc4-8a11-4c66-838d-bc2eb1b11266\"><img decoding=\"async\" src=\"https:\/\/pierrick-dufray.eurosof.de\/wp-content\/uploads\/2020\/03\/Kabul_h\u00fcgel-1024x711.jpg\" alt=\"L\u2019attribut alt de cette image est vide, son nom de fichier est Kabul_h\u00fcgel-1024x711.jpg.\" style=\"aspect-ratio:1.4402222176139907;width:488px;height:auto\"\/><figcaption class=\"wp-element-caption\">Quartiers pauvres sur la colline au dessus de Kabul<\/figcaption><\/figure>\n<\/div>\n\n\n<p class=\"has-text-align-center\">Les sc\u00e8nes de d\u00e9fonce collective, entre narguil\u00e9s g\u00e9ants et musique hypnotique, contrastent avec l\u2019horreur des corps ravag\u00e9s par la drogue, symbolisant le \u00ab\u00a0suicide collectif d\u2019une g\u00e9n\u00e9ration perdue\u00a0\u00bb. <\/p>\n\n\n<div class=\"wp-block-image\">\n<figure class=\"aligncenter is-resized\" id=\"block-eb265a8d-bdc7-47a1-a8e7-1083dad0fe03\"><img decoding=\"async\" src=\"https:\/\/pierrick-dufray.eurosof.de\/wp-content\/uploads\/2020\/03\/fumeur_bobol_dessin2-540x1024.jpg\" alt=\"L\u2019attribut alt de cette image est vide, son nom de fichier est fumeur_bobol_dessin2-540x1024.jpg.\" style=\"width:324px;height:auto\"\/><figcaption class=\"wp-element-caption\">Dans une fumerie clandestine \u00e0 Kabul<\/figcaption><\/figure>\n<\/div>\n\n<div class=\"wp-block-image\">\n<figure class=\"aligncenter is-resized\" id=\"block-6f56b34c-b76d-4e06-a488-04c7ce0afe7a\"><img decoding=\"async\" src=\"https:\/\/pierrick-dufray.eurosof.de\/wp-content\/uploads\/2020\/03\/fumeur_shilum_dessinpetit.jpg\" alt=\"L\u2019attribut alt de cette image est vide, son nom de fichier est fumeur_shilum_dessinpetit.jpg.\" style=\"aspect-ratio:1.2017831045176937;width:436px;height:auto\"\/><figcaption class=\"wp-element-caption\">Petit chilum dans le jardin de l\u00b4h\u00f4tel<\/figcaption><\/figure>\n<\/div>\n\n\n<p class=\"has-text-align-center\">L\u2019atmosph\u00e8re devient \u00e9touffante. Les rues, satur\u00e9es de dealers et de toxicomanes en manque, transforment Kaboul en un \u00ab\u00a0charnier\u00a0\u00bb o\u00f9 l\u2019id\u00e9alisme des d\u00e9buts laisse place \u00e0 une col\u00e8re impuissante.<\/p>\n\n\n<div class=\"wp-block-image\">\n<figure class=\"aligncenter is-resized\" id=\"block-bf7c75f5-5942-4938-8fdd-98a47fd26af5\"><img decoding=\"async\" src=\"https:\/\/pierrick-dufray.eurosof.de\/wp-content\/uploads\/2020\/03\/afghane_emprisonnee2-694x1024.jpg\" alt=\"L\u2019attribut alt de cette image est vide, son nom de fichier est afghane_emprisonnee2-694x1024.jpg.\" style=\"aspect-ratio:0.67773885660119;width:301px;height:auto\"\/><\/figure>\n<\/div>\n\n\n<p class=\"has-text-align-center\">Le d\u00e9part pour Bamiyan afin de voir les Grands Bouddhas est une tentative de donner un sens \u00e0 notre voyage en allant au-del\u00e0 de la simple consommation de drogues.<\/p>\n\n\n\n<p class=\"has-text-align-center\"><a href=\"https:\/\/pierrick-dufray.eurosof.de\/fr\/bamiyan\/\" title=\"\">Bamiyan<\/a><\/p>\n\n\n\n<p><\/p>\n","protected":false},"excerpt":{"rendered":"<p>Herat Kaboul Une \u00e9tape mythique et d\u00e9vastatrice sur la route de Katmandou, o\u00f9 la d\u00e9fonce collective et la mis\u00e8re se c\u00f4toient dans un d\u00e9cor moyen\u00e2geux. Nous logeons dans un h\u00f4tel rudimentaire de la Chicken Street, o\u00f9 les freaks occidentaux se regroupent pour fumer sans rel\u00e2che l\u2019Afghan Noir, un haschisch puissant qui alt\u00e8re la perception du &hellip; <\/p>\n<p class=\"link-more\"><a href=\"https:\/\/pierrick-dufray.eurosof.de\/fr\/kaboul\/\" class=\"more-link\">Continuer la lecture<span class=\"screen-reader-text\"> de &laquo;&nbsp;Crazy Kaboul&nbsp;&raquo;<\/span><\/a><\/p>\n","protected":false},"author":1,"featured_media":0,"parent":0,"menu_order":0,"comment_status":"open","ping_status":"closed","template":"","meta":{"_monsterinsights_skip_tracking":false,"_monsterinsights_sitenote_active":false,"_monsterinsights_sitenote_note":"","_monsterinsights_sitenote_category":0,"footnotes":""},"class_list":["post-72","page","type-page","status-publish","hentry"],"translation":{"provider":"WPGlobus","version":"3.0.2","language":"fr","enabled_languages":["de","fr","en"],"languages":{"de":{"title":true,"content":true,"excerpt":false},"fr":{"title":true,"content":true,"excerpt":false},"en":{"title":true,"content":true,"excerpt":false}}},"aioseo_notices":[],"_links":{"self":[{"href":"https:\/\/pierrick-dufray.eurosof.de\/fr\/wp-json\/wp\/v2\/pages\/72","targetHints":{"allow":["GET"]}}],"collection":[{"href":"https:\/\/pierrick-dufray.eurosof.de\/fr\/wp-json\/wp\/v2\/pages"}],"about":[{"href":"https:\/\/pierrick-dufray.eurosof.de\/fr\/wp-json\/wp\/v2\/types\/page"}],"author":[{"embeddable":true,"href":"https:\/\/pierrick-dufray.eurosof.de\/fr\/wp-json\/wp\/v2\/users\/1"}],"replies":[{"embeddable":true,"href":"https:\/\/pierrick-dufray.eurosof.de\/fr\/wp-json\/wp\/v2\/comments?post=72"}],"version-history":[{"count":21,"href":"https:\/\/pierrick-dufray.eurosof.de\/fr\/wp-json\/wp\/v2\/pages\/72\/revisions"}],"predecessor-version":[{"id":1208,"href":"https:\/\/pierrick-dufray.eurosof.de\/fr\/wp-json\/wp\/v2\/pages\/72\/revisions\/1208"}],"wp:attachment":[{"href":"https:\/\/pierrick-dufray.eurosof.de\/fr\/wp-json\/wp\/v2\/media?parent=72"}],"curies":[{"name":"wp","href":"https:\/\/api.w.org\/{rel}","templated":true}]}}