{"id":561,"date":"2024-12-28T18:28:31","date_gmt":"2024-12-28T18:28:31","guid":{"rendered":"https:\/\/pierrick-dufray.eurosof.de\/?page_id=561"},"modified":"2026-02-28T15:48:55","modified_gmt":"2026-02-28T15:48:55","slug":"ueber-mich","status":"publish","type":"page","link":"https:\/\/pierrick-dufray.eurosof.de\/fr\/ueber-mich\/","title":{"rendered":"Sur ma personne"},"content":{"rendered":"\n<h1 class=\"wp-block-heading\">Petite autobiographie<\/h1>\n\n\n\n<p>Je suis n\u00e9 en 1952 \u00e0 Caen. Apr\u00e8s une enfance paisible dans un petit village normand de 300 habitants, je passe quelques ann\u00e9es au bord de la mer de la Manche \u00e0 Granville, o\u00f9, \u00e0 l&rsquo;\u00e2ge de 13 ans, un grave accident, dans lequel la police et l&rsquo;arm\u00e9e fran\u00e7aise jouent un sale jeu, influencera le reste de mon adolescence et probablement de ma vie.<\/p>\n\n\n\n<p>Apr\u00e8s trois mois d&rsquo;h\u00f4pital et remis de cet accident, je retourne \u00e0 Caen pour terminer ma scolarit\u00e9. Je me laisse inspirer par Dada et les surr\u00e9alistes, Henry Miller et Boris Vian, les films de Fellini et de Pasolini, la revue ACTUEL, Lao Tse. le Yin et le Yan, la contre-culture de la Beat Generation et bien s\u00fbr par Artaud et la r\u00e9volte de Mai 68.  A la fin des ann\u00e9es 60, je suis les traces de Jack Kerouac et de Siddharta et quitte tout pour vivre quelques ann\u00e9es \u00abon the road\u00bb \u00e0 travers Europe et quelques pays musulmans d&rsquo;Asie mineure (v. <em>Sur la t\u00eate de Bouddha<\/em>). Je me laisse musicalement  accompagner  par Frank Zappa, Gong, Soft Machine, Pink Floyd et Sun Ra au festival des Amougies, et par Hendrix, les Doors, Leonard Cohen, Donovan et Richie Havens, qui a cl\u00f4tur\u00e9 le festival avec les sons de <em>Freedom<\/em> au festival de l&rsquo;\u00eele de Wight puis par Pink Floyd au Zenith de Caen<em>.<\/em> Durant ces ann\u00e9es, j&rsquo;exp\u00e9rimente le haschisch, le LSD, l&rsquo;opium et les amph\u00e9tamines, mais j&rsquo;\u00e9vite l&rsquo;h\u00e9ro\u00efne apr\u00e8s avoir assist\u00e9, impuissant, \u00e0 la destruction par la neige de nombreuse jeunes vies.<\/p>\n\n\n\n<p>Lorsque je rentre d&rsquo;Asie en 1972, je quitte la France pour \u00e9chapper au service militaire et trouve asile en Allemagne o\u00f9 je dois d&rsquo;abord survivre, non seulement en apprenant \u00e0 ma\u00eetriser la langue allemande, mais encore en m&rsquo;impr\u00e9gnant de la culture allemande et en m&rsquo;enracinant, car je ne vois gu\u00e8re de chance de rentrer de sit\u00f4t en France sans risquer la prison. La Suisse, le pays o\u00f9 j&rsquo;ai v\u00e9cu un temps et o\u00f9 mon meilleur ami Pierre, qui a voyag\u00e9 avec moi en Asie, vit toujours, m&rsquo;\u00e9tait ferm\u00e9e en raison d&rsquo;une interdiction d&rsquo;entr\u00e9e (v. <em>Sur la t\u00eate de Bouddha<\/em>). Il ne me restait plus qu&rsquo;\u00e0 prendre pied dans ce monde germanique que j&rsquo;avais d\u00e9j\u00e0 appr\u00e9ci\u00e9 lors de mes pr\u00e9c\u00e9dentes p\u00e9r\u00e9grinations europ\u00e9ennes.<\/p>\n\n\n\n<p>C&rsquo;est l\u00e0, dans la r\u00e9gion de la Ruhr social-d\u00e9mocrate, que j&rsquo;ai fond\u00e9 ma famille, que je me suis engag\u00e9 dans le mouvement pacifiste et tiers-mondiste allemand et que j&rsquo;ai d\u00e9pos\u00e9 une demande d&rsquo;asile politique, qui a bien s\u00fbr \u00e9t\u00e9 rejet\u00e9e par les autorit\u00e9s allemandes. J&rsquo;ai \u00e9chapp\u00e9 de peu \u00e0 l&rsquo;extradition et me suis battu pour nourrir ma famille, qui s&rsquo;\u00e9tait entre-temps agrandie avec la naissance de deux beaux fils. Pendant cette p\u00e9riode, la vie et ses obligations prennent naturellement le dessus et j&rsquo;\u00e9cris de moins en moins. Je perds m\u00eame partiellement l&rsquo;usage de la langue fran\u00e7aise. <\/p>\n\n\n\n<p>Il y a quelques ann\u00e9es, j&rsquo;ai repris tous les textes que j&rsquo;avais toutes ces ann\u00e9es soigneusement conserv\u00e9s. Je les ai retravaill\u00e9s, tant\u00f4t en fran\u00e7ais, tant\u00f4t en allemand, en faisant parfois d&rsquo;\u00e9tranges allers-retours linguistiques. J&rsquo;ai publi\u00e9 mon premier livre en fran\u00e7ais : \u00ab <em>Sur la t\u00eate de<\/em> <em>Buddha<\/em> \u201c en 2022, et, un an plus tard, son fr\u00e8re jumeau \u201d<em>Auf Buddhas Kopf<\/em> \u00bb. L&rsquo;id\u00e9e d&rsquo;\u00e9crire \u00ab Hommage \u00e0 Antonin Artaud et \u00e0 la Beat Generation \u00bb, mon deuxi\u00e8me livre, m&rsquo;est directement venue apr\u00e8s avoir relu les textes et po\u00e8mes que j&rsquo;avais not\u00e9s dans un cahier d&rsquo;\u00e9colier. Je me suis alors mis \u00e0 la recherche d&rsquo;Artaud le Momo et les autres voyants et visionnaires.<\/p>\n\n\n\n<p> Mes projets actuels : <br>La version allemande de \u00ab <em>Hommage \u00e0 Antonin Artaud et \u00e0 la Beat Generation<\/em> \u00bb, qui ne doit pas \u00eatre une simple traduction, mais prendre en compte les beats allemands ainsi que leurs \u00e9quivalents est-allemands. Un autre projet de livre que je tra\u00eene depuis plus d&rsquo;un an et qui avance tr\u00e8s lentement: \u00ab <em>Bamiyan, la vall\u00e9e divine<\/em> \u00bb, l&rsquo;histoire d&rsquo;une vall\u00e9e mythique au c\u0153ur de l&rsquo;Afghanistan, travers\u00e9e par Alexandre de Mac\u00e9doine, les rois gr\u00e9co-bouddhistes et les artistes du Gandhara, avant d&rsquo;\u00eatre d\u00e9truite par Gengis Khan et oubli\u00e9e pendant plusieurs si\u00e8cles avant que les talibans ne finissent l&rsquo;\u0153uvre des empereurs mongols et pulv\u00e9risent les g\u00e9ants bouddhas de Bamiyan.<\/p>\n\n\n\n<p><\/p>\n","protected":false},"excerpt":{"rendered":"<p>Petite autobiographie Je suis n\u00e9 en 1952 \u00e0 Caen. Apr\u00e8s une enfance paisible dans un petit village normand de 300 habitants, je passe quelques ann\u00e9es au bord de la mer de la Manche \u00e0 Granville, o\u00f9, \u00e0 l&rsquo;\u00e2ge de 13 ans, un grave accident, dans lequel la police et l&rsquo;arm\u00e9e fran\u00e7aise jouent un sale jeu, &hellip; <\/p>\n<p class=\"link-more\"><a href=\"https:\/\/pierrick-dufray.eurosof.de\/fr\/ueber-mich\/\" class=\"more-link\">Continuer la lecture<span class=\"screen-reader-text\"> de &laquo;&nbsp;Sur ma personne&nbsp;&raquo;<\/span><\/a><\/p>\n","protected":false},"author":1,"featured_media":0,"parent":0,"menu_order":0,"comment_status":"open","ping_status":"closed","template":"","meta":{"_monsterinsights_skip_tracking":false,"_monsterinsights_sitenote_active":false,"_monsterinsights_sitenote_note":"","_monsterinsights_sitenote_category":0,"footnotes":""},"class_list":["post-561","page","type-page","status-publish","hentry"],"translation":{"provider":"WPGlobus","version":"3.0.2","language":"fr","enabled_languages":["de","fr","en"],"languages":{"de":{"title":true,"content":true,"excerpt":false},"fr":{"title":true,"content":true,"excerpt":false},"en":{"title":true,"content":true,"excerpt":false}}},"aioseo_notices":[],"_links":{"self":[{"href":"https:\/\/pierrick-dufray.eurosof.de\/fr\/wp-json\/wp\/v2\/pages\/561","targetHints":{"allow":["GET"]}}],"collection":[{"href":"https:\/\/pierrick-dufray.eurosof.de\/fr\/wp-json\/wp\/v2\/pages"}],"about":[{"href":"https:\/\/pierrick-dufray.eurosof.de\/fr\/wp-json\/wp\/v2\/types\/page"}],"author":[{"embeddable":true,"href":"https:\/\/pierrick-dufray.eurosof.de\/fr\/wp-json\/wp\/v2\/users\/1"}],"replies":[{"embeddable":true,"href":"https:\/\/pierrick-dufray.eurosof.de\/fr\/wp-json\/wp\/v2\/comments?post=561"}],"version-history":[{"count":6,"href":"https:\/\/pierrick-dufray.eurosof.de\/fr\/wp-json\/wp\/v2\/pages\/561\/revisions"}],"predecessor-version":[{"id":617,"href":"https:\/\/pierrick-dufray.eurosof.de\/fr\/wp-json\/wp\/v2\/pages\/561\/revisions\/617"}],"wp:attachment":[{"href":"https:\/\/pierrick-dufray.eurosof.de\/fr\/wp-json\/wp\/v2\/media?parent=561"}],"curies":[{"name":"wp","href":"https:\/\/api.w.org\/{rel}","templated":true}]}}