{"id":52,"date":"2020-02-12T00:07:53","date_gmt":"2020-02-12T00:07:53","guid":{"rendered":"https:\/\/pierrick-dufray.eurosof.de\/?page_id=52"},"modified":"2026-02-23T17:18:55","modified_gmt":"2026-02-23T17:18:55","slug":"turquie-et-iran","status":"publish","type":"page","link":"https:\/\/pierrick-dufray.eurosof.de\/fr\/turquie-et-iran\/","title":{"rendered":"Turquie et Iran"},"content":{"rendered":"\n<p class=\"has-text-align-center\"><a href=\"https:\/\/pierrick-dufray.eurosof.de\/fr\/le-grand-voyage\/la-traversee-de-leurope\/\" title=\"\">La Travers\u00e9e de l&rsquo;Europe<\/a><\/p>\n\n\n\n<p class=\"has-text-align-center\"><strong>ISTANBUL<\/strong><\/p>\n\n\n\n<p class=\"has-text-align-center\">Le choc culturel.<br>Nous p\u00e9n\u00e9trons dans le monde musulman. <br><\/p>\n\n\n<div class=\"wp-block-image\">\n<figure class=\"aligncenter size-large is-resized\"><img loading=\"lazy\" decoding=\"async\" width=\"1024\" height=\"904\" src=\"https:\/\/pierrick-dufray.eurosof.de\/wp-content\/uploads\/2020\/02\/hagasofia-1024x904.jpg\" alt=\"\" class=\"wp-image-31\" style=\"aspect-ratio:1.132741387539514;width:420px;height:auto\" srcset=\"https:\/\/pierrick-dufray.eurosof.de\/wp-content\/uploads\/2020\/02\/hagasofia-1024x904.jpg 1024w, https:\/\/pierrick-dufray.eurosof.de\/wp-content\/uploads\/2020\/02\/hagasofia-300x265.jpg 300w, https:\/\/pierrick-dufray.eurosof.de\/wp-content\/uploads\/2020\/02\/hagasofia-768x678.jpg 768w, https:\/\/pierrick-dufray.eurosof.de\/wp-content\/uploads\/2020\/02\/hagasofia-1536x1356.jpg 1536w, https:\/\/pierrick-dufray.eurosof.de\/wp-content\/uploads\/2020\/02\/hagasofia-2048x1808.jpg 2048w\" sizes=\"auto, (max-width: 767px) 89vw, (max-width: 1000px) 54vw, (max-width: 1071px) 543px, 580px\" \/><\/figure>\n<\/div>\n\n\n<p class=\"has-text-align-center\">Istanbul est une ville bruyante, entre modernit\u00e9 et pauvret\u00e9, o\u00f9 le th\u00e9, le narguil\u00e9 et les quartiers populaires r\u00e9v\u00e8lent une vie loin des standards europ\u00e9ens.<\/p>\n\n\n<div class=\"wp-block-image\">\n<figure class=\"aligncenter size-large\"><img loading=\"lazy\" decoding=\"async\" width=\"320\" height=\"240\" src=\"https:\/\/pierrick-dufray.eurosof.de\/wp-content\/uploads\/2020\/02\/cartedevisite_puddingshop_petit.jpg\" alt=\"\" class=\"wp-image-58\" srcset=\"https:\/\/pierrick-dufray.eurosof.de\/wp-content\/uploads\/2020\/02\/cartedevisite_puddingshop_petit.jpg 320w, https:\/\/pierrick-dufray.eurosof.de\/wp-content\/uploads\/2020\/02\/cartedevisite_puddingshop_petit-300x225.jpg 300w\" sizes=\"auto, (max-width: 320px) 100vw, 320px\" \/><figcaption class=\"wp-element-caption\">Nous dormons \u00e0 l\u00b4h\u00f4tel G\u00fcngor, pr\u00e8s du Pudding Shop<\/figcaption><\/figure>\n<\/div>\n\n<div class=\"wp-block-image\">\n<figure class=\"aligncenter size-large is-resized\"><img loading=\"lazy\" decoding=\"async\" width=\"1024\" height=\"430\" src=\"https:\/\/pierrick-dufray.eurosof.de\/wp-content\/uploads\/2020\/02\/galata_bridge-1024x430.jpg\" alt=\"\" class=\"wp-image-53\" style=\"aspect-ratio:2.381345021950661;width:488px;height:auto\" srcset=\"https:\/\/pierrick-dufray.eurosof.de\/wp-content\/uploads\/2020\/02\/galata_bridge-1024x430.jpg 1024w, https:\/\/pierrick-dufray.eurosof.de\/wp-content\/uploads\/2020\/02\/galata_bridge-300x126.jpg 300w, https:\/\/pierrick-dufray.eurosof.de\/wp-content\/uploads\/2020\/02\/galata_bridge-768x323.jpg 768w, https:\/\/pierrick-dufray.eurosof.de\/wp-content\/uploads\/2020\/02\/galata_bridge-1536x645.jpg 1536w, https:\/\/pierrick-dufray.eurosof.de\/wp-content\/uploads\/2020\/02\/galata_bridge-2048x860.jpg 2048w\" sizes=\"auto, (max-width: 767px) 89vw, (max-width: 1000px) 54vw, (max-width: 1071px) 543px, 580px\" \/><figcaption class=\"wp-element-caption\">Nous fumons notre premier narghil\u00e9 sous le pont Galata.<\/figcaption><\/figure>\n<\/div>\n\n<div class=\"wp-block-image\">\n<figure class=\"aligncenter size-large is-resized\"><img loading=\"lazy\" decoding=\"async\" width=\"640\" height=\"178\" src=\"https:\/\/pierrick-dufray.eurosof.de\/wp-content\/uploads\/2020\/02\/bateau_600x140.jpg\" alt=\"\" class=\"wp-image-57\" style=\"width:458px;height:auto\" srcset=\"https:\/\/pierrick-dufray.eurosof.de\/wp-content\/uploads\/2020\/02\/bateau_600x140.jpg 640w, https:\/\/pierrick-dufray.eurosof.de\/wp-content\/uploads\/2020\/02\/bateau_600x140-300x83.jpg 300w\" sizes=\"auto, (max-width: 640px) 100vw, 640px\" \/><figcaption class=\"wp-element-caption\">Nous traversons la Mer Noire en bateau pour atteindre Trabzon.<\/figcaption><\/figure>\n<\/div>\n\n<div class=\"wp-block-image is-style-rounded\">\n<figure class=\"aligncenter size-large is-resized\"><img decoding=\"async\" src=\"https:\/\/pierrick-dufray.eurosof.de\/wp-content\/uploads\/2022\/03\/carte-postale-Mont-ARARAT-edited-1-1024x1024.jpg\" alt=\"\" class=\"wp-image-484\" style=\"width:392px;height:auto\"\/><figcaption class=\"wp-element-caption\">Nous traversons le Kurdistan en autobus. \u00c0 l&rsquo;horizon, le mont Hararat<\/figcaption><\/figure>\n<\/div>\n\n\n<p class=\"has-text-align-center\">\u00c0 la fronti\u00e8re avec l&rsquo;Iran, Carole, une Arm\u00e9no-Am\u00e9ricaine, se joint \u00e0 nous, heureuse de pouvoir enfin se prot\u00e9ger de l&rsquo;harc\u00e8lement des hommes turcs.<br> La condition des femmes dans ces soci\u00e9t\u00e9s patriarcales nous questionne.<\/p>\n\n\n\n<p class=\"has-text-align-center\">L\u2019h\u00f4tel Bagdhad de T\u00e9h\u00e9ran est un microcosme de la contre-culture : dealers fran\u00e7ais accroch\u00e9s \u00e0 l\u2019h\u00e9ro\u00efne, hippies en transit, et une atmosph\u00e8re de d\u00e9fonce g\u00e9n\u00e9ralis\u00e9e (opium, haschisch). Fascination pour l\u2019Orient (bazars, architecture, po\u00e9sie) et d\u00e9go\u00fbt face \u00e0 la violence d\u2019\u00c9tat et \u00e0 la mis\u00e8re. <\/p>\n\n\n<div class=\"wp-block-image\">\n<figure class=\"aligncenter size-large is-resized\"><img loading=\"lazy\" decoding=\"async\" width=\"954\" height=\"1024\" src=\"https:\/\/pierrick-dufray.eurosof.de\/wp-content\/uploads\/2020\/02\/teheran_hotel-1-954x1024.jpg\" alt=\"\" class=\"wp-image-55\" style=\"aspect-ratio:0.9316469536628054;width:360px;height:auto\" srcset=\"https:\/\/pierrick-dufray.eurosof.de\/wp-content\/uploads\/2020\/02\/teheran_hotel-1-954x1024.jpg 954w, https:\/\/pierrick-dufray.eurosof.de\/wp-content\/uploads\/2020\/02\/teheran_hotel-1-280x300.jpg 280w, https:\/\/pierrick-dufray.eurosof.de\/wp-content\/uploads\/2020\/02\/teheran_hotel-1-768x824.jpg 768w, https:\/\/pierrick-dufray.eurosof.de\/wp-content\/uploads\/2020\/02\/teheran_hotel-1-1431x1536.jpg 1431w, https:\/\/pierrick-dufray.eurosof.de\/wp-content\/uploads\/2020\/02\/teheran_hotel-1-1908x2048.jpg 1908w\" sizes=\"auto, (max-width: 767px) 89vw, (max-width: 1000px) 54vw, (max-width: 1071px) 543px, 580px\" \/><figcaption class=\"wp-element-caption\">La cour centrale de notre hotel des Mille et Une nuits \u00e0 T\u00e9h\u00e9ran.<\/figcaption><\/figure>\n<\/div>\n\n\n<p class=\"has-text-align-center\">T\u00e9h\u00e9ran appara\u00eet comme une ville en mutation, o\u00f9 cohabitent modernit\u00e9 superficielle et oppression. <\/p>\n\n\n<div class=\"wp-block-image wp-block-image aligncenter size-large is-resized\">\n<figure ><img loading=\"lazy\" decoding=\"async\" width=\"898\" height=\"757\" src=\"https:\/\/pierrick-dufray.eurosof.de\/wp-content\/uploads\/2020\/02\/timbre_shah_soraya.jpg\" alt=\"\" class=\"wp-image-66\" style=\"aspect-ratio:1.186271591431932;width:449px;height:auto\" srcset=\"https:\/\/pierrick-dufray.eurosof.de\/wp-content\/uploads\/2020\/02\/timbre_shah_soraya.jpg 898w, https:\/\/pierrick-dufray.eurosof.de\/wp-content\/uploads\/2020\/02\/timbre_shah_soraya-300x253.jpg 300w, https:\/\/pierrick-dufray.eurosof.de\/wp-content\/uploads\/2020\/02\/timbre_shah_soraya-768x647.jpg 768w\" sizes=\"auto, (max-width: 767px) 89vw, (max-width: 1000px) 54vw, (max-width: 1071px) 543px, 580px\" \/><figcaption class=\"wp-element-caption\">Le shah contr\u00f4le  encore le pays<\/figcaption><\/figure>\n<\/div>\n\n\n<p class=\"has-text-align-center\">Notre voyage se poursuit vers Maschhad, o\u00f9 l\u2019opium et les paysages oniriques masquent temporairement l\u2019horreur des journaux locaux couverts de cadavres de \u00ab\u00a0terroristes\u00a0\u00bb.<\/p>\n\n\n\n<p class=\"has-text-align-center\"><a href=\"https:\/\/pierrick-dufray.eurosof.de\/fr\/le-grand-voyage\/herat-la-sereine\/\" title=\"\">Herat<\/a><\/p>\n\n\n\n<p><\/p>\n","protected":false},"excerpt":{"rendered":"<p>La Travers\u00e9e de l&rsquo;Europe ISTANBUL Le choc culturel.Nous p\u00e9n\u00e9trons dans le monde musulman. Istanbul est une ville bruyante, entre modernit\u00e9 et pauvret\u00e9, o\u00f9 le th\u00e9, le narguil\u00e9 et les quartiers populaires r\u00e9v\u00e8lent une vie loin des standards europ\u00e9ens. \u00c0 la fronti\u00e8re avec l&rsquo;Iran, Carole, une Arm\u00e9no-Am\u00e9ricaine, se joint \u00e0 nous, heureuse de pouvoir enfin se &hellip; <\/p>\n<p class=\"link-more\"><a href=\"https:\/\/pierrick-dufray.eurosof.de\/fr\/turquie-et-iran\/\" class=\"more-link\">Continuer la lecture<span class=\"screen-reader-text\"> de &laquo;&nbsp;Turquie et Iran&nbsp;&raquo;<\/span><\/a><\/p>\n","protected":false},"author":1,"featured_media":0,"parent":0,"menu_order":0,"comment_status":"open","ping_status":"closed","template":"","meta":{"_monsterinsights_skip_tracking":false,"_monsterinsights_sitenote_active":false,"_monsterinsights_sitenote_note":"","_monsterinsights_sitenote_category":0,"footnotes":""},"class_list":["post-52","page","type-page","status-publish","hentry"],"translation":{"provider":"WPGlobus","version":"3.0.2","language":"fr","enabled_languages":["de","fr","en"],"languages":{"de":{"title":true,"content":true,"excerpt":false},"fr":{"title":true,"content":true,"excerpt":false},"en":{"title":true,"content":true,"excerpt":false}}},"aioseo_notices":[],"_links":{"self":[{"href":"https:\/\/pierrick-dufray.eurosof.de\/fr\/wp-json\/wp\/v2\/pages\/52","targetHints":{"allow":["GET"]}}],"collection":[{"href":"https:\/\/pierrick-dufray.eurosof.de\/fr\/wp-json\/wp\/v2\/pages"}],"about":[{"href":"https:\/\/pierrick-dufray.eurosof.de\/fr\/wp-json\/wp\/v2\/types\/page"}],"author":[{"embeddable":true,"href":"https:\/\/pierrick-dufray.eurosof.de\/fr\/wp-json\/wp\/v2\/users\/1"}],"replies":[{"embeddable":true,"href":"https:\/\/pierrick-dufray.eurosof.de\/fr\/wp-json\/wp\/v2\/comments?post=52"}],"version-history":[{"count":26,"href":"https:\/\/pierrick-dufray.eurosof.de\/fr\/wp-json\/wp\/v2\/pages\/52\/revisions"}],"predecessor-version":[{"id":1192,"href":"https:\/\/pierrick-dufray.eurosof.de\/fr\/wp-json\/wp\/v2\/pages\/52\/revisions\/1192"}],"wp:attachment":[{"href":"https:\/\/pierrick-dufray.eurosof.de\/fr\/wp-json\/wp\/v2\/media?parent=52"}],"curies":[{"name":"wp","href":"https:\/\/api.w.org\/{rel}","templated":true}]}}