{"id":497,"date":"2022-03-29T21:28:07","date_gmt":"2022-03-29T21:28:07","guid":{"rendered":"https:\/\/pierrick-dufray.eurosof.de\/?page_id=497"},"modified":"2026-02-19T17:57:02","modified_gmt":"2026-02-19T17:57:02","slug":"neues-aus-afghanistan","status":"publish","type":"page","link":"https:\/\/pierrick-dufray.eurosof.de\/fr\/neues-aus-afghanistan\/","title":{"rendered":"Publications"},"content":{"rendered":"\n<p>18.02.2026<\/p>\n\n\n\n<figure class=\"wp-block-embed is-type-rich is-provider-amazon wp-block-embed-amazon\"><div class=\"wp-block-embed__wrapper\">\n<iframe loading=\"lazy\" title=\"Bamiyan La vall\u00e9e d\u00e9figur\u00e9e\" type=\"text\/html\" width=\"525\" height=\"550\" frameborder=\"0\" allowfullscreen style=\"max-width:100%\" src=\"https:\/\/lire.amazon.fr\/kp\/card?preview=inline&#038;linkCode=kpd&#038;ref_=k4w_oembed_kmSABsGwTObfC2&#038;asin=B0G76YF9NV&#038;tag=kpembed-20\"><\/iframe>\n<\/div><\/figure>\n\n\n\n<p><strong>Ce nouveau livre relate<br>&nbsp;l&rsquo;histoire de Bamiyan<br>D&rsquo;Adam et \u00c8ve aux talibans.<br>D&rsquo;Alexandre le Grand \u00e0 Gengis Khan.<br>De Zarathoustra \u00e0 Mahomet.<br>De Bouddha \u00e0 Rumi<br>et laisse la parole \u00e0 de nombreux t\u00e9moins,<br>chinois et am\u00e9ricains,<br>britanniques et indiens,<br>f\u00e9minins et masculins,<br>Hazaras et Pachtounes.<br><br>Bamiyan, un village, une vall\u00e9e mythique sur la route de la soie, prot\u00e9g\u00e9e par des montagnes presque infranchissables.<br>Des civilisations, des cultures et des religions s&rsquo;y sont succ\u00e9d\u00e9es, s&rsquo;y sont \u00e9panouies avant de dispara\u00eetre, certaines sans laisser de traces. P\u00e8lerins et proph\u00e8tes, po\u00e8tes et moines sont venus ici pour prier, danser et sculpter dans la roche des bouddhas gigantesques qui ont rayonn\u00e9 sur toute la r\u00e9gion.<br>Les conqu\u00e9rants et les fanatiques l&rsquo;ont d\u00e9figur\u00e9e, mais les aventuriers et les explorateurs lui ont redonn\u00e9 vie. La colonisation, l&rsquo;esclavage, les purges ethniques et le fanatisme religieux ont ensuite sem\u00e9 la terreur, d\u00e9shumanis\u00e9 la population hazara et aveugl\u00e9 les bouddhas.<br>Les talibans ont finalement d\u00e9truit les bouddhas au d\u00e9but du 21<sup>\u00e8me<\/sup> si\u00e8cle, la vall\u00e9e a \u00e9t\u00e9 mutil\u00e9e, d\u00e9figur\u00e9e et Bamiyan ne r\u00eave plus aujourd&rsquo;hui que de redevenir une vall\u00e9e paisible.<br><br><\/strong><\/p>\n\n\n\n<p>01.11.2025<\/p>\n\n\n\n<p class=\"has-text-align-center\"><br>Traduction de l\u2019\u0153uvre de Carl Ritter \u00ab\u00a0De Stupa\u2019s (Topes) oder die architectonischen Denkmale an der Indo-Baktrischen K\u00f6nigsstra\u00dfe und die Colosse von Bamiyan\u00a0\u00bb:<\/p>\n\n\n\n<figure class=\"wp-block-embed is-type-rich is-provider-amazon wp-block-embed-amazon\"><div class=\"wp-block-embed__wrapper\">\n<iframe loading=\"lazy\" title=\"Stupas indobactriens et les Colosses de Bamiyan\" type=\"text\/html\" width=\"525\" height=\"550\" frameborder=\"0\" allowfullscreen style=\"max-width:100%\" src=\"https:\/\/lire.amazon.fr\/kp\/card?preview=inline&#038;linkCode=kpd&#038;ref_=k4w_oembed_e6I43DIpyWjzo1&#038;asin=B0FKKGZXQD&#038;tag=kpembed-20\"><\/iframe>\n<\/div><\/figure>\n\n\n\n<p>23.03.2025<\/p>\n\n\n\n<p>Le 12e num\u00e9ro d&rsquo;\u00c9cho Antonin Artaud, consacr\u00e9 aux femmes qui ont marqu\u00e9 la vie d&rsquo;Antonin Artaud, vient de para\u00eetre:<br>\u00c0 la page 118 : \u00ab Ana\u00efs Nin et Antonin Artaud \u00bb, mon article sur la relation amoureuse entre Artaud, l&rsquo;homme \u00e9corch\u00e9, et Ana\u00efs Nin, une femme passionn\u00e9e et passionnante, c\u00e9l\u00e8bre pour ses journaux intimes, son \u0153uvre novatrice et sa relation avec Henry Miller.<\/p>\n\n\n\n\n\n<figure class=\"wp-block-image size-large\"><a href=\"https:\/\/echoantoninartaud.com\/wp-content\/uploads\/2025\/03\/muses-artaud.pdf\"><img decoding=\"async\" src=\"https:\/\/echoantoninartaud.com\/wp-content\/uploads\/2025\/03\/1.png?w=1024\" alt=\"\"\/><\/a><\/figure>\n\n\n\n<p>13.01.2025<\/p>\n\n\n\n<p class=\"has-text-align-center\">Le 11e num\u00e9ro d&rsquo;Echo Antonin Artaud consacr\u00e9 \u00e0 \u00ab Artaud et le Rock \u00bb vient de para\u00eetre :<br><br>Au milieu de cette publication passionnante et de grande qualit\u00e9, vous trouverez, aux pages 62 \u00e0 67, mon article sur la relation entre Antonin Artaud et la Beat Generation:<br> \u00ab Artaud meets Beats \u00bb.<\/p>\n\n\n\n<p><\/p>\n\n\n\n<figure class=\"wp-block-image size-full\"><a href=\"https:\/\/echoantoninartaud.com\/echo-antonin-artaud-issues-to-download-in-english\/\"><img loading=\"lazy\" decoding=\"async\" width=\"1024\" height=\"1024\" src=\"https:\/\/pierrick-dufray.eurosof.de\/wp-content\/uploads\/2025\/01\/echoartaud1.webp\" alt=\"\" class=\"wp-image-684\" srcset=\"https:\/\/pierrick-dufray.eurosof.de\/wp-content\/uploads\/2025\/01\/echoartaud1.webp 1024w, https:\/\/pierrick-dufray.eurosof.de\/wp-content\/uploads\/2025\/01\/echoartaud1-300x300.webp 300w, https:\/\/pierrick-dufray.eurosof.de\/wp-content\/uploads\/2025\/01\/echoartaud1-150x150.webp 150w, https:\/\/pierrick-dufray.eurosof.de\/wp-content\/uploads\/2025\/01\/echoartaud1-768x768.webp 768w, https:\/\/pierrick-dufray.eurosof.de\/wp-content\/uploads\/2025\/01\/echoartaud1-100x100.webp 100w\" sizes=\"auto, (max-width: 767px) 89vw, (max-width: 1000px) 54vw, (max-width: 1071px) 543px, 580px\" \/><\/a><\/figure>\n\n\n\n<p>23.12.2024<\/p>\n\n\n\n<h2 class=\"wp-block-heading\"><strong>Hommage \u00e0 Antonin Artaud et \u00e0 la Beat Generation<\/strong><br><br>Un hommage \u00e0 Artaud, Ginsberg et Burroughs mais aussi un hommage \u00e0 tous ceux que l\u2019histoire de la Beat Generation a tr\u00e8s souvent pass\u00e9 sous silence, un hommage aux Po\u00e8tes et aux R\u00eaveurs, aux Passeurs et aux Chercheurs, aux Amoureux et aux Fous, aux Voyants et aux Visionnaires. Un hommage \u00e0 Carl Solomon et Gerd Stern, \u00e0 Ana\u00efs Nin et Andr\u00e9 Breton, \u00e0 Lawrence Ferlinghetti et Maurice Girondias, \u00e0 Philip Lamantia et Brion Gysin, \u00e0 Leroi Jones et Bob Kaufman, \u00e0 Jean-Jacques Lebel et Claude P\u00e9lieu et \u00e0 tous les fous qui ont r\u00eav\u00e9 (pendant) cette \u00e9poque.<br>Un voyage dans l\u2019espace et le temps, \u00e0 la recherche de l\u2019esprit d\u2019Artaud, dans les asyles et les bars, les d\u00e9serts et les cimeti\u00e8res, de Big Sur \u00e0 la Sierra Tarahumara, du Th\u00e9\u00e2tre du Vieux Colombier \u00e0 la Six Gallery et Du Beat Hotel parisien \u00e0 l\u2019Electric Lady Studio de New York City o\u00f9 Patti Smith enregistre en 2019 The Peyote dance.<br>Un hurlement de r\u00e9volte contre le Moloch et la Brigade Anti-R\u00eaves, cinq minutes avant qu\u2019une quelconque intelligence artificielle d\u00e9cide d\u2019\u00e9crire le livre, dont elle pense que vous voulez ou devez le lire.<\/h2>\n\n\n\n<figure class=\"wp-block-embed is-type-rich is-provider-amazon wp-block-embed-amazon\"><div class=\"wp-block-embed__wrapper\">\n<iframe loading=\"lazy\" title=\"Hommage \u00e0 Antonin Artaud et \u00e0 la Beat Generation\" type=\"text\/html\" width=\"525\" height=\"550\" frameborder=\"0\" allowfullscreen style=\"max-width:100%\" src=\"https:\/\/lire.amazon.fr\/kp\/card?preview=inline&#038;linkCode=kpd&#038;ref_=k4w_oembed_YKYSUoHQZ7dtKw&#038;asin=B0C5WBSX9H&#038;tag=kpembed-20\"><\/iframe>\n<\/div><\/figure>\n\n\n\n<p class=\"has-text-align-center\">10\/03\/2022<br>Mon premier roman:<br>Sur la t\u00eate de Bouddha <br>(de Bamiyan)<\/p>\n\n\n\n<figure class=\"wp-block-image size-large\"><a href=\"https:\/\/www.fnac.com\/a16854113\/Pierrick-Dufray-Sur-la-Tete-de-Bouddha\"><img loading=\"lazy\" decoding=\"async\" width=\"1024\" height=\"773\" src=\"https:\/\/pierrick-dufray.eurosof.de\/wp-content\/uploads\/2026\/02\/cover2649x2000_F-1024x773.jpg\" alt=\"\" class=\"wp-image-742\" srcset=\"https:\/\/pierrick-dufray.eurosof.de\/wp-content\/uploads\/2026\/02\/cover2649x2000_F-1024x773.jpg 1024w, https:\/\/pierrick-dufray.eurosof.de\/wp-content\/uploads\/2026\/02\/cover2649x2000_F-300x227.jpg 300w, https:\/\/pierrick-dufray.eurosof.de\/wp-content\/uploads\/2026\/02\/cover2649x2000_F-768x580.jpg 768w, https:\/\/pierrick-dufray.eurosof.de\/wp-content\/uploads\/2026\/02\/cover2649x2000_F-1536x1160.jpg 1536w, https:\/\/pierrick-dufray.eurosof.de\/wp-content\/uploads\/2026\/02\/cover2649x2000_F.jpg 1564w\" sizes=\"auto, (max-width: 767px) 89vw, (max-width: 1000px) 54vw, (max-width: 1071px) 543px, 580px\" \/><\/a><\/figure>\n","protected":false},"excerpt":{"rendered":"<p>18.02.2026 Ce nouveau livre relate&nbsp;l&rsquo;histoire de BamiyanD&rsquo;Adam et \u00c8ve aux talibans.D&rsquo;Alexandre le Grand \u00e0 Gengis Khan.De Zarathoustra \u00e0 Mahomet.De Bouddha \u00e0 Rumiet laisse la parole \u00e0 de nombreux t\u00e9moins,chinois et am\u00e9ricains,britanniques et indiens,f\u00e9minins et masculins,Hazaras et Pachtounes. Bamiyan, un village, une vall\u00e9e mythique sur la route de la soie, prot\u00e9g\u00e9e par des montagnes presque infranchissables.Des &hellip; <\/p>\n<p class=\"link-more\"><a href=\"https:\/\/pierrick-dufray.eurosof.de\/fr\/neues-aus-afghanistan\/\" class=\"more-link\">Continuer la lecture<span class=\"screen-reader-text\"> de &laquo;&nbsp;Publications&nbsp;&raquo;<\/span><\/a><\/p>\n","protected":false},"author":1,"featured_media":0,"parent":0,"menu_order":0,"comment_status":"open","ping_status":"closed","template":"","meta":{"_monsterinsights_skip_tracking":false,"_monsterinsights_sitenote_active":false,"_monsterinsights_sitenote_note":"","_monsterinsights_sitenote_category":0,"footnotes":""},"class_list":["post-497","page","type-page","status-publish","hentry"],"translation":{"provider":"WPGlobus","version":"3.0.2","language":"fr","enabled_languages":["de","fr","en"],"languages":{"de":{"title":true,"content":true,"excerpt":false},"fr":{"title":true,"content":true,"excerpt":false},"en":{"title":true,"content":false,"excerpt":false}}},"aioseo_notices":[],"_links":{"self":[{"href":"https:\/\/pierrick-dufray.eurosof.de\/fr\/wp-json\/wp\/v2\/pages\/497","targetHints":{"allow":["GET"]}}],"collection":[{"href":"https:\/\/pierrick-dufray.eurosof.de\/fr\/wp-json\/wp\/v2\/pages"}],"about":[{"href":"https:\/\/pierrick-dufray.eurosof.de\/fr\/wp-json\/wp\/v2\/types\/page"}],"author":[{"embeddable":true,"href":"https:\/\/pierrick-dufray.eurosof.de\/fr\/wp-json\/wp\/v2\/users\/1"}],"replies":[{"embeddable":true,"href":"https:\/\/pierrick-dufray.eurosof.de\/fr\/wp-json\/wp\/v2\/comments?post=497"}],"version-history":[{"count":44,"href":"https:\/\/pierrick-dufray.eurosof.de\/fr\/wp-json\/wp\/v2\/pages\/497\/revisions"}],"predecessor-version":[{"id":785,"href":"https:\/\/pierrick-dufray.eurosof.de\/fr\/wp-json\/wp\/v2\/pages\/497\/revisions\/785"}],"wp:attachment":[{"href":"https:\/\/pierrick-dufray.eurosof.de\/fr\/wp-json\/wp\/v2\/media?parent=497"}],"curies":[{"name":"wp","href":"https:\/\/api.w.org\/{rel}","templated":true}]}}