{"id":45,"date":"2020-02-11T23:43:28","date_gmt":"2020-02-11T23:43:28","guid":{"rendered":"https:\/\/pierrick-dufray.eurosof.de\/?page_id=45"},"modified":"2022-03-29T21:48:18","modified_gmt":"2022-03-29T21:48:18","slug":"poemes-et-autres","status":"publish","type":"page","link":"https:\/\/pierrick-dufray.eurosof.de\/fr\/poemes-et-autres\/","title":{"rendered":"Po\u00e8mes et Autres"},"content":{"rendered":"\n<p class=\"has-text-align-center has-medium-font-size\">As tu d\u00e9j\u00e0 essay\u00e9 de d\u00e9chiffrer l&rsquo;\u00e2me de la mer dans son oeil infini?<\/p>\n\n\n\n<hr class=\"wp-block-separator has-text-color has-background has-pale-pink-background-color has-pale-pink-color is-style-wide\"\/>\n\n\n\n<p class=\"has-text-align-center has-medium-font-size\">Sur le Mont Ararat<br>Un enfant a baill\u00e9<br>Pleurs, Cris de Guerre<br>Le Vent s\u2019est lev\u00e9<br>Transformation inconsciente<br>d\u2019un univers \u00c9TRANGL\u00c8\u00a0!!!<br>Un \u00e8clatement<br>Un rugissement a tout chang\u00e9<br>La machine s&rsquo;est enray\u00e9e<br>3 Traits se sont bouscul\u00e9s<br>Et la Mort a balay\u00e9<br>ce qui restait<br>(Mars 1974)<\/p>\n\n\n\n<hr class=\"wp-block-separator has-text-color has-background has-pale-cyan-blue-background-color has-pale-cyan-blue-color is-style-wide\"\/>\n\n\n\n<p class=\"has-text-align-center has-medium-font-size\">Adieu Carcasse<br>Adieu Tourments<\/p>\n\n\n\n<p class=\"has-text-align-center has-medium-font-size\">Je te laisse p\u00e9rir<\/p>\n\n\n\n<p class=\"has-text-align-center has-medium-font-size\">Il te faudra rena\u00eetre<br>Errer, Errer, Errer<\/p>\n\n\n\n<p class=\"has-text-align-center has-medium-font-size\">Et errer de nouveau<br>\u00c0 travers les T\u00e9n\u00e9bres<br><br>(197x)<\/p>\n\n\n\n<hr class=\"wp-block-separator has-text-color has-background has-vivid-green-cyan-background-color has-vivid-green-cyan-color is-style-wide\"\/>\n\n\n\n<p class=\"has-medium-font-size\"><\/p>\n\n\n\n<p class=\"has-text-align-center has-medium-font-size\">Face \u00e0 l\u2019absurdit\u00e9 du Monde\u00a0:<br>L\u2019Amour, la D\u00e9fonce, la Musique, la Cr\u00e9ation, la psych\u00e9dilisation de la Vie \u2026. L\u2019Orgasme\u00a0!<br><br>Ou<br><br>L\u2019Abrutissement par le Travail, le Confort, les mass-m\u00e9dias et les mythes de tout genre, moto, sport, politique.<br><br>Ou<br><br> Le Suicide\u00a0!<br><br>(23.II.1973) <\/p>\n\n\n\n<hr class=\"wp-block-separator has-text-color has-background has-luminous-vivid-amber-background-color has-luminous-vivid-amber-color is-style-wide\"\/>\n\n\n\n<p class=\"has-text-align-center has-medium-font-size\">Le hasard n\u2019existe pas \u2026<br>Les carrefours sont o\u00f9 ils sont \u2026<br>Et ce qui est, s\u2019il est, est o\u00f9 il est.<br>(2021)<\/p>\n","protected":false},"excerpt":{"rendered":"<p>As tu d\u00e9j\u00e0 essay\u00e9 de d\u00e9chiffrer l&rsquo;\u00e2me de la mer dans son oeil infini? Sur le Mont AraratUn enfant a baill\u00e9Pleurs, Cris de GuerreLe Vent s\u2019est lev\u00e9Transformation inconsciented\u2019un univers \u00c9TRANGL\u00c8\u00a0!!!Un \u00e8clatementUn rugissement a tout chang\u00e9La machine s&rsquo;est enray\u00e9e3 Traits se sont bouscul\u00e9sEt la Mort a balay\u00e9ce qui restait(Mars 1974) Adieu CarcasseAdieu Tourments Je te laisse &hellip; <\/p>\n<p class=\"link-more\"><a href=\"https:\/\/pierrick-dufray.eurosof.de\/fr\/poemes-et-autres\/\" class=\"more-link\">Continuer la lecture<span class=\"screen-reader-text\"> de &laquo;&nbsp;Po\u00e8mes et Autres&nbsp;&raquo;<\/span><\/a><\/p>\n","protected":false},"author":1,"featured_media":0,"parent":0,"menu_order":0,"comment_status":"open","ping_status":"closed","template":"","meta":{"_monsterinsights_skip_tracking":false,"_monsterinsights_sitenote_active":false,"_monsterinsights_sitenote_note":"","_monsterinsights_sitenote_category":0,"footnotes":""},"class_list":["post-45","page","type-page","status-publish","hentry"],"translation":{"provider":"WPGlobus","version":"3.0.2","language":"fr","enabled_languages":["de","fr","en"],"languages":{"de":{"title":true,"content":true,"excerpt":false},"fr":{"title":true,"content":true,"excerpt":false},"en":{"title":true,"content":true,"excerpt":false}}},"aioseo_notices":[],"_links":{"self":[{"href":"https:\/\/pierrick-dufray.eurosof.de\/fr\/wp-json\/wp\/v2\/pages\/45","targetHints":{"allow":["GET"]}}],"collection":[{"href":"https:\/\/pierrick-dufray.eurosof.de\/fr\/wp-json\/wp\/v2\/pages"}],"about":[{"href":"https:\/\/pierrick-dufray.eurosof.de\/fr\/wp-json\/wp\/v2\/types\/page"}],"author":[{"embeddable":true,"href":"https:\/\/pierrick-dufray.eurosof.de\/fr\/wp-json\/wp\/v2\/users\/1"}],"replies":[{"embeddable":true,"href":"https:\/\/pierrick-dufray.eurosof.de\/fr\/wp-json\/wp\/v2\/comments?post=45"}],"version-history":[{"count":11,"href":"https:\/\/pierrick-dufray.eurosof.de\/fr\/wp-json\/wp\/v2\/pages\/45\/revisions"}],"predecessor-version":[{"id":507,"href":"https:\/\/pierrick-dufray.eurosof.de\/fr\/wp-json\/wp\/v2\/pages\/45\/revisions\/507"}],"wp:attachment":[{"href":"https:\/\/pierrick-dufray.eurosof.de\/fr\/wp-json\/wp\/v2\/media?parent=45"}],"curies":[{"name":"wp","href":"https:\/\/api.w.org\/{rel}","templated":true}]}}