{"id":378,"date":"2024-12-30T18:49:01","date_gmt":"2024-12-30T18:49:01","guid":{"rendered":"https:\/\/pierrick-dufray.eurosof.de\/?page_id=378"},"modified":"2026-02-28T15:47:40","modified_gmt":"2026-02-28T15:47:40","slug":"pakistan","status":"publish","type":"page","link":"https:\/\/pierrick-dufray.eurosof.de\/fr\/pakistan\/","title":{"rendered":"Pakistan, la d\u00e9prime"},"content":{"rendered":"\n<p class=\"has-text-align-center\"><a href=\"https:\/\/pierrick-dufray.eurosof.de\/fr\/swat\/\" title=\"\">Swat<\/a><\/p>\n\n\n\n<p>Le chapitre raconte la travers\u00e9e solitaire du Pakistan en ao\u00fbt 1972, marqu\u00e9e par la s\u00e9paration d\u2019avec Pierre (parti vers l\u2019Inde) et une s\u00e9rie d\u2019\u00e9preuves bureaucratiques et morales. <\/p>\n\n\n\n<p>\u00c0 Lahore, le narrateur \u00e9chappe de justesse \u00e0 une arrestation pour possession de haschisch en corrompant des policiers, puis se heurte \u00e0 l\u2019absurdit\u00e9 administrative pour remplacer des traveller\u2019s cheques vol\u00e9s. Les contrastes du pays sautent aux yeux : le <em>Mall<\/em> de Lahore, o\u00f9 l\u2019alcool est vendu aux \u00e9trangers sous le manteau, c\u00f4toie la mis\u00e8re des rues, tandis qu\u2019un repas europ\u00e9en (poulet, caf\u00e9 cr\u00e8me) devient un luxe nostalgique.<\/p>\n\n\n\n<p>Le voyage en train vers Quetta, \u00e0 travers des d\u00e9serts \u00e0 50\u00b0C, r\u00e9v\u00e8le les tensions politiques du Baloutchistan, o\u00f9 un leader ind\u00e9pendantiste lui explique les revendications s\u00e9cessionnistes. \u00c0 Quetta, ville aust\u00e8re aux allures de Herat, il noue une amiti\u00e9 ambigu\u00eb avec le g\u00e9rant afghan de son h\u00f4tel, jeune homme brillant mais d\u00e9sesp\u00e9r\u00e9, pr\u00eat \u00e0 s\u2019exiler comme \u00ab\u00a0domestique\u00a0\u00bb en Europe. <\/p>\n\n\n\n<p>Ce miroir invers\u00e9 de sa propre libert\u00e9 le plonge dans une crise existentielle : lui qui a rejet\u00e9 une carri\u00e8re prometteuse en informatique pour fuir l\u2019Occident se confronte \u00e0 ceux qui r\u00eavent pr\u00e9cis\u00e9ment de ce qu\u2019il a fui. La rencontre avec des professeurs fran\u00e7ais en voyage \u00ab\u00a0culturel\u00a0\u00bb \u2013 incultes et m\u00e9prisants \u2013 ach\u00e8ve de le d\u00e9go\u00fbter.<\/p>\n\n\n\n<p>Malade (fi\u00e8vre, toux), \u00e9puis\u00e9 physiquement et moralement (\u00ab\u00a0ce monde ne m\u2019int\u00e9resse plus\u00a0\u00bb), il pressent la fin de son aventure asiatique. Le texte alterne entre observations ethnographiques (le Baloutchistan \u00ab\u00a0colonie interne\u00a0\u00bb du Pakistan) et introspection am\u00e8re, citant Flaubert pour souligner son propre d\u00e9paysement. La route vers l\u2019Iran s\u2019annonce comme une fuite en avant, sans illusion.<\/p>\n\n\n\n<p class=\"has-text-align-center\"><a href=\"https:\/\/pierrick-dufray.eurosof.de\/fr\/balutschistan\/\" title=\"\">Baloutchistan<\/a><\/p>\n\n\n\n<blockquote class=\"wp-block-quote is-layout-flow wp-block-quote-is-layout-flow\">\n<p><\/p>\n<\/blockquote>\n\n\n\n<p><\/p>\n","protected":false},"excerpt":{"rendered":"<p>Swat Le chapitre raconte la travers\u00e9e solitaire du Pakistan en ao\u00fbt 1972, marqu\u00e9e par la s\u00e9paration d\u2019avec Pierre (parti vers l\u2019Inde) et une s\u00e9rie d\u2019\u00e9preuves bureaucratiques et morales. \u00c0 Lahore, le narrateur \u00e9chappe de justesse \u00e0 une arrestation pour possession de haschisch en corrompant des policiers, puis se heurte \u00e0 l\u2019absurdit\u00e9 administrative pour remplacer des &hellip; <\/p>\n<p class=\"link-more\"><a href=\"https:\/\/pierrick-dufray.eurosof.de\/fr\/pakistan\/\" class=\"more-link\">Continuer la lecture<span class=\"screen-reader-text\"> de &laquo;&nbsp;Pakistan, la d\u00e9prime&nbsp;&raquo;<\/span><\/a><\/p>\n","protected":false},"author":1,"featured_media":0,"parent":0,"menu_order":0,"comment_status":"open","ping_status":"closed","template":"","meta":{"_monsterinsights_skip_tracking":false,"_monsterinsights_sitenote_active":false,"_monsterinsights_sitenote_note":"","_monsterinsights_sitenote_category":0,"footnotes":""},"class_list":["post-378","page","type-page","status-publish","hentry"],"translation":{"provider":"WPGlobus","version":"3.0.2","language":"fr","enabled_languages":["de","fr","en"],"languages":{"de":{"title":true,"content":true,"excerpt":false},"fr":{"title":true,"content":true,"excerpt":false},"en":{"title":true,"content":true,"excerpt":false}}},"aioseo_notices":[],"_links":{"self":[{"href":"https:\/\/pierrick-dufray.eurosof.de\/fr\/wp-json\/wp\/v2\/pages\/378","targetHints":{"allow":["GET"]}}],"collection":[{"href":"https:\/\/pierrick-dufray.eurosof.de\/fr\/wp-json\/wp\/v2\/pages"}],"about":[{"href":"https:\/\/pierrick-dufray.eurosof.de\/fr\/wp-json\/wp\/v2\/types\/page"}],"author":[{"embeddable":true,"href":"https:\/\/pierrick-dufray.eurosof.de\/fr\/wp-json\/wp\/v2\/users\/1"}],"replies":[{"embeddable":true,"href":"https:\/\/pierrick-dufray.eurosof.de\/fr\/wp-json\/wp\/v2\/comments?post=378"}],"version-history":[{"count":15,"href":"https:\/\/pierrick-dufray.eurosof.de\/fr\/wp-json\/wp\/v2\/pages\/378\/revisions"}],"predecessor-version":[{"id":1233,"href":"https:\/\/pierrick-dufray.eurosof.de\/fr\/wp-json\/wp\/v2\/pages\/378\/revisions\/1233"}],"wp:attachment":[{"href":"https:\/\/pierrick-dufray.eurosof.de\/fr\/wp-json\/wp\/v2\/media?parent=378"}],"curies":[{"name":"wp","href":"https:\/\/api.w.org\/{rel}","templated":true}]}}