{"id":35,"date":"2020-02-07T18:24:38","date_gmt":"2020-02-07T18:24:38","guid":{"rendered":"https:\/\/pierrick-dufray.eurosof.de\/?page_id=35"},"modified":"2026-02-23T18:18:27","modified_gmt":"2026-02-23T18:18:27","slug":"la-traversee-de-leurope","status":"publish","type":"page","link":"https:\/\/pierrick-dufray.eurosof.de\/fr\/le-grand-voyage\/la-traversee-de-leurope\/","title":{"rendered":"La travers\u00e9e de l&rsquo;Europe"},"content":{"rendered":"\n<p class=\"has-text-align-center\"><a href=\"https:\/\/pierrick-dufray.eurosof.de\/fr\/vor-der-reise\/\" title=\"\">Avant le D\u00e9part<\/a><\/p>\n\n\n\n<p class=\"has-text-align-center\"><strong>Avril 1972<\/strong><\/p>\n\n\n\n<p class=\"has-text-align-center\">Entre provocation et recherche de libert\u00e9,  d\u00e9senchantement face aux syst\u00e8mes politiques (capitalisme, socialisme, fascisme) et une volont\u00e9 d\u2019\u00e9chapper aux carcans, sans adh\u00e9rer \u00e0 aucun dogme. Nous traversons en auto-stop la France, l&rsquo;Allemagne,&nbsp;l&rsquo;Autriche et les r\u00e9publiques socialistes de Slov\u00e9nie et de Croatie<br>et restons quelques jours \u00e0 Rijeka pour nous faire vacciner.<\/p>\n\n\n<div class=\"wp-block-image\">\n<figure class=\"aligncenter size-large\"><img loading=\"lazy\" decoding=\"async\" width=\"1024\" height=\"707\" src=\"https:\/\/pierrick-dufray.eurosof.de\/wp-content\/uploads\/2020\/02\/carte_rijeka-1024x707.jpg\" alt=\"\" class=\"wp-image-36\" srcset=\"https:\/\/pierrick-dufray.eurosof.de\/wp-content\/uploads\/2020\/02\/carte_rijeka-1024x707.jpg 1024w, https:\/\/pierrick-dufray.eurosof.de\/wp-content\/uploads\/2020\/02\/carte_rijeka-300x207.jpg 300w, https:\/\/pierrick-dufray.eurosof.de\/wp-content\/uploads\/2020\/02\/carte_rijeka-768x530.jpg 768w, https:\/\/pierrick-dufray.eurosof.de\/wp-content\/uploads\/2020\/02\/carte_rijeka-1536x1060.jpg 1536w, https:\/\/pierrick-dufray.eurosof.de\/wp-content\/uploads\/2020\/02\/carte_rijeka.jpg 1920w\" sizes=\"auto, (max-width: 767px) 89vw, (max-width: 1000px) 54vw, (max-width: 1071px) 543px, 580px\" \/><\/figure>\n<\/div>\n\n\n<p>\u00c0 Rijeka, nous c\u00f4toyons des routards, recevons des avertissements sur les dangers de la drogue et fr\u00e9quentons un cin\u00e9ma populaire o\u00f9 l\u2019atmosph\u00e8re contraste avec les normes bourgeoises.<\/p>\n\n\n\n<p>\u00c0 Dubrovnik, nous subissons l\u2019hostilit\u00e9 des locaux envers nos cheveux longs, symbole de marginalit\u00e9. Le passage par le Kosovo r\u00e9v\u00e8le la pauvret\u00e9 et les tensions ethnoreligieuses, avant d\u2019arriver en Gr\u00e8ce sous dictature militaire.<\/p>\n\n\n<div class=\"wp-block-image\">\n<figure class=\"aligncenter size-large\"><img loading=\"lazy\" decoding=\"async\" width=\"515\" height=\"492\" src=\"https:\/\/pierrick-dufray.eurosof.de\/wp-content\/uploads\/2020\/02\/carte_dubrovnik_schlafplatz.jpg\" alt=\"\" class=\"wp-image-37\" srcset=\"https:\/\/pierrick-dufray.eurosof.de\/wp-content\/uploads\/2020\/02\/carte_dubrovnik_schlafplatz.jpg 515w, https:\/\/pierrick-dufray.eurosof.de\/wp-content\/uploads\/2020\/02\/carte_dubrovnik_schlafplatz-300x287.jpg 300w\" sizes=\"auto, (max-width: 515px) 100vw, 515px\" \/><\/figure>\n<\/div>\n\n\n<p class=\"has-text-align-center\"><em>continuons notre route<\/em> \u00e0 travers les Balkans<\/p>\n\n\n<div class=\"wp-block-image\">\n<figure class=\"aligncenter size-large\"><img loading=\"lazy\" decoding=\"async\" width=\"480\" height=\"336\" src=\"https:\/\/pierrick-dufray.eurosof.de\/wp-content\/uploads\/2020\/02\/th2.jpg\" alt=\"\" class=\"wp-image-38\" srcset=\"https:\/\/pierrick-dufray.eurosof.de\/wp-content\/uploads\/2020\/02\/th2.jpg 480w, https:\/\/pierrick-dufray.eurosof.de\/wp-content\/uploads\/2020\/02\/th2-300x210.jpg 300w\" sizes=\"auto, (max-width: 480px) 100vw, 480px\" \/><\/figure>\n<\/div>\n\n\n<p>L\u2019auberge de jeunesse de Thessalonique est un carrefour de voyageurs aux parcours vari\u00e9s: un Japonais en monocycle, un Isra\u00e9lien objecteur de conscience, une Arm\u00e9no-Am\u00e9ricaine. Nous vendons notre sang.<\/p>\n\n\n<div class=\"wp-block-image\">\n<figure class=\"aligncenter size-large is-resized\"><img loading=\"lazy\" decoding=\"async\" width=\"440\" height=\"640\" src=\"https:\/\/pierrick-dufray.eurosof.de\/wp-content\/uploads\/2020\/02\/blutspende_thesaloniki.jpg\" alt=\"\" class=\"wp-image-39\" style=\"width:278px;height:auto\" srcset=\"https:\/\/pierrick-dufray.eurosof.de\/wp-content\/uploads\/2020\/02\/blutspende_thesaloniki.jpg 440w, https:\/\/pierrick-dufray.eurosof.de\/wp-content\/uploads\/2020\/02\/blutspende_thesaloniki-206x300.jpg 206w\" sizes=\"auto, (max-width: 440px) 100vw, 440px\" \/><\/figure>\n<\/div>\n\n\n<p class=\"has-text-align-center\">Quelques jours plus tard, nous atteignons Istanbul.<\/p>\n\n\n<div class=\"wp-block-image\">\n<figure class=\"aligncenter size-large is-resized\"><img loading=\"lazy\" decoding=\"async\" width=\"1024\" height=\"904\" src=\"https:\/\/pierrick-dufray.eurosof.de\/wp-content\/uploads\/2020\/03\/hagasofia-1024x904.jpg\" alt=\"\" class=\"wp-image-79\" style=\"aspect-ratio:1.1332116788321167;width:517px;height:auto\" srcset=\"https:\/\/pierrick-dufray.eurosof.de\/wp-content\/uploads\/2020\/03\/hagasofia-1024x904.jpg 1024w, https:\/\/pierrick-dufray.eurosof.de\/wp-content\/uploads\/2020\/03\/hagasofia-300x265.jpg 300w, https:\/\/pierrick-dufray.eurosof.de\/wp-content\/uploads\/2020\/03\/hagasofia-768x678.jpg 768w, https:\/\/pierrick-dufray.eurosof.de\/wp-content\/uploads\/2020\/03\/hagasofia-1536x1356.jpg 1536w, https:\/\/pierrick-dufray.eurosof.de\/wp-content\/uploads\/2020\/03\/hagasofia-2048x1808.jpg 2048w\" sizes=\"auto, (max-width: 767px) 89vw, (max-width: 1000px) 54vw, (max-width: 1071px) 543px, 580px\" \/><\/figure>\n<\/div>\n\n\n<p class=\"has-text-align-center\"><a href=\"https:\/\/pierrick-dufray.eurosof.de\/fr\/turquie-et-iran\/\" title=\"\">Turquie et Iran<\/a><\/p>\n\n\n\n<p><\/p>\n","protected":false},"excerpt":{"rendered":"<p>Avant le D\u00e9part Avril 1972 Entre provocation et recherche de libert\u00e9, d\u00e9senchantement face aux syst\u00e8mes politiques (capitalisme, socialisme, fascisme) et une volont\u00e9 d\u2019\u00e9chapper aux carcans, sans adh\u00e9rer \u00e0 aucun dogme. Nous traversons en auto-stop la France, l&rsquo;Allemagne,&nbsp;l&rsquo;Autriche et les r\u00e9publiques socialistes de Slov\u00e9nie et de Croatieet restons quelques jours \u00e0 Rijeka pour nous faire vacciner. &hellip; <\/p>\n<p class=\"link-more\"><a href=\"https:\/\/pierrick-dufray.eurosof.de\/fr\/le-grand-voyage\/la-traversee-de-leurope\/\" class=\"more-link\">Continuer la lecture<span class=\"screen-reader-text\"> de &laquo;&nbsp;La travers\u00e9e de l&rsquo;Europe&nbsp;&raquo;<\/span><\/a><\/p>\n","protected":false},"author":1,"featured_media":0,"parent":29,"menu_order":0,"comment_status":"open","ping_status":"closed","template":"","meta":{"_monsterinsights_skip_tracking":false,"_monsterinsights_sitenote_active":false,"_monsterinsights_sitenote_note":"","_monsterinsights_sitenote_category":0,"footnotes":""},"class_list":["post-35","page","type-page","status-publish","hentry"],"translation":{"provider":"WPGlobus","version":"3.0.2","language":"fr","enabled_languages":["de","fr","en"],"languages":{"de":{"title":true,"content":true,"excerpt":false},"fr":{"title":true,"content":true,"excerpt":false},"en":{"title":true,"content":true,"excerpt":false}}},"aioseo_notices":[],"_links":{"self":[{"href":"https:\/\/pierrick-dufray.eurosof.de\/fr\/wp-json\/wp\/v2\/pages\/35","targetHints":{"allow":["GET"]}}],"collection":[{"href":"https:\/\/pierrick-dufray.eurosof.de\/fr\/wp-json\/wp\/v2\/pages"}],"about":[{"href":"https:\/\/pierrick-dufray.eurosof.de\/fr\/wp-json\/wp\/v2\/types\/page"}],"author":[{"embeddable":true,"href":"https:\/\/pierrick-dufray.eurosof.de\/fr\/wp-json\/wp\/v2\/users\/1"}],"replies":[{"embeddable":true,"href":"https:\/\/pierrick-dufray.eurosof.de\/fr\/wp-json\/wp\/v2\/comments?post=35"}],"version-history":[{"count":23,"href":"https:\/\/pierrick-dufray.eurosof.de\/fr\/wp-json\/wp\/v2\/pages\/35\/revisions"}],"predecessor-version":[{"id":1247,"href":"https:\/\/pierrick-dufray.eurosof.de\/fr\/wp-json\/wp\/v2\/pages\/35\/revisions\/1247"}],"up":[{"embeddable":true,"href":"https:\/\/pierrick-dufray.eurosof.de\/fr\/wp-json\/wp\/v2\/pages\/29"}],"wp:attachment":[{"href":"https:\/\/pierrick-dufray.eurosof.de\/fr\/wp-json\/wp\/v2\/media?parent=35"}],"curies":[{"name":"wp","href":"https:\/\/api.w.org\/{rel}","templated":true}]}}