{"id":14,"date":"2020-02-07T16:02:13","date_gmt":"2020-02-07T16:02:13","guid":{"rendered":"https:\/\/pierrick-dufray.eurosof.de\/?page_id=14"},"modified":"2026-02-23T17:32:49","modified_gmt":"2026-02-23T17:32:49","slug":"herat-la-sereine","status":"publish","type":"page","link":"https:\/\/pierrick-dufray.eurosof.de\/fr\/le-grand-voyage\/herat-la-sereine\/","title":{"rendered":"Herat la Sereine"},"content":{"rendered":"\n<p class=\"has-text-align-center\"><a href=\"https:\/\/pierrick-dufray.eurosof.de\/fr\/turquie-et-iran\/\" title=\"\">Turquie et Iran<\/a><\/p>\n\n\n\n<p class=\"has-text-align-center\"><strong>Herat, la Sereine<\/strong><\/p>\n\n\n\n<p class=\"has-text-align-center\">\u201cHerat est un comble, une ville sans maisons ni rues. La premi\u00e8re impression pourrait \u00eatre celle d&rsquo;un malaise. Chez moi ce fut celle de<br>l&rsquo;\u00e9merveillement\u2026 Elle m&rsquo;a pris aux tripes au premier coup d&rsquo;\u0153il et ne<br>m&rsquo;a plus l\u00e2ch\u00e9. Chaque fois qu&rsquo;on m&rsquo;interroge sur mon voyage\u2026<br>J&rsquo;ai r\u00e9pondu: \u201c Le d\u00e9paysement a commenc\u00e9 \u00e0 Herat. Jusqu&rsquo;alors c&rsquo;\u00e9tait plus ou moins du d\u00e9j\u00e0-vu.\u201d\u2026..<br>Le miracle avec Herat c&rsquo;est qu&rsquo;elle est en r\u00e9alit\u00e9 ni pauvre ni mis\u00e9rable, m\u00eame si un regard occidentalement orient\u00e9 n&rsquo;y voit que pauvret\u00e9 et mis\u00e8re.<br>Les rues sont de terre, avec trottoirs de terre et rigoles de terre. Les maisons plates, sans \u00e9tages, sont de terre, de briques de terre avec un toit recouvert de terre ou de branchages.\u201d<\/p>\n\n\n\n<p class=\"has-text-align-center\"><em>Jack Thieuloy \u00ab\u00a0<strong>En route vers l&rsquo;Inde<\/strong>\u00a0\u00bb&nbsp;<\/em><\/p>\n\n\n\n<p class=\"has-text-align-center\">L\u2019arriv\u00e9e en Afghanistan.<br>Un choc temporel et culturel, une plong\u00e9e dans un monde m\u00e9di\u00e9val et hallucin\u00e9.<\/p>\n\n\n<div class=\"wp-block-image\">\n<figure class=\"aligncenter\" id=\"block-a16ea54e-47f1-4c3f-b3c3-d19bfcd6dfe9\"><img decoding=\"async\" src=\"https:\/\/pierrick-dufray.eurosof.de\/wp-content\/uploads\/2020\/03\/afghansassis_dessin.jpg\" alt=\"L\u2019attribut alt de cette image est vide, son nom de fichier est afghansassis_dessin.jpg.\"\/><figcaption class=\"wp-element-caption\">Passons la fronti\u00e8re \u00e0 Islam Quala. Les afghans nous observent.<\/figcaption><\/figure>\n<\/div>\n\n\n<p class=\"has-text-align-center\">\u00c0 Islam Qala, la fronti\u00e8re marque une rupture radicale : douaniers en haillons, paysages arides, et une administration surr\u00e9aliste.<\/p>\n\n\n\n<figure class=\"wp-block-image\" id=\"block-d2961241-23b6-41c6-8821-d719499238ff\"><img decoding=\"async\" src=\"https:\/\/pierrick-dufray.eurosof.de\/wp-content\/uploads\/2020\/02\/plandherat-1024x890.jpg\" alt=\"L\u2019attribut alt de cette image est vide, son nom de fichier est plandherat-1024x890.jpg.\"\/><figcaption class=\"wp-element-caption\">Je prend un lit \u00e0 l\u00b4hotel Bezhad .<\/figcaption><\/figure>\n\n\n\n<p> Herat, ville calme et artisanale, contraste avec l\u2019Occident par son absence de modernit\u00e9 bruyante. Nous adoptons les codes locaux (v\u00eatements traditionnels, th\u00e9 sucr\u00e9 au <em>candy<\/em>, chilom en bois de santal). <\/p>\n\n\n\n<figure class=\"wp-block-image\" id=\"block-1eb71b89-45a9-4740-90cd-84648a74cbc4\"><img decoding=\"async\" src=\"https:\/\/pierrick-dufray.eurosof.de\/wp-content\/uploads\/2020\/02\/Herat_toitsetminarets_rock-1024x655.jpg\" alt=\"L\u2019attribut alt de cette image est vide, son nom de fichier est Herat_toitsetminarets_rock-1024x655.jpg.\"\/><figcaption class=\"wp-element-caption\">Vue de la chambre sur les toits de la ville<\/figcaption><\/figure>\n\n\n\n<p>Le haschisch afghan (\u00ab\u00a0Afghan Noir\u00a0\u00bb) devient le vecteur d\u2019une lib\u00e9ration mentale. Les sc\u00e8nes du bazar, des ateliers de r\u00e9paration, ou des femmes voil\u00e9es aper\u00e7ues depuis un toit (avant d\u2019\u00eatre chass\u00e9s) renforcent l\u2019impression d\u2019un univers onirique, entre <em>Mille et Une Nuits<\/em> et r\u00e9alisme cru (mouches sur la viande, pauvret\u00e9). <\/p>\n\n\n\n<figure class=\"wp-block-gallery has-nested-images columns-2 is-cropped wp-block-gallery-1 is-layout-flex wp-block-gallery-is-layout-flex\">\n<figure class=\"wp-block-image size-large\"><img loading=\"lazy\" decoding=\"async\" width=\"640\" height=\"203\" data-id=\"16\" src=\"https:\/\/pierrick-dufray.eurosof.de\/wp-content\/uploads\/2020\/02\/couteau_surblanc_600x300.jpg\" alt=\"\" class=\"wp-image-16\" srcset=\"https:\/\/pierrick-dufray.eurosof.de\/wp-content\/uploads\/2020\/02\/couteau_surblanc_600x300.jpg 640w, https:\/\/pierrick-dufray.eurosof.de\/wp-content\/uploads\/2020\/02\/couteau_surblanc_600x300-300x95.jpg 300w\" sizes=\"auto, (max-width: 640px) 100vw, 640px\" \/><\/figure>\n\n\n\n<figure class=\"wp-block-image size-large\"><img loading=\"lazy\" decoding=\"async\" width=\"640\" height=\"213\" data-id=\"19\" src=\"https:\/\/pierrick-dufray.eurosof.de\/wp-content\/uploads\/2020\/02\/chilum_tigre_600x200.jpg\" alt=\"\" class=\"wp-image-19\" srcset=\"https:\/\/pierrick-dufray.eurosof.de\/wp-content\/uploads\/2020\/02\/chilum_tigre_600x200.jpg 640w, https:\/\/pierrick-dufray.eurosof.de\/wp-content\/uploads\/2020\/02\/chilum_tigre_600x200-300x100.jpg 300w\" sizes=\"auto, (max-width: 640px) 100vw, 640px\" \/><\/figure>\n<figcaption class=\"blocks-gallery-caption wp-element-caption\">J&rsquo;ach\u00e8te un couteau afghan et un Chilum en bois de Santal<br><\/figcaption><\/figure>\n\n\n\n<p class=\"has-text-align-center\">Wir verbringen die Nacht in einer Chaikana aus einem anderen Universum.<\/p>\n\n\n\n<figure class=\"wp-block-gallery has-nested-images columns-default is-cropped wp-block-gallery-2 is-layout-flex wp-block-gallery-is-layout-flex\">\n<figure class=\"wp-block-image size-large\"><img loading=\"lazy\" decoding=\"async\" width=\"733\" height=\"610\" data-id=\"21\" src=\"https:\/\/pierrick-dufray.eurosof.de\/wp-content\/uploads\/2020\/02\/musiciens_dessin.jpg\" alt=\"\" class=\"wp-image-21\" srcset=\"https:\/\/pierrick-dufray.eurosof.de\/wp-content\/uploads\/2020\/02\/musiciens_dessin.jpg 733w, https:\/\/pierrick-dufray.eurosof.de\/wp-content\/uploads\/2020\/02\/musiciens_dessin-300x250.jpg 300w\" sizes=\"auto, (max-width: 733px) 100vw, 733px\" \/><\/figure>\n\n\n\n<figure class=\"wp-block-image size-large\"><img loading=\"lazy\" decoding=\"async\" width=\"326\" height=\"455\" data-id=\"22\" src=\"https:\/\/pierrick-dufray.eurosof.de\/wp-content\/uploads\/2020\/02\/fumeur_bobol_dessin-2.jpg\" alt=\"\" class=\"wp-image-22\" srcset=\"https:\/\/pierrick-dufray.eurosof.de\/wp-content\/uploads\/2020\/02\/fumeur_bobol_dessin-2.jpg 326w, https:\/\/pierrick-dufray.eurosof.de\/wp-content\/uploads\/2020\/02\/fumeur_bobol_dessin-2-215x300.jpg 215w\" sizes=\"auto, (max-width: 326px) 100vw, 326px\" \/><\/figure>\n<\/figure>\n\n\n\n<p class=\"has-text-align-center\">Nous passons la nuit dans une Chaikana d&rsquo;un autre monde.<\/p>\n\n\n\n<p class=\"has-text-align-center\"><br>\u00ab\u00a0Les Afghans de la Chaikana, stoned comme tous ici, font exploser leurs instruments dans un rythme hypnotisant, le bobol tourne, le narghil\u00e9 tourne, les danseurs tournent comme des derviches, tout tourne\u2026. Nos poumons explosent, satur\u00e9s de ces fum\u00e9es d\u00e9fon\u00e7antes\u2026\u00a0\u00bb<br><br>Un vieil Afghan, un grand fumeur de Merde devant les dieux, nous fait visiter sa piaule, une piaule des mille et une nuits.\u201d<br>La civilisation est bien loin maintenant<\/p>\n\n\n\n<p class=\"has-text-align-center\"><a href=\"https:\/\/pierrick-dufray.eurosof.de\/fr\/kaboul\/\" title=\"\">Kaboul<\/a><\/p>\n","protected":false},"excerpt":{"rendered":"<p>Turquie et Iran Herat, la Sereine \u201cHerat est un comble, une ville sans maisons ni rues. La premi\u00e8re impression pourrait \u00eatre celle d&rsquo;un malaise. Chez moi ce fut celle del&rsquo;\u00e9merveillement\u2026 Elle m&rsquo;a pris aux tripes au premier coup d&rsquo;\u0153il et nem&rsquo;a plus l\u00e2ch\u00e9. Chaque fois qu&rsquo;on m&rsquo;interroge sur mon voyage\u2026J&rsquo;ai r\u00e9pondu: \u201c Le d\u00e9paysement a &hellip; <\/p>\n<p class=\"link-more\"><a href=\"https:\/\/pierrick-dufray.eurosof.de\/fr\/le-grand-voyage\/herat-la-sereine\/\" class=\"more-link\">Continuer la lecture<span class=\"screen-reader-text\"> de &laquo;&nbsp;Herat la Sereine&nbsp;&raquo;<\/span><\/a><\/p>\n","protected":false},"author":1,"featured_media":0,"parent":29,"menu_order":0,"comment_status":"open","ping_status":"closed","template":"","meta":{"_monsterinsights_skip_tracking":false,"_monsterinsights_sitenote_active":false,"_monsterinsights_sitenote_note":"","_monsterinsights_sitenote_category":0,"footnotes":""},"class_list":["post-14","page","type-page","status-publish","hentry"],"translation":{"provider":"WPGlobus","version":"3.0.2","language":"fr","enabled_languages":["de","fr","en"],"languages":{"de":{"title":true,"content":true,"excerpt":false},"fr":{"title":true,"content":true,"excerpt":false},"en":{"title":true,"content":true,"excerpt":false}}},"aioseo_notices":[],"_links":{"self":[{"href":"https:\/\/pierrick-dufray.eurosof.de\/fr\/wp-json\/wp\/v2\/pages\/14","targetHints":{"allow":["GET"]}}],"collection":[{"href":"https:\/\/pierrick-dufray.eurosof.de\/fr\/wp-json\/wp\/v2\/pages"}],"about":[{"href":"https:\/\/pierrick-dufray.eurosof.de\/fr\/wp-json\/wp\/v2\/types\/page"}],"author":[{"embeddable":true,"href":"https:\/\/pierrick-dufray.eurosof.de\/fr\/wp-json\/wp\/v2\/users\/1"}],"replies":[{"embeddable":true,"href":"https:\/\/pierrick-dufray.eurosof.de\/fr\/wp-json\/wp\/v2\/comments?post=14"}],"version-history":[{"count":28,"href":"https:\/\/pierrick-dufray.eurosof.de\/fr\/wp-json\/wp\/v2\/pages\/14\/revisions"}],"predecessor-version":[{"id":1204,"href":"https:\/\/pierrick-dufray.eurosof.de\/fr\/wp-json\/wp\/v2\/pages\/14\/revisions\/1204"}],"up":[{"embeddable":true,"href":"https:\/\/pierrick-dufray.eurosof.de\/fr\/wp-json\/wp\/v2\/pages\/29"}],"wp:attachment":[{"href":"https:\/\/pierrick-dufray.eurosof.de\/fr\/wp-json\/wp\/v2\/media?parent=14"}],"curies":[{"name":"wp","href":"https:\/\/api.w.org\/{rel}","templated":true}]}}