{"id":1325,"date":"2026-03-08T13:02:29","date_gmt":"2026-03-08T13:02:29","guid":{"rendered":"https:\/\/pierrick-dufray.eurosof.de\/?page_id=1325"},"modified":"2026-03-08T13:10:33","modified_gmt":"2026-03-08T13:10:33","slug":"gedichte","status":"publish","type":"page","link":"https:\/\/pierrick-dufray.eurosof.de\/fr\/gedichte\/","title":{"rendered":"Po\u00e8mes"},"content":{"rendered":"\n<p>La po\u00e9sie comme arme contre l\u2019ali\u00e9nation. Esprit d\u2019une g\u00e9n\u00e9ration en rupture entre r\u00e9volte beat, d\u00e9sillusion post-68, recherche d\u2019absolu et qu\u00eate spirituelle, dans une vision souvent apocalyptique, o\u00f9 la beaut\u00e9 et l\u2019horreur se confondent sans r\u00e9solution. \u00c0 lire comme un t\u00e9moignage brut de la contre-culture, entre extase et d\u00e9sespoir.<\/p>\n\n\n\n<p class=\"has-text-align-center\"><strong>No Beginning No End<\/strong><\/p>\n\n\n\n<p class=\"has-text-align-center\">\u00c0 la 10e seconde, je vois un oiseau gigantesque \u00e9clabousser les oc\u00e9ans.<br>\u00c0 la 9e seconde, une fleur \u00e0 huit dimensions s&rsquo;est mise \u00e0 chanter, mes cellules \u00e0 vibrer.\u00a0<br>\u00c0 la 8<sup>e<\/sup> seconde, le vent a tout effac\u00e9 et un crocodile t\u00e9l\u00e9pathe m&rsquo;a annonc\u00e9 la venue de la Libert\u00e9.\u00a0<br>\u00c0 la 7e seconde, les couleurs ont pleur\u00e9 et se sont \u00e9vanouies sur le sable.\u00a0<br>\u00c0 la 6e seconde, les lumi\u00e8res cosmiques se sont intensifi\u00e9es.\u00a0<br>\u00c0 la cinqui\u00e8me seconde, j&rsquo;ai revu l&rsquo;image de l&rsquo;Amour.<br>\u00c0 la 4e seconde, un cercle de flammes s\u2019est perdu dans mes yeux.\u00a0<br>\u00c0 la 3e seconde, une lame de rasoir a effleur\u00e9 mon poignet.\u00a0<br>\u00c0 la deuxi\u00e8me seconde, seule mon \u00e2me avait un sexe, un sexe de velours noir, d\u00e9cor\u00e9 de fum\u00e9e.<br>\u00c0 la premi\u00e8re seconde, tout un univers translucide\u00a0s\u2019est d\u00e9voil\u00e9<br>Et \u00e0 la derni\u00e8re seconde, j&rsquo;y ai \u00e9t\u00e9 dissous, int\u00e9gr\u00e9.<br>One trip is space<br>trip is one<br>space is trip<br>Space is one .<br>No Beginning No End<br>No Beginning No End<br><br><\/p>\n","protected":false},"excerpt":{"rendered":"<p>La po\u00e9sie comme arme contre l\u2019ali\u00e9nation. Esprit d\u2019une g\u00e9n\u00e9ration en rupture entre r\u00e9volte beat, d\u00e9sillusion post-68, recherche d\u2019absolu et qu\u00eate spirituelle, dans une vision souvent apocalyptique, o\u00f9 la beaut\u00e9 et l\u2019horreur se confondent sans r\u00e9solution. \u00c0 lire comme un t\u00e9moignage brut de la contre-culture, entre extase et d\u00e9sespoir. No Beginning No End \u00c0 la 10e &hellip; <\/p>\n<p class=\"link-more\"><a href=\"https:\/\/pierrick-dufray.eurosof.de\/fr\/gedichte\/\" class=\"more-link\">Continuer la lecture<span class=\"screen-reader-text\"> de &laquo;&nbsp;Po\u00e8mes&nbsp;&raquo;<\/span><\/a><\/p>\n","protected":false},"author":1,"featured_media":0,"parent":0,"menu_order":0,"comment_status":"open","ping_status":"closed","template":"","meta":{"_monsterinsights_skip_tracking":false,"_monsterinsights_sitenote_active":false,"_monsterinsights_sitenote_note":"","_monsterinsights_sitenote_category":0,"footnotes":""},"class_list":["post-1325","page","type-page","status-publish","hentry"],"translation":{"provider":"WPGlobus","version":"3.0.2","language":"fr","enabled_languages":["de","fr","en"],"languages":{"de":{"title":true,"content":true,"excerpt":false},"fr":{"title":true,"content":true,"excerpt":false},"en":{"title":true,"content":true,"excerpt":false}}},"aioseo_notices":[],"_links":{"self":[{"href":"https:\/\/pierrick-dufray.eurosof.de\/fr\/wp-json\/wp\/v2\/pages\/1325","targetHints":{"allow":["GET"]}}],"collection":[{"href":"https:\/\/pierrick-dufray.eurosof.de\/fr\/wp-json\/wp\/v2\/pages"}],"about":[{"href":"https:\/\/pierrick-dufray.eurosof.de\/fr\/wp-json\/wp\/v2\/types\/page"}],"author":[{"embeddable":true,"href":"https:\/\/pierrick-dufray.eurosof.de\/fr\/wp-json\/wp\/v2\/users\/1"}],"replies":[{"embeddable":true,"href":"https:\/\/pierrick-dufray.eurosof.de\/fr\/wp-json\/wp\/v2\/comments?post=1325"}],"version-history":[{"count":6,"href":"https:\/\/pierrick-dufray.eurosof.de\/fr\/wp-json\/wp\/v2\/pages\/1325\/revisions"}],"predecessor-version":[{"id":1333,"href":"https:\/\/pierrick-dufray.eurosof.de\/fr\/wp-json\/wp\/v2\/pages\/1325\/revisions\/1333"}],"wp:attachment":[{"href":"https:\/\/pierrick-dufray.eurosof.de\/fr\/wp-json\/wp\/v2\/media?parent=1325"}],"curies":[{"name":"wp","href":"https:\/\/api.w.org\/{rel}","templated":true}]}}