{"id":1321,"date":"2026-03-08T12:54:29","date_gmt":"2026-03-08T12:54:29","guid":{"rendered":"https:\/\/pierrick-dufray.eurosof.de\/?page_id=1321"},"modified":"2026-03-08T12:55:30","modified_gmt":"2026-03-08T12:55:30","slug":"die-brigade","status":"publish","type":"page","link":"https:\/\/pierrick-dufray.eurosof.de\/fr\/die-brigade\/","title":{"rendered":"La Brigade"},"content":{"rendered":"\n<p><em>La Brigade<\/em> est un d\u00e9lire parano\u00efaque et po\u00e9tique contre un syst\u00e8me totalitaire imaginaire, la <em>Brigade anti-tout<\/em> (BTD), all\u00e9gorie des forces oppressives\u2014police, capitalisme, normativit\u00e9\u2014qui \u00e9touffent la libert\u00e9, les drogues, l\u2019art et l\u2019amour. Inspir\u00e9 par Artaud, Miller et Burroughs, le texte m\u00eale hallucinations (seringues explosives, chevaux aux doigts coup\u00e9s), slogans subversifs (\u00ab\u00a0Cramez le fric !\u00a0\u00bb, \u00ab\u00a0Ne votez pas !\u00a0\u00bb) et appels \u00e0 la r\u00e9volte (\u00ab\u00a0Prenez le maquis de l\u2019\u00e2me !\u00a0\u00bb). Entre satire cyberpunk et manifeste beat, il d\u00e9nonce un monde aseptis\u00e9 o\u00f9 la <em>Brigade<\/em> contr\u00f4le jusqu\u2019aux r\u00eaves, opposant \u00e0 sa logique binaire (\u00ab\u00a0Ni commencement ni fin\u00a0\u00bb) la folie comme ultime r\u00e9sistance. Les r\u00e9f\u00e9rences au jazz, au peyote et aux junkies morts en font un hommage d\u00e9senchant\u00e9 \u00e0 la contre-culture, tandis que l\u2019arabe final et les r\u00e9p\u00e9titions incantatoires renforcent son c\u00f4t\u00e9 rituel et d\u00e9sesp\u00e9r\u00e9. La lutte est perdue d\u2019avance, mais le cri persiste : <em>\u00ab\u00a0Rien, sinon une apparence\u2026\u00a0\u00bb<\/em> et la promesse d\u2019un recommencement \u00e9ternel.<\/p>\n","protected":false},"excerpt":{"rendered":"<p>La Brigade est un d\u00e9lire parano\u00efaque et po\u00e9tique contre un syst\u00e8me totalitaire imaginaire, la Brigade anti-tout (BTD), all\u00e9gorie des forces oppressives\u2014police, capitalisme, normativit\u00e9\u2014qui \u00e9touffent la libert\u00e9, les drogues, l\u2019art et l\u2019amour. Inspir\u00e9 par Artaud, Miller et Burroughs, le texte m\u00eale hallucinations (seringues explosives, chevaux aux doigts coup\u00e9s), slogans subversifs (\u00ab\u00a0Cramez le fric !\u00a0\u00bb, \u00ab\u00a0Ne votez &hellip; <\/p>\n<p class=\"link-more\"><a href=\"https:\/\/pierrick-dufray.eurosof.de\/fr\/die-brigade\/\" class=\"more-link\">Continuer la lecture<span class=\"screen-reader-text\"> de &laquo;&nbsp;La Brigade&nbsp;&raquo;<\/span><\/a><\/p>\n","protected":false},"author":1,"featured_media":0,"parent":0,"menu_order":0,"comment_status":"open","ping_status":"closed","template":"","meta":{"_monsterinsights_skip_tracking":false,"_monsterinsights_sitenote_active":false,"_monsterinsights_sitenote_note":"","_monsterinsights_sitenote_category":0,"footnotes":""},"class_list":["post-1321","page","type-page","status-publish","hentry"],"translation":{"provider":"WPGlobus","version":"3.0.2","language":"fr","enabled_languages":["de","fr","en"],"languages":{"de":{"title":true,"content":true,"excerpt":false},"fr":{"title":true,"content":true,"excerpt":false},"en":{"title":true,"content":true,"excerpt":false}}},"aioseo_notices":[],"_links":{"self":[{"href":"https:\/\/pierrick-dufray.eurosof.de\/fr\/wp-json\/wp\/v2\/pages\/1321","targetHints":{"allow":["GET"]}}],"collection":[{"href":"https:\/\/pierrick-dufray.eurosof.de\/fr\/wp-json\/wp\/v2\/pages"}],"about":[{"href":"https:\/\/pierrick-dufray.eurosof.de\/fr\/wp-json\/wp\/v2\/types\/page"}],"author":[{"embeddable":true,"href":"https:\/\/pierrick-dufray.eurosof.de\/fr\/wp-json\/wp\/v2\/users\/1"}],"replies":[{"embeddable":true,"href":"https:\/\/pierrick-dufray.eurosof.de\/fr\/wp-json\/wp\/v2\/comments?post=1321"}],"version-history":[{"count":3,"href":"https:\/\/pierrick-dufray.eurosof.de\/fr\/wp-json\/wp\/v2\/pages\/1321\/revisions"}],"predecessor-version":[{"id":1324,"href":"https:\/\/pierrick-dufray.eurosof.de\/fr\/wp-json\/wp\/v2\/pages\/1321\/revisions\/1324"}],"wp:attachment":[{"href":"https:\/\/pierrick-dufray.eurosof.de\/fr\/wp-json\/wp\/v2\/media?parent=1321"}],"curies":[{"name":"wp","href":"https:\/\/api.w.org\/{rel}","templated":true}]}}