{"id":1314,"date":"2026-03-08T12:50:35","date_gmt":"2026-03-08T12:50:35","guid":{"rendered":"https:\/\/pierrick-dufray.eurosof.de\/?page_id=1314"},"modified":"2026-03-08T12:51:37","modified_gmt":"2026-03-08T12:51:37","slug":"hommagen","status":"publish","type":"page","link":"https:\/\/pierrick-dufray.eurosof.de\/fr\/hommagen\/","title":{"rendered":"Hommages"},"content":{"rendered":"\n<p>La transmission de la r\u00e9bellion litt\u00e9raire repose sur des figures invisibles : \u00e9diteurs audacieux (Ferlinghetti, Girodias, Sylvia Beach), traducteurs passionn\u00e9s (David Rattray, Mary Caroline Richards, Beckett peut-\u00eatre), et passeurs comme Ed Sanders, pont entre Beats et hippies. Les femmes\u2014Diane di Prima, Joanne Kyger, Ruth Weiss, Lenore Kandel\u2014ont \u00e9t\u00e9 effac\u00e9es malgr\u00e9 leur r\u00f4le central dans l\u2019exp\u00e9rimentation po\u00e9tique et l\u2019activisme. Les <em>momos<\/em> (Carl Solomon, Gerd Stern) et les marginaux (Naphtali Kupferberg, Mary Beach) ont nourri le mouvement sans gloire. Leur travail collectif, des traductions d\u2019Artaud aux happenings antinucl\u00e9aires, a propag\u00e9 l\u2019esprit dada et beat, m\u00ealant th\u00e9\u00e2tre radical, jazz et contestation.<\/p>\n","protected":false},"excerpt":{"rendered":"<p>La transmission de la r\u00e9bellion litt\u00e9raire repose sur des figures invisibles : \u00e9diteurs audacieux (Ferlinghetti, Girodias, Sylvia Beach), traducteurs passionn\u00e9s (David Rattray, Mary Caroline Richards, Beckett peut-\u00eatre), et passeurs comme Ed Sanders, pont entre Beats et hippies. Les femmes\u2014Diane di Prima, Joanne Kyger, Ruth Weiss, Lenore Kandel\u2014ont \u00e9t\u00e9 effac\u00e9es malgr\u00e9 leur r\u00f4le central dans l\u2019exp\u00e9rimentation &hellip; <\/p>\n<p class=\"link-more\"><a href=\"https:\/\/pierrick-dufray.eurosof.de\/fr\/hommagen\/\" class=\"more-link\">Continuer la lecture<span class=\"screen-reader-text\"> de &laquo;&nbsp;Hommages&nbsp;&raquo;<\/span><\/a><\/p>\n","protected":false},"author":1,"featured_media":0,"parent":0,"menu_order":0,"comment_status":"open","ping_status":"closed","template":"","meta":{"_monsterinsights_skip_tracking":false,"_monsterinsights_sitenote_active":false,"_monsterinsights_sitenote_note":"","_monsterinsights_sitenote_category":0,"footnotes":""},"class_list":["post-1314","page","type-page","status-publish","hentry"],"translation":{"provider":"WPGlobus","version":"3.0.2","language":"fr","enabled_languages":["de","fr","en"],"languages":{"de":{"title":true,"content":true,"excerpt":false},"fr":{"title":true,"content":true,"excerpt":false},"en":{"title":true,"content":true,"excerpt":false}}},"aioseo_notices":[],"_links":{"self":[{"href":"https:\/\/pierrick-dufray.eurosof.de\/fr\/wp-json\/wp\/v2\/pages\/1314","targetHints":{"allow":["GET"]}}],"collection":[{"href":"https:\/\/pierrick-dufray.eurosof.de\/fr\/wp-json\/wp\/v2\/pages"}],"about":[{"href":"https:\/\/pierrick-dufray.eurosof.de\/fr\/wp-json\/wp\/v2\/types\/page"}],"author":[{"embeddable":true,"href":"https:\/\/pierrick-dufray.eurosof.de\/fr\/wp-json\/wp\/v2\/users\/1"}],"replies":[{"embeddable":true,"href":"https:\/\/pierrick-dufray.eurosof.de\/fr\/wp-json\/wp\/v2\/comments?post=1314"}],"version-history":[{"count":3,"href":"https:\/\/pierrick-dufray.eurosof.de\/fr\/wp-json\/wp\/v2\/pages\/1314\/revisions"}],"predecessor-version":[{"id":1317,"href":"https:\/\/pierrick-dufray.eurosof.de\/fr\/wp-json\/wp\/v2\/pages\/1314\/revisions\/1317"}],"wp:attachment":[{"href":"https:\/\/pierrick-dufray.eurosof.de\/fr\/wp-json\/wp\/v2\/media?parent=1314"}],"curies":[{"name":"wp","href":"https:\/\/api.w.org\/{rel}","templated":true}]}}