{"id":1305,"date":"2026-03-08T12:43:35","date_gmt":"2026-03-08T12:43:35","guid":{"rendered":"https:\/\/pierrick-dufray.eurosof.de\/?page_id=1305"},"modified":"2026-03-08T12:45:51","modified_gmt":"2026-03-08T12:45:51","slug":"ci-git-le-coeur","status":"publish","type":"page","link":"https:\/\/pierrick-dufray.eurosof.de\/fr\/ci-git-le-coeur\/","title":{"rendered":"Ci-Git-le-C\u0153ur"},"content":{"rendered":"\n<p>En 1958, Ginsberg, Corso et Burroughs s\u2019installent au <em>Beat Hotel<\/em> (9 rue Git-le-C\u0153ur, Paris), un repaire de marginaux o\u00f9 ils c\u00f4toient fant\u00f4mes litt\u00e9raires et avant-gardes. Ginsberg, inspir\u00e9 par les cimeti\u00e8res parisiens et Breton, y \u00e9crit <em>Kaddish<\/em>. Jean-Jacques Lebel les initie au Paris underground : rencontre avec Tzara, Duchamp, Michaux, et \u00e9coute pirat\u00e9e de <em>Pour en finir avec le jugement de dieu<\/em> d\u2019Artaud \u2014 une r\u00e9v\u00e9lation qui influencera McClure, Leary et le <em>Living Theatre<\/em>. Corso y compose <em>Bomb<\/em>, Burroughs et Gysin y inventent le <em>cut-up<\/em> et la <em>Dreamachine<\/em>, tandis que l\u2019esprit dada et psych\u00e9d\u00e9lique du lieu contagionne le rock (Soft Machine, Doors, Patti Smith). L\u2019h\u00f4tel ferme en 1963, mais son h\u00e9ritage \u2014 m\u00e9lange de drogues, po\u00e9sie radicale et r\u00e9bellion \u2014 persiste, de Kerouac \u00e0 Bowie, en passant par les punks et les n\u00e9osurr\u00e9alistes. Paris devient le creuset dans lequel Beats, surr\u00e9alistes et future contre-culture fusionnent.<\/p>\n\n\n\n<p><\/p>\n","protected":false},"excerpt":{"rendered":"<p>En 1958, Ginsberg, Corso et Burroughs s\u2019installent au Beat Hotel (9 rue Git-le-C\u0153ur, Paris), un repaire de marginaux o\u00f9 ils c\u00f4toient fant\u00f4mes litt\u00e9raires et avant-gardes. Ginsberg, inspir\u00e9 par les cimeti\u00e8res parisiens et Breton, y \u00e9crit Kaddish. Jean-Jacques Lebel les initie au Paris underground : rencontre avec Tzara, Duchamp, Michaux, et \u00e9coute pirat\u00e9e de Pour en &hellip; <\/p>\n<p class=\"link-more\"><a href=\"https:\/\/pierrick-dufray.eurosof.de\/fr\/ci-git-le-coeur\/\" class=\"more-link\">Continuer la lecture<span class=\"screen-reader-text\"> de &laquo;&nbsp;Ci-Git-le-C\u0153ur&nbsp;&raquo;<\/span><\/a><\/p>\n","protected":false},"author":1,"featured_media":0,"parent":0,"menu_order":0,"comment_status":"open","ping_status":"closed","template":"","meta":{"_monsterinsights_skip_tracking":false,"_monsterinsights_sitenote_active":false,"_monsterinsights_sitenote_note":"","_monsterinsights_sitenote_category":0,"footnotes":""},"class_list":["post-1305","page","type-page","status-publish","hentry"],"translation":{"provider":"WPGlobus","version":"3.0.2","language":"fr","enabled_languages":["de","fr","en"],"languages":{"de":{"title":true,"content":true,"excerpt":false},"fr":{"title":true,"content":true,"excerpt":false},"en":{"title":true,"content":true,"excerpt":false}}},"aioseo_notices":[],"_links":{"self":[{"href":"https:\/\/pierrick-dufray.eurosof.de\/fr\/wp-json\/wp\/v2\/pages\/1305","targetHints":{"allow":["GET"]}}],"collection":[{"href":"https:\/\/pierrick-dufray.eurosof.de\/fr\/wp-json\/wp\/v2\/pages"}],"about":[{"href":"https:\/\/pierrick-dufray.eurosof.de\/fr\/wp-json\/wp\/v2\/types\/page"}],"author":[{"embeddable":true,"href":"https:\/\/pierrick-dufray.eurosof.de\/fr\/wp-json\/wp\/v2\/users\/1"}],"replies":[{"embeddable":true,"href":"https:\/\/pierrick-dufray.eurosof.de\/fr\/wp-json\/wp\/v2\/comments?post=1305"}],"version-history":[{"count":4,"href":"https:\/\/pierrick-dufray.eurosof.de\/fr\/wp-json\/wp\/v2\/pages\/1305\/revisions"}],"predecessor-version":[{"id":1309,"href":"https:\/\/pierrick-dufray.eurosof.de\/fr\/wp-json\/wp\/v2\/pages\/1305\/revisions\/1309"}],"wp:attachment":[{"href":"https:\/\/pierrick-dufray.eurosof.de\/fr\/wp-json\/wp\/v2\/media?parent=1305"}],"curies":[{"name":"wp","href":"https:\/\/api.w.org\/{rel}","templated":true}]}}