{"id":1300,"date":"2026-03-08T12:38:28","date_gmt":"2026-03-08T12:38:28","guid":{"rendered":"https:\/\/pierrick-dufray.eurosof.de\/?page_id=1300"},"modified":"2026-03-08T12:40:35","modified_gmt":"2026-03-08T12:40:35","slug":"howl","status":"publish","type":"page","link":"https:\/\/pierrick-dufray.eurosof.de\/fr\/howl\/","title":{"rendered":"Hurlements"},"content":{"rendered":"\n<p>Inspir\u00e9 de la col\u00e8re et des souvenirs d\u2019Allen Ginsberg : les asiles psychiatriques, la folie de sa m\u00e8re et de son ami Carl Solomon, <em>Howl<\/em> na\u00eet en 1955. Le po\u00e8me, \u00e9crit en une fi\u00e8vre jazzique, est lu pour la premi\u00e8re fois le 13 octobre \u00e0 la <em>Six Gallery<\/em> de San Francisco, aux c\u00f4t\u00e9s de Lamantia, McClure et Snyder. La performance, \u00e9lectrique, scelle l\u2019acte de naissance de la Beat Generation. Ginsberg y hurle contre Moloch, symbole d\u2019un syst\u00e8me oppressif, tandis que le reste du po\u00e8me s\u2019adresse directement \u00e0 Solomon, intern\u00e9 \u00e0 nouveau. Le scandale et le proc\u00e8s pour obsc\u00e9nit\u00e9 qui suivent propulseront le texte au rang de manifeste.<\/p>\n\n\n\n<p>La soir\u00e9e mythique unit surr\u00e9alisme, Peyotl et r\u00e9bellion. Les Beats \u2014 inspir\u00e9s par Rimbaud, Artaud et le Mexique \u2014 y fusionnent folie, sexualit\u00e9 crue et critique sociale. Ferlinghetti publiera ensuite <em>Howl<\/em> chez City Lights, d\u00e9clenchant une r\u00e9volution litt\u00e9raire. L\u2019\u0153uvre devient le cri d\u2019une g\u00e9n\u00e9ration. La m\u00eame ann\u00e9e, Burroughs assemble <em>Le Festin nu<\/em> \u00e0 Tanger, et Kerouac publie <em>Sur la route<\/em> (1957), achevant de diffuser leur mythologie : drogues, vagabondage et refus des conventions<\/p>\n","protected":false},"excerpt":{"rendered":"<p>Inspir\u00e9 de la col\u00e8re et des souvenirs d\u2019Allen Ginsberg : les asiles psychiatriques, la folie de sa m\u00e8re et de son ami Carl Solomon, Howl na\u00eet en 1955. Le po\u00e8me, \u00e9crit en une fi\u00e8vre jazzique, est lu pour la premi\u00e8re fois le 13 octobre \u00e0 la Six Gallery de San Francisco, aux c\u00f4t\u00e9s de Lamantia, &hellip; <\/p>\n<p class=\"link-more\"><a href=\"https:\/\/pierrick-dufray.eurosof.de\/fr\/howl\/\" class=\"more-link\">Continuer la lecture<span class=\"screen-reader-text\"> de &laquo;&nbsp;Hurlements&nbsp;&raquo;<\/span><\/a><\/p>\n","protected":false},"author":1,"featured_media":0,"parent":0,"menu_order":0,"comment_status":"open","ping_status":"closed","template":"","meta":{"_monsterinsights_skip_tracking":false,"_monsterinsights_sitenote_active":false,"_monsterinsights_sitenote_note":"","_monsterinsights_sitenote_category":0,"footnotes":""},"class_list":["post-1300","page","type-page","status-publish","hentry"],"translation":{"provider":"WPGlobus","version":"3.0.2","language":"fr","enabled_languages":["de","fr","en"],"languages":{"de":{"title":true,"content":true,"excerpt":false},"fr":{"title":true,"content":true,"excerpt":false},"en":{"title":true,"content":true,"excerpt":false}}},"aioseo_notices":[],"_links":{"self":[{"href":"https:\/\/pierrick-dufray.eurosof.de\/fr\/wp-json\/wp\/v2\/pages\/1300","targetHints":{"allow":["GET"]}}],"collection":[{"href":"https:\/\/pierrick-dufray.eurosof.de\/fr\/wp-json\/wp\/v2\/pages"}],"about":[{"href":"https:\/\/pierrick-dufray.eurosof.de\/fr\/wp-json\/wp\/v2\/types\/page"}],"author":[{"embeddable":true,"href":"https:\/\/pierrick-dufray.eurosof.de\/fr\/wp-json\/wp\/v2\/users\/1"}],"replies":[{"embeddable":true,"href":"https:\/\/pierrick-dufray.eurosof.de\/fr\/wp-json\/wp\/v2\/comments?post=1300"}],"version-history":[{"count":3,"href":"https:\/\/pierrick-dufray.eurosof.de\/fr\/wp-json\/wp\/v2\/pages\/1300\/revisions"}],"predecessor-version":[{"id":1303,"href":"https:\/\/pierrick-dufray.eurosof.de\/fr\/wp-json\/wp\/v2\/pages\/1300\/revisions\/1303"}],"wp:attachment":[{"href":"https:\/\/pierrick-dufray.eurosof.de\/fr\/wp-json\/wp\/v2\/media?parent=1300"}],"curies":[{"name":"wp","href":"https:\/\/api.w.org\/{rel}","templated":true}]}}