{"id":1293,"date":"2026-03-08T12:30:46","date_gmt":"2026-03-08T12:30:46","guid":{"rendered":"https:\/\/pierrick-dufray.eurosof.de\/?page_id=1293"},"modified":"2026-03-08T12:33:29","modified_gmt":"2026-03-08T12:33:29","slug":"der-peyote","status":"publish","type":"page","link":"https:\/\/pierrick-dufray.eurosof.de\/fr\/der-peyote\/","title":{"rendered":"Le Peyotl"},"content":{"rendered":"\n<p>Le Peyotl, plante sacr\u00e9e des Tarahumaras, devient un symbole de qu\u00eate spirituelle et de r\u00e9bellion pour les avant-gardes litt\u00e9raires. Antonin Artaud, apr\u00e8s un voyage au Mexique en 1936, en fait l\u2019exp\u00e9rience comme moyen de retrouver une conscience primitive et une v\u00e9rit\u00e9 int\u00e9rieure, d\u00e9crivant ses visions dans <em>Voyage au pays des Tarahumaras<\/em>. Son r\u00e9cit, publi\u00e9 en anglais en 1948, influence profond\u00e9ment la Beat Generation, d\u00e9j\u00e0 fascin\u00e9e par le Mexique comme terre de mythes et d\u2019\u00e9chappatoire. Les Beats\u2014Burroughs, Ginsberg, Kerouac, Lamantia\u2014adoptent le Peyotl comme outil d\u2019exploration hallucinog\u00e8ne, cherchant \u00e0 reproduire les extases d\u2019Artaud et \u00e0 d\u00e9fier les normes sociales. Lamantia l\u2019introduit \u00e0 San Francisco, McClure et Burroughs en font une pratique quasi rituelle, tandis qu\u2019Huxley th\u00e9orise ses effets dans <em>Les Portes de la perception<\/em>. Le cactus, interdit par l\u2019\u00c9glise mais c\u00e9l\u00e9br\u00e9 par les po\u00e8tes, incarne le lien entre chamanisme am\u00e9rindien, surr\u00e9alisme et contre-culture, marquant une g\u00e9n\u00e9ration en qu\u00eate d\u2019absolu et de transgression.<\/p>\n\n\n\n<p><\/p>\n","protected":false},"excerpt":{"rendered":"<p>Le Peyotl, plante sacr\u00e9e des Tarahumaras, devient un symbole de qu\u00eate spirituelle et de r\u00e9bellion pour les avant-gardes litt\u00e9raires. Antonin Artaud, apr\u00e8s un voyage au Mexique en 1936, en fait l\u2019exp\u00e9rience comme moyen de retrouver une conscience primitive et une v\u00e9rit\u00e9 int\u00e9rieure, d\u00e9crivant ses visions dans Voyage au pays des Tarahumaras. Son r\u00e9cit, publi\u00e9 en &hellip; <\/p>\n<p class=\"link-more\"><a href=\"https:\/\/pierrick-dufray.eurosof.de\/fr\/der-peyote\/\" class=\"more-link\">Continuer la lecture<span class=\"screen-reader-text\"> de &laquo;&nbsp;Le Peyotl&nbsp;&raquo;<\/span><\/a><\/p>\n","protected":false},"author":1,"featured_media":0,"parent":0,"menu_order":0,"comment_status":"open","ping_status":"closed","template":"","meta":{"_monsterinsights_skip_tracking":false,"_monsterinsights_sitenote_active":false,"_monsterinsights_sitenote_note":"","_monsterinsights_sitenote_category":0,"footnotes":""},"class_list":["post-1293","page","type-page","status-publish","hentry"],"translation":{"provider":"WPGlobus","version":"3.0.2","language":"fr","enabled_languages":["de","fr","en"],"languages":{"de":{"title":true,"content":true,"excerpt":false},"fr":{"title":true,"content":true,"excerpt":false},"en":{"title":true,"content":true,"excerpt":false}}},"aioseo_notices":[],"_links":{"self":[{"href":"https:\/\/pierrick-dufray.eurosof.de\/fr\/wp-json\/wp\/v2\/pages\/1293","targetHints":{"allow":["GET"]}}],"collection":[{"href":"https:\/\/pierrick-dufray.eurosof.de\/fr\/wp-json\/wp\/v2\/pages"}],"about":[{"href":"https:\/\/pierrick-dufray.eurosof.de\/fr\/wp-json\/wp\/v2\/types\/page"}],"author":[{"embeddable":true,"href":"https:\/\/pierrick-dufray.eurosof.de\/fr\/wp-json\/wp\/v2\/users\/1"}],"replies":[{"embeddable":true,"href":"https:\/\/pierrick-dufray.eurosof.de\/fr\/wp-json\/wp\/v2\/comments?post=1293"}],"version-history":[{"count":4,"href":"https:\/\/pierrick-dufray.eurosof.de\/fr\/wp-json\/wp\/v2\/pages\/1293\/revisions"}],"predecessor-version":[{"id":1298,"href":"https:\/\/pierrick-dufray.eurosof.de\/fr\/wp-json\/wp\/v2\/pages\/1293\/revisions\/1298"}],"wp:attachment":[{"href":"https:\/\/pierrick-dufray.eurosof.de\/fr\/wp-json\/wp\/v2\/media?parent=1293"}],"curies":[{"name":"wp","href":"https:\/\/api.w.org\/{rel}","templated":true}]}}