{"id":1286,"date":"2026-03-08T12:22:33","date_gmt":"2026-03-08T12:22:33","guid":{"rendered":"https:\/\/pierrick-dufray.eurosof.de\/?page_id=1286"},"modified":"2026-03-08T12:25:33","modified_gmt":"2026-03-08T12:25:33","slug":"das-asyl","status":"publish","type":"page","link":"https:\/\/pierrick-dufray.eurosof.de\/fr\/das-asyl\/","title":{"rendered":"L&rsquo;Asile"},"content":{"rendered":"\n<p>En 1947, alors que son <em>Liberty Ship<\/em> fait escale dans le port de La Pallice \u00e0 La Rochelle, Carl Solomon d\u00e9serte et monte \u00e0 Paris o\u00f9 il est t\u00e9moin d\u2019une performance d\u2019Artaud lors d\u2019une exposition dans la Galerie Pierre. Deux ans plus tard, il rencontre Allen Ginsberg et Gerd Stern dans un h\u00f4pital psychiatrique new-yorkais. Ginsberg y est intern\u00e9 pour \u00e9viter la prison, Solomon apr\u00e8s une tentative avort\u00e9e de lobotomie inspir\u00e9e par sa fascination pour Antonin Artaud, et Stern pour \u00e9chapper \u00e0 la pr\u00e9carit\u00e9. Les trois hommes, unis par leur passion pour la litt\u00e9rature subversive (Dosto\u00efevski, Rimbaud, Artaud, les surr\u00e9alistes), y forment un trio complice. Solomon, obs\u00e9d\u00e9 par Artaud transmet son culte aux autres, tandis que Stern approvisionne le groupe en marijuana. Leurs \u00e9changes \u2013 lectures, imitations d\u2019Artaud, provocations \u2013 nourrissent la future \u0153uvre de Ginsberg, <em>Howl<\/em>, d\u00e9di\u00e9 \u00e0 Solomon. Lib\u00e9r\u00e9s, ils divergent : Solomon publie un r\u00e9cit sur son exp\u00e9rience (<em>Report from the Asylum<\/em>) et travaille dans l\u2019\u00e9dition, Ginsberg oscille entre tentative de normalit\u00e9 et immersion dans la contre-culture naissante, et Stern part voyager en Am\u00e9rique du Sud avant de rejoindre la sc\u00e8ne beatnik, tout en gardant ses distances avec Kerouac. Leur amiti\u00e9, n\u00e9e dans l\u2019asile, marque le d\u00e9but d\u2019une g\u00e9n\u00e9ration litt\u00e9raire qui fusionne folie, r\u00e9bellion et cr\u00e9ation.<\/p>\n","protected":false},"excerpt":{"rendered":"<p>En 1947, alors que son Liberty Ship fait escale dans le port de La Pallice \u00e0 La Rochelle, Carl Solomon d\u00e9serte et monte \u00e0 Paris o\u00f9 il est t\u00e9moin d\u2019une performance d\u2019Artaud lors d\u2019une exposition dans la Galerie Pierre. Deux ans plus tard, il rencontre Allen Ginsberg et Gerd Stern dans un h\u00f4pital psychiatrique new-yorkais. &hellip; <\/p>\n<p class=\"link-more\"><a href=\"https:\/\/pierrick-dufray.eurosof.de\/fr\/das-asyl\/\" class=\"more-link\">Continuer la lecture<span class=\"screen-reader-text\"> de &laquo;&nbsp;L&rsquo;Asile&nbsp;&raquo;<\/span><\/a><\/p>\n","protected":false},"author":1,"featured_media":0,"parent":0,"menu_order":0,"comment_status":"open","ping_status":"closed","template":"","meta":{"_monsterinsights_skip_tracking":false,"_monsterinsights_sitenote_active":false,"_monsterinsights_sitenote_note":"","_monsterinsights_sitenote_category":0,"footnotes":""},"class_list":["post-1286","page","type-page","status-publish","hentry"],"translation":{"provider":"WPGlobus","version":"3.0.2","language":"fr","enabled_languages":["de","fr","en"],"languages":{"de":{"title":true,"content":true,"excerpt":false},"fr":{"title":true,"content":true,"excerpt":false},"en":{"title":true,"content":true,"excerpt":false}}},"aioseo_notices":[],"_links":{"self":[{"href":"https:\/\/pierrick-dufray.eurosof.de\/fr\/wp-json\/wp\/v2\/pages\/1286","targetHints":{"allow":["GET"]}}],"collection":[{"href":"https:\/\/pierrick-dufray.eurosof.de\/fr\/wp-json\/wp\/v2\/pages"}],"about":[{"href":"https:\/\/pierrick-dufray.eurosof.de\/fr\/wp-json\/wp\/v2\/types\/page"}],"author":[{"embeddable":true,"href":"https:\/\/pierrick-dufray.eurosof.de\/fr\/wp-json\/wp\/v2\/users\/1"}],"replies":[{"embeddable":true,"href":"https:\/\/pierrick-dufray.eurosof.de\/fr\/wp-json\/wp\/v2\/comments?post=1286"}],"version-history":[{"count":3,"href":"https:\/\/pierrick-dufray.eurosof.de\/fr\/wp-json\/wp\/v2\/pages\/1286\/revisions"}],"predecessor-version":[{"id":1290,"href":"https:\/\/pierrick-dufray.eurosof.de\/fr\/wp-json\/wp\/v2\/pages\/1286\/revisions\/1290"}],"wp:attachment":[{"href":"https:\/\/pierrick-dufray.eurosof.de\/fr\/wp-json\/wp\/v2\/media?parent=1286"}],"curies":[{"name":"wp","href":"https:\/\/api.w.org\/{rel}","templated":true}]}}