{"id":112,"date":"2020-04-02T20:39:36","date_gmt":"2020-04-02T20:39:36","guid":{"rendered":"https:\/\/pierrick-dufray.eurosof.de\/?page_id=112"},"modified":"2026-02-28T15:41:40","modified_gmt":"2026-02-28T15:41:40","slug":"band-e-amir","status":"publish","type":"page","link":"https:\/\/pierrick-dufray.eurosof.de\/fr\/band-e-amir\/","title":{"rendered":"Band e-Amir"},"content":{"rendered":"\n<p class=\"has-text-align-center\"><a href=\"https:\/\/pierrick-dufray.eurosof.de\/fr\/bamiyan\/\" title=\"\">Bamiyan<\/a><\/p>\n\n\n\n<p class=\"has-text-align-center\">Une r\u00e9v\u00e9lation visuelle et spirituelle o\u00f9 la puret\u00e9 des lacs turquoise et la lumi\u00e8re \u00e9blouissante des falaises calcaires provoquent une extase silencieuse.<\/p>\n\n\n<div class=\"wp-block-image\">\n<figure class=\"aligncenter is-resized\" id=\"block-1376cffb-00b2-401f-9f17-3e81e364b52a\"><img decoding=\"async\" src=\"https:\/\/pierrick-dufray.eurosof.de\/wp-content\/uploads\/2020\/04\/BandIAmir.jpg\" alt=\"L\u2019attribut alt de cette image est vide, son nom de fichier est BandIAmir.jpg.\" style=\"aspect-ratio:1.1972643847321365;width:437px;height:auto\"\/><\/figure>\n<\/div>\n\n\n<p class=\"has-text-align-center\">Nous nous installons dans des cavernes naturelles entre deux lacs, vivant de p\u00eache improvis\u00e9e et de poissons achet\u00e9s \u00e0 un Afghan les p\u00eachant \u00e0 la dynamite.<\/p>\n\n\n<div class=\"wp-block-image\">\n<figure class=\"aligncenter is-resized\" id=\"block-df974516-1934-477c-8f17-d74f0a3d0ac7\"><img decoding=\"async\" src=\"https:\/\/pierrick-dufray.eurosof.de\/wp-content\/uploads\/2020\/04\/Band_e_amir_album_original-1024x749.jpg\" alt=\"L\u2019attribut alt de cette image est vide, son nom de fichier est Band_e_amir_album_original-1024x749.jpg.\" style=\"aspect-ratio:1.3671399594320486;width:436px;height:auto\"\/><figcaption class=\"wp-element-caption\">Nous dormons entre les deux lacs<\/figcaption><\/figure>\n<\/div>\n\n\n<p class=\"has-text-align-center\">Les journ\u00e9es, rythm\u00e9es par le soleil br\u00fblant et les nuits glaciales \u00e0 3 000 m\u00e8tres d\u2019altitude, deviennent une m\u00e9ditation enfum\u00e9e (chiloms, th\u00e9, et contemplation des \u00e9toiles), jusqu\u2019\u00e0 ce qu\u2019un vieil Afghan vienne rappeler la r\u00e9alit\u00e9 g\u00e9opolitique avec sa haine d\u2019Isra\u00ebl, symbolisant l\u2019intrusion de la folie humaine dans ce paradis apparent.<\/p>\n\n\n<div class=\"wp-block-image\">\n<figure class=\"aligncenter is-resized\" id=\"block-2a95cccc-000b-4040-b837-ad7f9461623a\"><img decoding=\"async\" src=\"https:\/\/pierrick-dufray.eurosof.de\/wp-content\/uploads\/2020\/04\/BandIamir_schlafplatz_unterdemsee.jpg\" alt=\"L\u2019attribut alt de cette image est vide, son nom de fichier est BandIamir_schlafplatz_unterdemsee.jpg.\" style=\"aspect-ratio:1.0861041268907063;width:446px;height:auto\"\/><figcaption class=\"wp-element-caption\">Dans une sorte de petite caverne. Un petit mur nous prot\u00e9ge du vent.<\/figcaption><\/figure>\n<\/div>\n\n\n<p class=\"has-text-align-center\">L\u2019idylle est interrompue par une crue soudaine, nous for\u00e7ant \u00e0 gagner une <em>chaikana<\/em> voisine.<\/p>\n\n\n<div class=\"wp-block-image\">\n<figure class=\"aligncenter is-resized\" id=\"block-2a1ebe94-2895-4031-82af-1661b6cd2d81\"><img decoding=\"async\" src=\"https:\/\/pierrick-dufray.eurosof.de\/wp-content\/uploads\/2020\/04\/BandIAmir_Moi_cropped-898x1024.jpg\" alt=\"L\u2019attribut alt de cette image est vide, son nom de fichier est BandIAmir_Moi_cropped-898x1024.jpg.\" style=\"aspect-ratio:0.8769571248732151;width:444px;height:auto\"\/><figcaption class=\"wp-element-caption\">Nous remontons.<\/figcaption><\/figure>\n<\/div>\n\n\n<p class=\"has-text-align-center\">Le trajet de retour vers Bamiyan et Kaboul offre une derni\u00e8re vision envo\u00fbtante : une caravane de nomades Kuchis, dont les femmes aux robes rouges et bijoux d\u2019argent dansent litt\u00e9ralement sur les pierres, incarnant une libert\u00e9 et une beaut\u00e9 sauvages en contraste absolu avec l\u2019oppression ambiante des femmes afghanes.<\/p>\n\n\n\n<p class=\"has-text-align-center\"><a href=\"https:\/\/pierrick-dufray.eurosof.de\/fr\/adieu-kabul\/\" title=\"\">Adieu Kaboul<\/a><\/p>\n\n\n\n<p><\/p>\n","protected":false},"excerpt":{"rendered":"<p>Bamiyan Une r\u00e9v\u00e9lation visuelle et spirituelle o\u00f9 la puret\u00e9 des lacs turquoise et la lumi\u00e8re \u00e9blouissante des falaises calcaires provoquent une extase silencieuse. Nous nous installons dans des cavernes naturelles entre deux lacs, vivant de p\u00eache improvis\u00e9e et de poissons achet\u00e9s \u00e0 un Afghan les p\u00eachant \u00e0 la dynamite. Les journ\u00e9es, rythm\u00e9es par le soleil &hellip; <\/p>\n<p class=\"link-more\"><a href=\"https:\/\/pierrick-dufray.eurosof.de\/fr\/band-e-amir\/\" class=\"more-link\">Continuer la lecture<span class=\"screen-reader-text\"> de &laquo;&nbsp;Band e-Amir&nbsp;&raquo;<\/span><\/a><\/p>\n","protected":false},"author":1,"featured_media":0,"parent":0,"menu_order":0,"comment_status":"open","ping_status":"closed","template":"","meta":{"_monsterinsights_skip_tracking":false,"_monsterinsights_sitenote_active":false,"_monsterinsights_sitenote_note":"","_monsterinsights_sitenote_category":0,"footnotes":""},"class_list":["post-112","page","type-page","status-publish","hentry"],"translation":{"provider":"WPGlobus","version":"3.0.2","language":"fr","enabled_languages":["de","fr","en"],"languages":{"de":{"title":true,"content":true,"excerpt":false},"fr":{"title":true,"content":true,"excerpt":false},"en":{"title":true,"content":true,"excerpt":false}}},"aioseo_notices":[],"_links":{"self":[{"href":"https:\/\/pierrick-dufray.eurosof.de\/fr\/wp-json\/wp\/v2\/pages\/112","targetHints":{"allow":["GET"]}}],"collection":[{"href":"https:\/\/pierrick-dufray.eurosof.de\/fr\/wp-json\/wp\/v2\/pages"}],"about":[{"href":"https:\/\/pierrick-dufray.eurosof.de\/fr\/wp-json\/wp\/v2\/types\/page"}],"author":[{"embeddable":true,"href":"https:\/\/pierrick-dufray.eurosof.de\/fr\/wp-json\/wp\/v2\/users\/1"}],"replies":[{"embeddable":true,"href":"https:\/\/pierrick-dufray.eurosof.de\/fr\/wp-json\/wp\/v2\/comments?post=112"}],"version-history":[{"count":21,"href":"https:\/\/pierrick-dufray.eurosof.de\/fr\/wp-json\/wp\/v2\/pages\/112\/revisions"}],"predecessor-version":[{"id":1212,"href":"https:\/\/pierrick-dufray.eurosof.de\/fr\/wp-json\/wp\/v2\/pages\/112\/revisions\/1212"}],"wp:attachment":[{"href":"https:\/\/pierrick-dufray.eurosof.de\/fr\/wp-json\/wp\/v2\/media?parent=112"}],"curies":[{"name":"wp","href":"https:\/\/api.w.org\/{rel}","templated":true}]}}