{"id":1107,"date":"2026-02-22T18:34:36","date_gmt":"2026-02-22T18:34:36","guid":{"rendered":"https:\/\/pierrick-dufray.eurosof.de\/?page_id=1107"},"modified":"2026-02-28T15:48:07","modified_gmt":"2026-02-28T15:48:07","slug":"swat","status":"publish","type":"page","link":"https:\/\/pierrick-dufray.eurosof.de\/fr\/swat\/","title":{"rendered":"La vall\u00e9e de swat"},"content":{"rendered":"\n<p class=\"has-text-align-center\"><a href=\"https:\/\/pierrick-dufray.eurosof.de\/fr\/adieu-kabul\/\" title=\"\">Adieu Kabul<\/a><\/p>\n\n\n\n<p class=\"has-text-align-center\">La vall\u00e8e de Swat <br>Un refuge montagneux, plus pachtoune que pakistanais. \u00c0 Bahre\u00efn, nous lib\u00e9rons le petit renard qui nous avait \u00e9t\u00e9 confi\u00e9 \u00e0 Kaboul.<\/p>\n\n\n<div class=\"wp-block-image\">\n<figure class=\"aligncenter size-large is-resized\"><img loading=\"lazy\" decoding=\"async\" width=\"1024\" height=\"682\" src=\"https:\/\/pierrick-dufray.eurosof.de\/wp-content\/uploads\/2021\/10\/Bahrain_Valley_Swat_KPK-1024x682.jpg\" alt=\"\" class=\"wp-image-383\" style=\"aspect-ratio:1.5014480043753873;width:574px;height:auto\" srcset=\"https:\/\/pierrick-dufray.eurosof.de\/wp-content\/uploads\/2021\/10\/Bahrain_Valley_Swat_KPK-1024x682.jpg 1024w, https:\/\/pierrick-dufray.eurosof.de\/wp-content\/uploads\/2021\/10\/Bahrain_Valley_Swat_KPK-300x200.jpg 300w, https:\/\/pierrick-dufray.eurosof.de\/wp-content\/uploads\/2021\/10\/Bahrain_Valley_Swat_KPK-768x512.jpg 768w, https:\/\/pierrick-dufray.eurosof.de\/wp-content\/uploads\/2021\/10\/Bahrain_Valley_Swat_KPK.jpg 1280w\" sizes=\"auto, (max-width: 767px) 89vw, (max-width: 1000px) 54vw, (max-width: 1071px) 543px, 580px\" \/><\/figure>\n<\/div>\n\n\n<p>avant de nous rendre dans des villages isol\u00e9s comme Kalam et Matiltan, o\u00f9 le temps semble s&rsquo;\u00eatre arr\u00eat\u00e9. \u00c0 Matiltan (2 300 m d&rsquo;altitude), ils louent une chambre simple pour un mois et vivent au rythme des t\u00e2ches quotidiennes (aller chercher de l&rsquo;eau, cuisiner du riz, fumer des chiloms), entre fascination pour le paysage alpin et d\u00e9lire fi\u00e9vreux caus\u00e9 par les parasites et la malnutrition.<\/p>\n\n\n<div class=\"wp-block-image\">\n<figure class=\"aligncenter size-full is-resized\"><img loading=\"lazy\" decoding=\"async\" width=\"1023\" height=\"516\" src=\"https:\/\/pierrick-dufray.eurosof.de\/wp-content\/uploads\/2026\/02\/Falakshair.png\" alt=\"\" class=\"wp-image-997\" style=\"aspect-ratio:1.9825472611020367;width:534px;height:auto\" srcset=\"https:\/\/pierrick-dufray.eurosof.de\/wp-content\/uploads\/2026\/02\/Falakshair.png 1023w, https:\/\/pierrick-dufray.eurosof.de\/wp-content\/uploads\/2026\/02\/Falakshair-300x151.png 300w, https:\/\/pierrick-dufray.eurosof.de\/wp-content\/uploads\/2026\/02\/Falakshair-768x387.png 768w\" sizes=\"auto, (max-width: 767px) 89vw, (max-width: 1000px) 54vw, (max-width: 1071px) 543px, 580px\" \/><\/figure>\n<\/div>\n\n\n<p>Les journ\u00e9es sont rythm\u00e9es par des observations minutieuses (mouches, femmes voil\u00e9es travaillant dans les champs) et des r\u00e9flexions m\u00e9taphysiques inspir\u00e9es par Henry Miller, entre qu\u00eate de \u00ab paix int\u00e9rieure \u00bb et hallucinations douloureuses. L&rsquo;arriv\u00e9e d&rsquo;autres voyageurs (Suisses, Am\u00e9ricains) marque le d\u00e9but d&rsquo;un tourisme naissant, per\u00e7u comme une menace pour ce \u00ab paradis perdu \u00bb.<\/p>\n\n\n\n<p>Le retour dans les plaines (Bahre\u00efn, Mingora) est un choc : chaleur \u00e9touffante, sadhus hindous de passage et incidents absurdes. Le chapitre se termine par une baignade insouciante dans une rivi\u00e8re boueuse, m\u00e9taphore de l&rsquo;innocence perdue, et le vol de leurs ch\u00e8ques de voyage par un junkie am\u00e9ricain.<\/p>\n\n\n\n<p>Le texte m\u00eale po\u00e9sie (citations de Miller et Thoreau) et ironie (cin\u00e9mas itin\u00e9rants de Bollywood, fanatisme religieux) et souligne l&rsquo;ambivalence entre \u00e9merveillement et d\u00e9sillusion, tout en pressentant la mont\u00e9e de l&rsquo;intol\u00e9rance islamique. Le chemin vers l&rsquo;Inde, d\u00e9sormais inaccessible, se transforme en errance sans but.<\/p>\n\n\n\n<p class=\"has-text-align-center\"><a href=\"https:\/\/pierrick-dufray.eurosof.de\/fr\/pakistan\/\" title=\"\">Pakistan<\/a><\/p>\n","protected":false},"excerpt":{"rendered":"<p>Adieu Kabul La vall\u00e8e de Swat Un refuge montagneux, plus pachtoune que pakistanais. \u00c0 Bahre\u00efn, nous lib\u00e9rons le petit renard qui nous avait \u00e9t\u00e9 confi\u00e9 \u00e0 Kaboul. avant de nous rendre dans des villages isol\u00e9s comme Kalam et Matiltan, o\u00f9 le temps semble s&rsquo;\u00eatre arr\u00eat\u00e9. \u00c0 Matiltan (2 300 m d&rsquo;altitude), ils louent une chambre &hellip; <\/p>\n<p class=\"link-more\"><a href=\"https:\/\/pierrick-dufray.eurosof.de\/fr\/swat\/\" class=\"more-link\">Continuer la lecture<span class=\"screen-reader-text\"> de &laquo;&nbsp;La vall\u00e9e de swat&nbsp;&raquo;<\/span><\/a><\/p>\n","protected":false},"author":1,"featured_media":0,"parent":0,"menu_order":0,"comment_status":"open","ping_status":"closed","template":"","meta":{"_monsterinsights_skip_tracking":false,"_monsterinsights_sitenote_active":false,"_monsterinsights_sitenote_note":"","_monsterinsights_sitenote_category":0,"footnotes":""},"class_list":["post-1107","page","type-page","status-publish","hentry"],"translation":{"provider":"WPGlobus","version":"3.0.2","language":"fr","enabled_languages":["de","fr","en"],"languages":{"de":{"title":true,"content":true,"excerpt":false},"fr":{"title":true,"content":true,"excerpt":false},"en":{"title":true,"content":true,"excerpt":false}}},"aioseo_notices":[],"_links":{"self":[{"href":"https:\/\/pierrick-dufray.eurosof.de\/fr\/wp-json\/wp\/v2\/pages\/1107","targetHints":{"allow":["GET"]}}],"collection":[{"href":"https:\/\/pierrick-dufray.eurosof.de\/fr\/wp-json\/wp\/v2\/pages"}],"about":[{"href":"https:\/\/pierrick-dufray.eurosof.de\/fr\/wp-json\/wp\/v2\/types\/page"}],"author":[{"embeddable":true,"href":"https:\/\/pierrick-dufray.eurosof.de\/fr\/wp-json\/wp\/v2\/users\/1"}],"replies":[{"embeddable":true,"href":"https:\/\/pierrick-dufray.eurosof.de\/fr\/wp-json\/wp\/v2\/comments?post=1107"}],"version-history":[{"count":11,"href":"https:\/\/pierrick-dufray.eurosof.de\/fr\/wp-json\/wp\/v2\/pages\/1107\/revisions"}],"predecessor-version":[{"id":1235,"href":"https:\/\/pierrick-dufray.eurosof.de\/fr\/wp-json\/wp\/v2\/pages\/1107\/revisions\/1235"}],"wp:attachment":[{"href":"https:\/\/pierrick-dufray.eurosof.de\/fr\/wp-json\/wp\/v2\/media?parent=1107"}],"curies":[{"name":"wp","href":"https:\/\/api.w.org\/{rel}","templated":true}]}}