{"id":1105,"date":"2026-02-22T18:33:41","date_gmt":"2026-02-22T18:33:41","guid":{"rendered":"https:\/\/pierrick-dufray.eurosof.de\/?page_id=1105"},"modified":"2026-02-28T15:39:18","modified_gmt":"2026-02-28T15:39:18","slug":"adieu-kabul","status":"publish","type":"page","link":"https:\/\/pierrick-dufray.eurosof.de\/fr\/adieu-kabul\/","title":{"rendered":"Adieu Kaboul"},"content":{"rendered":"\n<p class=\"has-text-align-center\"><a href=\"https:\/\/pierrick-dufray.eurosof.de\/fr\/band-e-amir\/\" title=\"\">Band-e Amir<\/a><\/p>\n\n\n\n<p>Juin 1972<br>Le d\u00e9part de l\u2019Afghanistan est marqu\u00e9 par des d\u00e9marches administratives kafka\u00efennes et une chaleur \u00e9touffante \u00e0 Kaboul. Apr\u00e8s un \u00e9chec \u00e0 obtenir un visa indien (refus\u00e9 au Fran\u00e7ais pour manque de fonds, accord\u00e9 au Suisse), nous d\u00e9cidons de nous rabattre sur le Pakistan et la vall\u00e9e mythique de Chitral.<\/p>\n\n\n\n<p>Un dernier acte en Afghanistan : exfiltrer clandestinement un renardeau achet\u00e9 par une Qu\u00e9b\u00e9coise, symbole d\u2019un romantisme d\u00e9sordonn\u00e9 dans un monde domin\u00e9 par la drogue et l\u2019oppression masculine. Le voyage vers Peshawar, sur le toit d\u2019un bus avec l\u2019animal attach\u00e9, \u00e9voque une parodie d\u2019exp\u00e9dition alexandrine \u00e0 travers le col du Khyber.<\/p>\n\n\n\n<figure class=\"wp-block-image size-large\"><img loading=\"lazy\" decoding=\"async\" width=\"1024\" height=\"743\" src=\"https:\/\/pierrick-dufray.eurosof.de\/wp-content\/uploads\/2021\/10\/khyber_pass-1024x743.jpg\" alt=\"\" class=\"wp-image-382\" srcset=\"https:\/\/pierrick-dufray.eurosof.de\/wp-content\/uploads\/2021\/10\/khyber_pass-1024x743.jpg 1024w, https:\/\/pierrick-dufray.eurosof.de\/wp-content\/uploads\/2021\/10\/khyber_pass-300x218.jpg 300w, https:\/\/pierrick-dufray.eurosof.de\/wp-content\/uploads\/2021\/10\/khyber_pass-768x557.jpg 768w, https:\/\/pierrick-dufray.eurosof.de\/wp-content\/uploads\/2021\/10\/khyber_pass-1536x1114.jpg 1536w, https:\/\/pierrick-dufray.eurosof.de\/wp-content\/uploads\/2021\/10\/khyber_pass.jpg 1687w\" sizes=\"auto, (max-width: 767px) 89vw, (max-width: 1000px) 54vw, (max-width: 1071px) 543px, 580px\" \/><\/figure>\n\n\n\n<p>Peshawar, ville frontali\u00e8re satur\u00e9e de junkies bloqu\u00e9s par la guerre indo-pakistanaise, offre un choc culturel : humidit\u00e9 tropicale, ruelles grouillantes sans femmes, et un h\u00f4tel sordide o\u00f9 le renard, de plus en plus agressif, force le groupe \u00e0 fuir. Hypocrisie des \u00e9tudiants locaux (manifestations pour le Vietnam plut\u00f4t que contre la mis\u00e8re pakistanaise) et corruption ambiante. <\/p>\n\n\n\n<figure class=\"wp-block-image size-large\"><img loading=\"lazy\" decoding=\"async\" width=\"1024\" height=\"499\" src=\"https:\/\/pierrick-dufray.eurosof.de\/wp-content\/uploads\/2026\/02\/peshawar1-1024x499.jpg\" alt=\"\" class=\"wp-image-999\" srcset=\"https:\/\/pierrick-dufray.eurosof.de\/wp-content\/uploads\/2026\/02\/peshawar1-1024x499.jpg 1024w, https:\/\/pierrick-dufray.eurosof.de\/wp-content\/uploads\/2026\/02\/peshawar1-300x146.jpg 300w, https:\/\/pierrick-dufray.eurosof.de\/wp-content\/uploads\/2026\/02\/peshawar1-768x374.jpg 768w, https:\/\/pierrick-dufray.eurosof.de\/wp-content\/uploads\/2026\/02\/peshawar1.jpg 1036w\" sizes=\"auto, (max-width: 767px) 89vw, (max-width: 1000px) 54vw, (max-width: 1071px) 543px, 580px\" \/><\/figure>\n\n\n\n<p>Le texte m\u00eale absurde (le renard comme passager clandestin), d\u00e9sillusion (l\u2019Asie \u00ab\u00a0telle qu\u2019on l\u2019attend\u00a0\u00bb, entre bordel et rats) et une pointe de nostalgie pour l\u2019Afghanistan, malgr\u00e9 ses exc\u00e8s. <\/p>\n\n\n\n<p>Le paradis n\u2019est plus une qu\u00eate, mais une r\u00e9signation \u00e0 l\u2019instant pr\u00e9sent. La route vers Mingora s\u2019annonce comme une nouvelle fuite en avant, entre folklore et survie.<\/p>\n\n\n\n<p class=\"has-text-align-center\"><a href=\"https:\/\/pierrick-dufray.eurosof.de\/fr\/swat\/\" title=\"\">Swat<\/a><\/p>\n","protected":false},"excerpt":{"rendered":"<p>Band-e Amir Juin 1972Le d\u00e9part de l\u2019Afghanistan est marqu\u00e9 par des d\u00e9marches administratives kafka\u00efennes et une chaleur \u00e9touffante \u00e0 Kaboul. Apr\u00e8s un \u00e9chec \u00e0 obtenir un visa indien (refus\u00e9 au Fran\u00e7ais pour manque de fonds, accord\u00e9 au Suisse), nous d\u00e9cidons de nous rabattre sur le Pakistan et la vall\u00e9e mythique de Chitral. Un dernier acte &hellip; <\/p>\n<p class=\"link-more\"><a href=\"https:\/\/pierrick-dufray.eurosof.de\/fr\/adieu-kabul\/\" class=\"more-link\">Continuer la lecture<span class=\"screen-reader-text\"> de &laquo;&nbsp;Adieu Kaboul&nbsp;&raquo;<\/span><\/a><\/p>\n","protected":false},"author":1,"featured_media":0,"parent":0,"menu_order":0,"comment_status":"open","ping_status":"closed","template":"","meta":{"_monsterinsights_skip_tracking":false,"_monsterinsights_sitenote_active":false,"_monsterinsights_sitenote_note":"","_monsterinsights_sitenote_category":0,"footnotes":""},"class_list":["post-1105","page","type-page","status-publish","hentry"],"translation":{"provider":"WPGlobus","version":"3.0.2","language":"fr","enabled_languages":["de","fr","en"],"languages":{"de":{"title":true,"content":true,"excerpt":false},"fr":{"title":true,"content":true,"excerpt":false},"en":{"title":true,"content":true,"excerpt":false}}},"aioseo_notices":[],"_links":{"self":[{"href":"https:\/\/pierrick-dufray.eurosof.de\/fr\/wp-json\/wp\/v2\/pages\/1105","targetHints":{"allow":["GET"]}}],"collection":[{"href":"https:\/\/pierrick-dufray.eurosof.de\/fr\/wp-json\/wp\/v2\/pages"}],"about":[{"href":"https:\/\/pierrick-dufray.eurosof.de\/fr\/wp-json\/wp\/v2\/types\/page"}],"author":[{"embeddable":true,"href":"https:\/\/pierrick-dufray.eurosof.de\/fr\/wp-json\/wp\/v2\/users\/1"}],"replies":[{"embeddable":true,"href":"https:\/\/pierrick-dufray.eurosof.de\/fr\/wp-json\/wp\/v2\/comments?post=1105"}],"version-history":[{"count":12,"href":"https:\/\/pierrick-dufray.eurosof.de\/fr\/wp-json\/wp\/v2\/pages\/1105\/revisions"}],"predecessor-version":[{"id":1214,"href":"https:\/\/pierrick-dufray.eurosof.de\/fr\/wp-json\/wp\/v2\/pages\/1105\/revisions\/1214"}],"wp:attachment":[{"href":"https:\/\/pierrick-dufray.eurosof.de\/fr\/wp-json\/wp\/v2\/media?parent=1105"}],"curies":[{"name":"wp","href":"https:\/\/api.w.org\/{rel}","templated":true}]}}