{"id":1021,"date":"2026-02-21T22:25:27","date_gmt":"2026-02-21T22:25:27","guid":{"rendered":"https:\/\/pierrick-dufray.eurosof.de\/?page_id=1021"},"modified":"2026-02-28T15:49:47","modified_gmt":"2026-02-28T15:49:47","slug":"retour","status":"publish","type":"page","link":"https:\/\/pierrick-dufray.eurosof.de\/fr\/retour\/","title":{"rendered":"Retour \u00e0 la case d\u00e9part"},"content":{"rendered":"\n<p class=\"has-text-align-center\"><a href=\"https:\/\/pierrick-dufray.eurosof.de\/fr\/balutschistan\/\" title=\"\">Baloutchistan<\/a><\/p>\n\n\n\n<p>Ce chapitre raconte le retour chaotique en Europe apr\u00e8s des mois d\u2019errance en Asie, un choc culturel brutal entre l\u2019anarchie des routes orientales et l\u2019ordre occidental. Le narrateur traverse l\u2019Iran en train, nostalgique des paysages afghans et \u00e9c\u0153ur\u00e9 par le consum\u00e9risme iranien, avant d\u2019embarquer sur le <em>Van G\u00f6l\u00fc Ekspresi<\/em>, un train-d\u00e9montable qui franchit le lac de Van en ferry. <\/p>\n\n\n\n<p>\u00c0 Istanbul, le <em>Pudding Shop<\/em>, autrefois lieu mythique des routards, lui semble d\u00e9sormais sordide, symbole d\u2019un voyage qui touche \u00e0 sa fin.<\/p>\n\n\n\n<p>De Munich \u00e0 Caen, chaque \u00e9tape est une d\u00e9sillusion : les flics allemands le chassent pour son apparence de \u00ab\u00a0hippie d\u00e9gueulasse\u00a0\u00bb, un black-out en gare le fait rater son arr\u00eat, et un contr\u00f4leur de la SNCF lui extorque ses derniers sous. <\/p>\n\n\n\n<p>Le retour en Normandie, malgr\u00e9 l\u2019accueil chaleureux de ses amis est marqu\u00e9 par un d\u00e9calage persistant \u2013 une partie de lui reste \u00ab\u00a0sur la T\u00eate de Bouddha\u00a0\u00bb. <\/p>\n\n\n\n<p>Le texte se cl\u00f4t sur une prise de conscience m\u00e9lancolique : le bonheur ne se trouve pas dans la fuite, mais dans l\u2019engagement ici et maintenant, en Europe, pour \u00ab\u00a0changer ce monde\u00a0\u00bb. <\/p>\n\n\n\n<p class=\"has-text-align-center\"><a href=\"https:\/\/pierrick-dufray.eurosof.de\/fr\/50-ans\/\" title=\"\">50 ans plus tard<\/a><\/p>\n","protected":false},"excerpt":{"rendered":"<p>Baloutchistan Ce chapitre raconte le retour chaotique en Europe apr\u00e8s des mois d\u2019errance en Asie, un choc culturel brutal entre l\u2019anarchie des routes orientales et l\u2019ordre occidental. Le narrateur traverse l\u2019Iran en train, nostalgique des paysages afghans et \u00e9c\u0153ur\u00e9 par le consum\u00e9risme iranien, avant d\u2019embarquer sur le Van G\u00f6l\u00fc Ekspresi, un train-d\u00e9montable qui franchit le &hellip; <\/p>\n<p class=\"link-more\"><a href=\"https:\/\/pierrick-dufray.eurosof.de\/fr\/retour\/\" class=\"more-link\">Continuer la lecture<span class=\"screen-reader-text\"> de &laquo;&nbsp;Retour \u00e0 la case d\u00e9part&nbsp;&raquo;<\/span><\/a><\/p>\n","protected":false},"author":1,"featured_media":0,"parent":0,"menu_order":0,"comment_status":"open","ping_status":"closed","template":"","meta":{"_monsterinsights_skip_tracking":false,"_monsterinsights_sitenote_active":false,"_monsterinsights_sitenote_note":"","_monsterinsights_sitenote_category":0,"footnotes":""},"class_list":["post-1021","page","type-page","status-publish","hentry"],"translation":{"provider":"WPGlobus","version":"3.0.2","language":"fr","enabled_languages":["de","fr","en"],"languages":{"de":{"title":true,"content":true,"excerpt":false},"fr":{"title":true,"content":true,"excerpt":false},"en":{"title":true,"content":true,"excerpt":false}}},"aioseo_notices":[],"_links":{"self":[{"href":"https:\/\/pierrick-dufray.eurosof.de\/fr\/wp-json\/wp\/v2\/pages\/1021","targetHints":{"allow":["GET"]}}],"collection":[{"href":"https:\/\/pierrick-dufray.eurosof.de\/fr\/wp-json\/wp\/v2\/pages"}],"about":[{"href":"https:\/\/pierrick-dufray.eurosof.de\/fr\/wp-json\/wp\/v2\/types\/page"}],"author":[{"embeddable":true,"href":"https:\/\/pierrick-dufray.eurosof.de\/fr\/wp-json\/wp\/v2\/users\/1"}],"replies":[{"embeddable":true,"href":"https:\/\/pierrick-dufray.eurosof.de\/fr\/wp-json\/wp\/v2\/comments?post=1021"}],"version-history":[{"count":11,"href":"https:\/\/pierrick-dufray.eurosof.de\/fr\/wp-json\/wp\/v2\/pages\/1021\/revisions"}],"predecessor-version":[{"id":1242,"href":"https:\/\/pierrick-dufray.eurosof.de\/fr\/wp-json\/wp\/v2\/pages\/1021\/revisions\/1242"}],"wp:attachment":[{"href":"https:\/\/pierrick-dufray.eurosof.de\/fr\/wp-json\/wp\/v2\/media?parent=1021"}],"curies":[{"name":"wp","href":"https:\/\/api.w.org\/{rel}","templated":true}]}}