{"id":1019,"date":"2026-02-21T22:24:47","date_gmt":"2026-02-21T22:24:47","guid":{"rendered":"https:\/\/pierrick-dufray.eurosof.de\/?page_id=1019"},"modified":"2026-02-28T15:42:03","modified_gmt":"2026-02-28T15:42:03","slug":"balutschistan","status":"publish","type":"page","link":"https:\/\/pierrick-dufray.eurosof.de\/fr\/balutschistan\/","title":{"rendered":"Baloutchistan"},"content":{"rendered":"\n<p class=\"has-text-align-center\"><a href=\"https:\/\/pierrick-dufray.eurosof.de\/fr\/pakistan\/\" title=\"\">Pakistan<\/a><\/p>\n\n\n\n<p>Le chapitre d\u00e9crit la travers\u00e9e du d\u00e9sert du Baloutchistan en ao\u00fbt 1972, un voyage en bus \u00e9prouvant o\u00f9 la chaleur, la soif et les tensions religieuses transforment chaque arr\u00eat en \u00e9preuve. Le narrateur, d\u00e9j\u00e0 affaibli par la fi\u00e8vre, d\u00e9fie les tabous locaux en buvant le premier \u00e0 un puits commun, d\u00e9clenchant l\u2019hostilit\u00e9 des passagers \u2013 avant d\u2019\u00eatre soutenu par des jeunes urbains progressistes, symbolisant le foss\u00e9 g\u00e9n\u00e9rationnel au Pakistan. Les arr\u00eats pour pri\u00e8res, les mirages, et une nuit glaciale sous la demi-lune ponctuent ce p\u00e9riple entre r\u00e9alisme magique (caravanes de contrebandiers, douanier ubuesque) et oppression politique.<\/p>\n\n\n\n<p>La fronti\u00e8re iranienne marque un choc : d\u2019un c\u00f4t\u00e9, le chaos organique du Baloutchistan (trafics, sables, nomades) ; de l\u2019autre, l\u2019ordre polic\u00e9 de l\u2019Iran du Shah, avec ses barbel\u00e9s, ses contr\u00f4les sanitaires et sa police secr\u00e8te (SAVAK) qui terrorise jusqu\u2019aux contrebandiers. Zahedan, avec ses prix doubl\u00e9s et son alcool vendu par des Sikhs, incarne une \u00ab\u00a0civilisation\u00a0\u00bb artificielle et raciste, o\u00f9 les Iraniens m\u00e9prisent les Pakistanais. Le texte m\u00eale observations ethnographiques (le gobelet partag\u00e9 comme enjeu identitaire) et r\u00e9flexions sur l\u2019absurdit\u00e9 des fronti\u00e8res, citant Louise Michel pour souligner l\u2019illusion des certitudes religieuses ou nationales. La bi\u00e8re finale, premier luxe depuis des semaines, sonne comme une ironie am\u00e8re : la \u00ab\u00a0modernit\u00e9\u00a0\u00bb iranienne n\u2019offre qu\u2019une libert\u00e9 surveill\u00e9e.<\/p>\n\n\n\n<p class=\"has-text-align-center\"><a href=\"https:\/\/pierrick-dufray.eurosof.de\/fr\/retour\/\" title=\"\">Retour \u00e0 la case D\u00e9part<\/a><\/p>\n","protected":false},"excerpt":{"rendered":"<p>Pakistan Le chapitre d\u00e9crit la travers\u00e9e du d\u00e9sert du Baloutchistan en ao\u00fbt 1972, un voyage en bus \u00e9prouvant o\u00f9 la chaleur, la soif et les tensions religieuses transforment chaque arr\u00eat en \u00e9preuve. Le narrateur, d\u00e9j\u00e0 affaibli par la fi\u00e8vre, d\u00e9fie les tabous locaux en buvant le premier \u00e0 un puits commun, d\u00e9clenchant l\u2019hostilit\u00e9 des passagers &hellip; <\/p>\n<p class=\"link-more\"><a href=\"https:\/\/pierrick-dufray.eurosof.de\/fr\/balutschistan\/\" class=\"more-link\">Continuer la lecture<span class=\"screen-reader-text\"> de &laquo;&nbsp;Baloutchistan&nbsp;&raquo;<\/span><\/a><\/p>\n","protected":false},"author":1,"featured_media":0,"parent":0,"menu_order":0,"comment_status":"open","ping_status":"closed","template":"","meta":{"_monsterinsights_skip_tracking":false,"_monsterinsights_sitenote_active":false,"_monsterinsights_sitenote_note":"","_monsterinsights_sitenote_category":0,"footnotes":""},"class_list":["post-1019","page","type-page","status-publish","hentry"],"translation":{"provider":"WPGlobus","version":"3.0.2","language":"fr","enabled_languages":["de","fr","en"],"languages":{"de":{"title":true,"content":true,"excerpt":false},"fr":{"title":true,"content":true,"excerpt":false},"en":{"title":true,"content":true,"excerpt":false}}},"aioseo_notices":[],"_links":{"self":[{"href":"https:\/\/pierrick-dufray.eurosof.de\/fr\/wp-json\/wp\/v2\/pages\/1019","targetHints":{"allow":["GET"]}}],"collection":[{"href":"https:\/\/pierrick-dufray.eurosof.de\/fr\/wp-json\/wp\/v2\/pages"}],"about":[{"href":"https:\/\/pierrick-dufray.eurosof.de\/fr\/wp-json\/wp\/v2\/types\/page"}],"author":[{"embeddable":true,"href":"https:\/\/pierrick-dufray.eurosof.de\/fr\/wp-json\/wp\/v2\/users\/1"}],"replies":[{"embeddable":true,"href":"https:\/\/pierrick-dufray.eurosof.de\/fr\/wp-json\/wp\/v2\/comments?post=1019"}],"version-history":[{"count":11,"href":"https:\/\/pierrick-dufray.eurosof.de\/fr\/wp-json\/wp\/v2\/pages\/1019\/revisions"}],"predecessor-version":[{"id":1239,"href":"https:\/\/pierrick-dufray.eurosof.de\/fr\/wp-json\/wp\/v2\/pages\/1019\/revisions\/1239"}],"wp:attachment":[{"href":"https:\/\/pierrick-dufray.eurosof.de\/fr\/wp-json\/wp\/v2\/media?parent=1019"}],"curies":[{"name":"wp","href":"https:\/\/api.w.org\/{rel}","templated":true}]}}